{"id":2230,"date":"2013-12-19T17:49:19","date_gmt":"2013-12-19T15:49:19","guid":{"rendered":"http:\/\/www.ramses.de\/?page_id=2230"},"modified":"2014-06-20T09:41:39","modified_gmt":"2014-06-20T07:41:39","slug":"fachbereich-soziaoes-auftragsverwaltung","status":"publish","type":"page","link":"https:\/\/www.ramses.de\/?page_id=2230","title":{"rendered":"Fachbereich Soziales &#8211; Auftragsverwaltung"},"content":{"rendered":"<h1>Die Verwaltung von Auftr\u00e4gen<\/h1>\n<p>Im Rahmen der st\u00e4dtischen G\u00e4rtnereien werden Blumen und andere Waren aus dem Bereich Garten- und Landschaftsbau innerhalb der Stadtverwaltung und der st\u00e4dtischen Betrieb vertrieben.<\/p>\n<ul>\n<li>Verwaltung von Artikeln und Artikelgruppen<\/li>\n<li>Daten der Kunden und deren Abteilungen \/ Ansprechpartner<\/li>\n<li>Rechnungsstellung und Lieferscheine<\/li>\n<li>\u00dcberwachung der Haushaltsstellen<\/li>\n<li>Statistiken und Auswertungen der Daten<\/li>\n<\/ul>\n<p>Ein klassisches Datenbank Problem, das wir hier l\u00f6sen durften.<\/p>\n<p><a href=\"https:\/\/www.ramses.de\/wp-content\/uploads\/Auftrag1.jpg\"><img loading=\"lazy\" decoding=\"async\" class=\"alignnone size-medium wp-image-2465\" src=\"https:\/\/www.ramses.de\/wp-content\/uploads\/Auftrag1-300x181.jpg\" alt=\"Auftrag1\" width=\"300\" height=\"181\" srcset=\"https:\/\/www.ramses.de\/wp-content\/uploads\/Auftrag1-300x181.jpg 300w, https:\/\/www.ramses.de\/wp-content\/uploads\/Auftrag1-1024x618.jpg 1024w, https:\/\/www.ramses.de\/wp-content\/uploads\/Auftrag1.jpg 1643w\" sizes=\"auto, (max-width: 300px) 100vw, 300px\" \/><\/a><\/p>\n<p><a href=\"https:\/\/www.ramses.de\/wp-content\/uploads\/Auftrag3.jpg\"><img loading=\"lazy\" decoding=\"async\" class=\"alignnone size-medium wp-image-2467\" src=\"https:\/\/www.ramses.de\/wp-content\/uploads\/Auftrag3-300x180.jpg\" alt=\"Auftrag3\" width=\"300\" height=\"180\" srcset=\"https:\/\/www.ramses.de\/wp-content\/uploads\/Auftrag3-300x180.jpg 300w, https:\/\/www.ramses.de\/wp-content\/uploads\/Auftrag3-1024x615.jpg 1024w, https:\/\/www.ramses.de\/wp-content\/uploads\/Auftrag3.jpg 1237w\" sizes=\"auto, (max-width: 300px) 100vw, 300px\" \/><\/a><\/p>\n<p><a href=\"https:\/\/www.ramses.de\/wp-content\/uploads\/Auftrag2.jpg\"><img loading=\"lazy\" decoding=\"async\" class=\"alignnone size-medium wp-image-2466\" src=\"https:\/\/www.ramses.de\/wp-content\/uploads\/Auftrag2-300x178.jpg\" alt=\"Auftrag2\" width=\"300\" height=\"178\" srcset=\"https:\/\/www.ramses.de\/wp-content\/uploads\/Auftrag2-300x178.jpg 300w, https:\/\/www.ramses.de\/wp-content\/uploads\/Auftrag2-1024x607.jpg 1024w, https:\/\/www.ramses.de\/wp-content\/uploads\/Auftrag2.jpg 1243w\" sizes=\"auto, (max-width: 300px) 100vw, 300px\" \/><\/a><\/p>\n<p><a href=\"https:\/\/www.ramses.de\/wp-content\/uploads\/Artikel4.jpg\"><img loading=\"lazy\" decoding=\"async\" class=\"alignnone size-medium wp-image-2468\" src=\"https:\/\/www.ramses.de\/wp-content\/uploads\/Artikel4-300x176.jpg\" alt=\"Artikel4\" width=\"300\" height=\"176\" srcset=\"https:\/\/www.ramses.de\/wp-content\/uploads\/Artikel4-300x176.jpg 300w, https:\/\/www.ramses.de\/wp-content\/uploads\/Artikel4-1024x602.jpg 1024w, https:\/\/www.ramses.de\/wp-content\/uploads\/Artikel4.jpg 1245w\" sizes=\"auto, (max-width: 300px) 100vw, 300px\" \/><\/a><\/p>\n","protected":false},"excerpt":{"rendered":"<p>Die Verwaltung von Auftr\u00e4gen Im Rahmen der st\u00e4dtischen G\u00e4rtnereien werden Blumen und andere Waren aus dem Bereich Garten- und Landschaftsbau innerhalb der Stadtverwaltung und der &#8230; <a title=\"Fachbereich Soziales &#8211; Auftragsverwaltung\" class=\"read-more\" href=\"https:\/\/www.ramses.de\/?page_id=2230\" aria-label=\"Mehr Informationen \u00fcber Fachbereich Soziales &#8211; Auftragsverwaltung\">Weiterlesen &#8230;<\/a><\/p>\n","protected":false},"author":1,"featured_media":2465,"parent":1667,"menu_order":0,"comment_status":"closed","ping_status":"closed","template":"template-full-width.php","meta":{"footnotes":""},"class_list":{"0":"post-2230","1":"page","2":"type-page","3":"status-publish","4":"has-post-thumbnail","6":"resize-featured-image"},"_links":{"self":[{"href":"https:\/\/www.ramses.de\/index.php?rest_route=\/wp\/v2\/pages\/2230","targetHints":{"allow":["GET"]}}],"collection":[{"href":"https:\/\/www.ramses.de\/index.php?rest_route=\/wp\/v2\/pages"}],"about":[{"href":"https:\/\/www.ramses.de\/index.php?rest_route=\/wp\/v2\/types\/page"}],"author":[{"embeddable":true,"href":"https:\/\/www.ramses.de\/index.php?rest_route=\/wp\/v2\/users\/1"}],"replies":[{"embeddable":true,"href":"https:\/\/www.ramses.de\/index.php?rest_route=%2Fwp%2Fv2%2Fcomments&post=2230"}],"version-history":[{"count":4,"href":"https:\/\/www.ramses.de\/index.php?rest_route=\/wp\/v2\/pages\/2230\/revisions"}],"predecessor-version":[{"id":2469,"href":"https:\/\/www.ramses.de\/index.php?rest_route=\/wp\/v2\/pages\/2230\/revisions\/2469"}],"up":[{"embeddable":true,"href":"https:\/\/www.ramses.de\/index.php?rest_route=\/wp\/v2\/pages\/1667"}],"wp:featuredmedia":[{"embeddable":true,"href":"https:\/\/www.ramses.de\/index.php?rest_route=\/wp\/v2\/media\/2465"}],"wp:attachment":[{"href":"https:\/\/www.ramses.de\/index.php?rest_route=%2Fwp%2Fv2%2Fmedia&parent=2230"}],"curies":[{"name":"wp","href":"https:\/\/api.w.org\/{rel}","templated":true}]}}