{"id":2235,"date":"2013-12-19T17:52:22","date_gmt":"2013-12-19T15:52:22","guid":{"rendered":"http:\/\/www.ramses.de\/?page_id=2235"},"modified":"2013-12-19T17:52:22","modified_gmt":"2013-12-19T15:52:22","slug":"fachbereich-soziales-magazin-bauhof","status":"publish","type":"page","link":"https:\/\/www.ramses.de\/?page_id=2235","title":{"rendered":"Fachbereich Soziales &#8211; Magazin Bauhof"},"content":{"rendered":"<h1>Die Verwaltung von Werkzeugen und Materialien<\/h1>\n<p>Im St\u00fctzpunkt H\u00f6lderlinstra\u00dfe laufen die Bauma\u00dfnahmen im Rahmen der Unterst\u00fctzung Langzeitarbeitsloser zusammen.<br \/>\nUm die Damen und Herren auf dem Weg in den Arbeitsmarkt zu unterst\u00fctzen, werden Sie in Qualifizierungsma\u00dfnahmen auf den Job vorbereitet.<\/p>\n<p>Um die ben\u00f6tigten Arbeitsmaterialien zu verwalten, haben wir eine Datenbank erstellt, die die Verbrauchsmaterialien und Maschinen verwaltet.<\/p>\n<ul>\n<li>Verwaltung von Artikeln und Artikelgruppen<\/li>\n<li>Materialausgabe und R\u00fcckgabe<\/li>\n<li>Projekte und Baustellenverwaltung<\/li>\n<li>\u00dcberwachung der Projektleiter<\/li>\n<li>Statistiken und Auswertungen der Daten<\/li>\n<\/ul>\n<p>Eine Lagerverwaltung ist nahezu das Paradebeispiel f\u00fcr eine relationale Datenbank.<\/p>\n","protected":false},"excerpt":{"rendered":"<p>Die Verwaltung von Werkzeugen und Materialien Im St\u00fctzpunkt H\u00f6lderlinstra\u00dfe laufen die Bauma\u00dfnahmen im Rahmen der Unterst\u00fctzung Langzeitarbeitsloser zusammen. Um die Damen und Herren auf dem &#8230; <a title=\"Fachbereich Soziales &#8211; Magazin Bauhof\" class=\"read-more\" href=\"https:\/\/www.ramses.de\/?page_id=2235\" aria-label=\"Mehr Informationen \u00fcber Fachbereich Soziales &#8211; Magazin Bauhof\">Weiterlesen &#8230;<\/a><\/p>\n","protected":false},"author":1,"featured_media":0,"parent":1667,"menu_order":0,"comment_status":"closed","ping_status":"closed","template":"template-full-width.php","meta":{"footnotes":""},"class_list":["post-2235","page","type-page","status-publish"],"_links":{"self":[{"href":"https:\/\/www.ramses.de\/index.php?rest_route=\/wp\/v2\/pages\/2235","targetHints":{"allow":["GET"]}}],"collection":[{"href":"https:\/\/www.ramses.de\/index.php?rest_route=\/wp\/v2\/pages"}],"about":[{"href":"https:\/\/www.ramses.de\/index.php?rest_route=\/wp\/v2\/types\/page"}],"author":[{"embeddable":true,"href":"https:\/\/www.ramses.de\/index.php?rest_route=\/wp\/v2\/users\/1"}],"replies":[{"embeddable":true,"href":"https:\/\/www.ramses.de\/index.php?rest_route=%2Fwp%2Fv2%2Fcomments&post=2235"}],"version-history":[{"count":1,"href":"https:\/\/www.ramses.de\/index.php?rest_route=\/wp\/v2\/pages\/2235\/revisions"}],"predecessor-version":[{"id":2236,"href":"https:\/\/www.ramses.de\/index.php?rest_route=\/wp\/v2\/pages\/2235\/revisions\/2236"}],"up":[{"embeddable":true,"href":"https:\/\/www.ramses.de\/index.php?rest_route=\/wp\/v2\/pages\/1667"}],"wp:attachment":[{"href":"https:\/\/www.ramses.de\/index.php?rest_route=%2Fwp%2Fv2%2Fmedia&parent=2235"}],"curies":[{"name":"wp","href":"https:\/\/api.w.org\/{rel}","templated":true}]}}