{"id":2238,"date":"2013-12-19T17:58:00","date_gmt":"2013-12-19T15:58:00","guid":{"rendered":"http:\/\/www.ramses.de\/?page_id=2238"},"modified":"2013-12-19T17:58:00","modified_gmt":"2013-12-19T15:58:00","slug":"fachbereich-soziales-befragung","status":"publish","type":"page","link":"https:\/\/www.ramses.de\/?page_id=2238","title":{"rendered":"Fachbereich Soziales &#8211; Befragung"},"content":{"rendered":"<h1>Die Befragung von Besuchern<\/h1>\n<p>Die Stadt Hannover befragt in regelm\u00e4\u00dfigen Abst\u00e4nden seine Kunden, um den Qualit\u00e4tsstandard halten zu k\u00f6nnen.<\/p>\n<ul>\n<li>Erfassung der Frageb\u00f6gen f\u00fcr die Wohngeldstelle<\/li>\n<li>Frageb\u00f6gen f\u00fcr die Mitarbeiter und die Terminsprechstunden<\/li>\n<li>\u00dcbersichten und Auswertungen derFrageb\u00f6gen<\/li>\n<li>Export der Auswertungen in das Excel<\/li>\n<li>Listen und Statistiken<\/li>\n<\/ul>\n<p>Diese Datenbank dient der Auswertung und Erfassung der Frageb\u00f6gen.<\/p>\n","protected":false},"excerpt":{"rendered":"<p>Die Befragung von Besuchern Die Stadt Hannover befragt in regelm\u00e4\u00dfigen Abst\u00e4nden seine Kunden, um den Qualit\u00e4tsstandard halten zu k\u00f6nnen. Erfassung der Frageb\u00f6gen f\u00fcr die Wohngeldstelle &#8230; <a title=\"Fachbereich Soziales &#8211; Befragung\" class=\"read-more\" href=\"https:\/\/www.ramses.de\/?page_id=2238\" aria-label=\"Mehr Informationen \u00fcber Fachbereich Soziales &#8211; Befragung\">Weiterlesen &#8230;<\/a><\/p>\n","protected":false},"author":1,"featured_media":0,"parent":1667,"menu_order":0,"comment_status":"closed","ping_status":"closed","template":"template-full-width.php","meta":{"footnotes":""},"class_list":["post-2238","page","type-page","status-publish"],"_links":{"self":[{"href":"https:\/\/www.ramses.de\/index.php?rest_route=\/wp\/v2\/pages\/2238","targetHints":{"allow":["GET"]}}],"collection":[{"href":"https:\/\/www.ramses.de\/index.php?rest_route=\/wp\/v2\/pages"}],"about":[{"href":"https:\/\/www.ramses.de\/index.php?rest_route=\/wp\/v2\/types\/page"}],"author":[{"embeddable":true,"href":"https:\/\/www.ramses.de\/index.php?rest_route=\/wp\/v2\/users\/1"}],"replies":[{"embeddable":true,"href":"https:\/\/www.ramses.de\/index.php?rest_route=%2Fwp%2Fv2%2Fcomments&post=2238"}],"version-history":[{"count":1,"href":"https:\/\/www.ramses.de\/index.php?rest_route=\/wp\/v2\/pages\/2238\/revisions"}],"predecessor-version":[{"id":2239,"href":"https:\/\/www.ramses.de\/index.php?rest_route=\/wp\/v2\/pages\/2238\/revisions\/2239"}],"up":[{"embeddable":true,"href":"https:\/\/www.ramses.de\/index.php?rest_route=\/wp\/v2\/pages\/1667"}],"wp:attachment":[{"href":"https:\/\/www.ramses.de\/index.php?rest_route=%2Fwp%2Fv2%2Fmedia&parent=2238"}],"curies":[{"name":"wp","href":"https:\/\/api.w.org\/{rel}","templated":true}]}}