{"id":2241,"date":"2013-12-19T18:04:05","date_gmt":"2013-12-19T16:04:05","guid":{"rendered":"http:\/\/www.ramses.de\/?page_id=2241"},"modified":"2013-12-19T18:04:05","modified_gmt":"2013-12-19T16:04:05","slug":"fachbereich-soziales-controlling","status":"publish","type":"page","link":"https:\/\/www.ramses.de\/?page_id=2241","title":{"rendered":"Fachbereich Soziales &#8211; Controlling"},"content":{"rendered":"<h1>Das Controlling<\/h1>\n<p>Im St\u00fctzpunkt H\u00f6lderlinstra\u00dfe laufen die Bauma\u00dfnahmen im Rahmen der Unterst\u00fctzung Langzeitarbeitsloser zusammen. Die in diesem Zusammenhang anfallenden Eingangs- und Ausgangsrechnungen werden mit dieser Datenbank verwaltet<\/p>\n<ul>\n<li>Verwaltung Rechnungen<\/li>\n<li>Firmen und Auftraggeber<\/li>\n<li>Projekte und Baustellenverwaltung<\/li>\n<li>\u00dcberwachung der Kosten<\/li>\n<li>Statistiken und Auswertungen der Daten<\/li>\n<\/ul>\n<p>Ein Standardanwendungsgebiet f\u00fcr Datenbanken wurde auch in diesem kleinen Projekt realisiert.<\/p>\n","protected":false},"excerpt":{"rendered":"<p>Das Controlling Im St\u00fctzpunkt H\u00f6lderlinstra\u00dfe laufen die Bauma\u00dfnahmen im Rahmen der Unterst\u00fctzung Langzeitarbeitsloser zusammen. Die in diesem Zusammenhang anfallenden Eingangs- und Ausgangsrechnungen werden mit dieser &#8230; <a title=\"Fachbereich Soziales &#8211; Controlling\" class=\"read-more\" href=\"https:\/\/www.ramses.de\/?page_id=2241\" aria-label=\"Mehr Informationen \u00fcber Fachbereich Soziales &#8211; Controlling\">Weiterlesen &#8230;<\/a><\/p>\n","protected":false},"author":1,"featured_media":0,"parent":1667,"menu_order":0,"comment_status":"closed","ping_status":"closed","template":"template-full-width.php","meta":{"footnotes":""},"class_list":["post-2241","page","type-page","status-publish"],"_links":{"self":[{"href":"https:\/\/www.ramses.de\/index.php?rest_route=\/wp\/v2\/pages\/2241","targetHints":{"allow":["GET"]}}],"collection":[{"href":"https:\/\/www.ramses.de\/index.php?rest_route=\/wp\/v2\/pages"}],"about":[{"href":"https:\/\/www.ramses.de\/index.php?rest_route=\/wp\/v2\/types\/page"}],"author":[{"embeddable":true,"href":"https:\/\/www.ramses.de\/index.php?rest_route=\/wp\/v2\/users\/1"}],"replies":[{"embeddable":true,"href":"https:\/\/www.ramses.de\/index.php?rest_route=%2Fwp%2Fv2%2Fcomments&post=2241"}],"version-history":[{"count":1,"href":"https:\/\/www.ramses.de\/index.php?rest_route=\/wp\/v2\/pages\/2241\/revisions"}],"predecessor-version":[{"id":2242,"href":"https:\/\/www.ramses.de\/index.php?rest_route=\/wp\/v2\/pages\/2241\/revisions\/2242"}],"up":[{"embeddable":true,"href":"https:\/\/www.ramses.de\/index.php?rest_route=\/wp\/v2\/pages\/1667"}],"wp:attachment":[{"href":"https:\/\/www.ramses.de\/index.php?rest_route=%2Fwp%2Fv2%2Fmedia&parent=2241"}],"curies":[{"name":"wp","href":"https:\/\/api.w.org\/{rel}","templated":true}]}}