{"id":2250,"date":"2013-12-19T18:34:12","date_gmt":"2013-12-19T16:34:12","guid":{"rendered":"http:\/\/www.ramses.de\/?page_id=2250"},"modified":"2013-12-19T18:34:12","modified_gmt":"2013-12-19T16:34:12","slug":"fachbereich-soziales-hilfe-zur-arbeit","status":"publish","type":"page","link":"https:\/\/www.ramses.de\/?page_id=2250","title":{"rendered":"Fachbereich Soziales &#8211; Hilfe zur Arbeit"},"content":{"rendered":"<h1>Die Hilfe zur Arbeit<\/h1>\n<p>Der Staat versucht nicht erst seit Harz IV die Langzeitsarbeitslosen wieder in den Arbeitsmarkt zu integrieren.Arbeitgeber bekamen auch in der Vergangenheit staatliche Zusch\u00fcsse, wenn Sie Sozialhilfeempf\u00e4nger einstellten. Dieses Programm dient der Verwaltung der Sozialhilfeempf\u00e4nger und der Zuweisung zu Arbeitsstellen im Rahmen des Gesetztes zur Hilfe zur Arbeit. Selbstverst\u00e4ndlich runden diverse Statistiken und Auswertungen das Gesamtbild des Datenbank Programms auch in diesem Fall ab.<\/p>\n<ul>\n<li>Verwaltung von Arbeitgeber inklusive der bereitgestellten Arbeitsstellen<\/li>\n<li>Pflege der Arbeitnehmer mit deren Qualifikationen sowie Vermittlungshemmnissen<\/li>\n<li>Zuweisung der Arbeitnehmer zu verschiedenen Arbeitsstellen<\/li>\n<li>Erstellung s\u00e4mtlicher im Verfahren notwendiger Bescheide<\/li>\n<li>\u00dcberwachung der Haushaltsstellen<\/li>\n<li>Statistiken und Auswertungen der Arbeitsverh\u00e4ltnisse.<\/li>\n<\/ul>\n","protected":false},"excerpt":{"rendered":"<p>Die Hilfe zur Arbeit Der Staat versucht nicht erst seit Harz IV die Langzeitsarbeitslosen wieder in den Arbeitsmarkt zu integrieren.Arbeitgeber bekamen auch in der Vergangenheit &#8230; <a title=\"Fachbereich Soziales &#8211; Hilfe zur Arbeit\" class=\"read-more\" href=\"https:\/\/www.ramses.de\/?page_id=2250\" aria-label=\"Mehr Informationen \u00fcber Fachbereich Soziales &#8211; Hilfe zur Arbeit\">Weiterlesen &#8230;<\/a><\/p>\n","protected":false},"author":1,"featured_media":0,"parent":1667,"menu_order":0,"comment_status":"closed","ping_status":"closed","template":"template-full-width.php","meta":{"footnotes":""},"class_list":["post-2250","page","type-page","status-publish"],"_links":{"self":[{"href":"https:\/\/www.ramses.de\/index.php?rest_route=\/wp\/v2\/pages\/2250","targetHints":{"allow":["GET"]}}],"collection":[{"href":"https:\/\/www.ramses.de\/index.php?rest_route=\/wp\/v2\/pages"}],"about":[{"href":"https:\/\/www.ramses.de\/index.php?rest_route=\/wp\/v2\/types\/page"}],"author":[{"embeddable":true,"href":"https:\/\/www.ramses.de\/index.php?rest_route=\/wp\/v2\/users\/1"}],"replies":[{"embeddable":true,"href":"https:\/\/www.ramses.de\/index.php?rest_route=%2Fwp%2Fv2%2Fcomments&post=2250"}],"version-history":[{"count":1,"href":"https:\/\/www.ramses.de\/index.php?rest_route=\/wp\/v2\/pages\/2250\/revisions"}],"predecessor-version":[{"id":2251,"href":"https:\/\/www.ramses.de\/index.php?rest_route=\/wp\/v2\/pages\/2250\/revisions\/2251"}],"up":[{"embeddable":true,"href":"https:\/\/www.ramses.de\/index.php?rest_route=\/wp\/v2\/pages\/1667"}],"wp:attachment":[{"href":"https:\/\/www.ramses.de\/index.php?rest_route=%2Fwp%2Fv2%2Fmedia&parent=2250"}],"curies":[{"name":"wp","href":"https:\/\/api.w.org\/{rel}","templated":true}]}}