{"id":2256,"date":"2013-12-19T18:49:18","date_gmt":"2013-12-19T16:49:18","guid":{"rendered":"http:\/\/www.ramses.de\/?page_id=2256"},"modified":"2013-12-19T18:49:30","modified_gmt":"2013-12-19T16:49:30","slug":"fachbereich-recht-und-ordnung-einziehungsdatenbank","status":"publish","type":"page","link":"https:\/\/www.ramses.de\/?page_id=2256","title":{"rendered":"Fachbereich Recht und Ordnung &#8211; Einziehungsdatenbank"},"content":{"rendered":"<h1>Die Einziehungsdatenbank<\/h1>\n<p>Im Rahmen der Enteignung alter Grundst\u00fcckseigent\u00fcmer in der DDR gab es das Verfahren der R\u00fcckrechnung und der Anrechnung von Verm\u00f6gensgegenst\u00e4nden. Diese kleine Datenbank dient der Verwaltung dieser Forderungen.<\/p>\n<ul>\n<li>Verwaltung von Personendaten der betroffenen Personen.<\/li>\n<li>Speicherung der R\u00fcckforderungsbetr\u00e4ge sowie der Beischeidinformationen<\/li>\n<li>Listen und \u00dcbersichten der Betroffenen<\/li>\n<li>Mahnverfahrenm Stundung und Ratenzahlung<\/li>\n<li>Statistiken und Auswertungen der Daten<\/li>\n<\/ul>\n<p>Diese Datenbank ist wieder einmal ein klassisches Beispiel f\u00fcr die Anwendungsbereiche einer Datenbank.<\/p>\n<p>&nbsp;<\/p>\n<p>&nbsp;<\/p>\n<p>&nbsp;<\/p>\n","protected":false},"excerpt":{"rendered":"<p>Die Einziehungsdatenbank Im Rahmen der Enteignung alter Grundst\u00fcckseigent\u00fcmer in der DDR gab es das Verfahren der R\u00fcckrechnung und der Anrechnung von Verm\u00f6gensgegenst\u00e4nden. Diese kleine Datenbank &#8230; <a title=\"Fachbereich Recht und Ordnung &#8211; Einziehungsdatenbank\" class=\"read-more\" href=\"https:\/\/www.ramses.de\/?page_id=2256\" aria-label=\"Mehr Informationen \u00fcber Fachbereich Recht und Ordnung &#8211; Einziehungsdatenbank\">Weiterlesen &#8230;<\/a><\/p>\n","protected":false},"author":1,"featured_media":0,"parent":2253,"menu_order":0,"comment_status":"closed","ping_status":"closed","template":"template-full-width.php","meta":{"footnotes":""},"class_list":["post-2256","page","type-page","status-publish"],"_links":{"self":[{"href":"https:\/\/www.ramses.de\/index.php?rest_route=\/wp\/v2\/pages\/2256","targetHints":{"allow":["GET"]}}],"collection":[{"href":"https:\/\/www.ramses.de\/index.php?rest_route=\/wp\/v2\/pages"}],"about":[{"href":"https:\/\/www.ramses.de\/index.php?rest_route=\/wp\/v2\/types\/page"}],"author":[{"embeddable":true,"href":"https:\/\/www.ramses.de\/index.php?rest_route=\/wp\/v2\/users\/1"}],"replies":[{"embeddable":true,"href":"https:\/\/www.ramses.de\/index.php?rest_route=%2Fwp%2Fv2%2Fcomments&post=2256"}],"version-history":[{"count":2,"href":"https:\/\/www.ramses.de\/index.php?rest_route=\/wp\/v2\/pages\/2256\/revisions"}],"predecessor-version":[{"id":2258,"href":"https:\/\/www.ramses.de\/index.php?rest_route=\/wp\/v2\/pages\/2256\/revisions\/2258"}],"up":[{"embeddable":true,"href":"https:\/\/www.ramses.de\/index.php?rest_route=\/wp\/v2\/pages\/2253"}],"wp:attachment":[{"href":"https:\/\/www.ramses.de\/index.php?rest_route=%2Fwp%2Fv2%2Fmedia&parent=2256"}],"curies":[{"name":"wp","href":"https:\/\/api.w.org\/{rel}","templated":true}]}}