{"id":2269,"date":"2014-01-24T08:03:06","date_gmt":"2014-01-24T06:03:06","guid":{"rendered":"http:\/\/www.ramses.de\/?page_id=2269"},"modified":"2014-01-24T08:03:06","modified_gmt":"2014-01-24T06:03:06","slug":"fachbereich-tiefbau-koordinierung","status":"publish","type":"page","link":"https:\/\/www.ramses.de\/?page_id=2269","title":{"rendered":"Fachbereich Tiefbau &#8211; Koordinierung"},"content":{"rendered":"<h1>Die Koordinierung von Bauma\u00dfnahmen<\/h1>\n<p><strong>Das Tiefbauamt Hannover <\/strong>Bei der Planung der Bauma\u00dfnahmen im Stra\u00dfen- und Wegenetz der Landeshauptstadt Hannover wird diese Datenbank eingesetzt. Im Rahmen der \u00dcberwachung der st\u00e4dtischen Stra\u00dfen und Wegenetze erfolgten t\u00e4glich Anfragen der Leitungstr\u00e4ger wie Telekom, Gas- und Stadtwerke an die Verwaltung der Landeshauptstadt Hannover.<\/p>\n<p>Die Koordinierung der Ma\u00dfnahmen in Zusammenarbeit mit den Leitungstr\u00e4gern erfolgt \u00fcber diese Datenbank. Ziel ist eine optimale Abstimmung der verschiedenen Bauma\u00dfnahmen. Es soll hierbei verhindert werden, das unn\u00f6tige Kosten und Verkehrsbelastungen an die B\u00fcrger herangetragen werden m\u00fcssen.<\/p>\n<ul>\n<li>Verwaltung von Fremdkoordination<\/li>\n<li>Eigenkoordination<\/li>\n<li>Bauma\u00dfnahmen sowie deren Genehmigungsverfahren<\/li>\n<li>Abarbeitung von innerbeh\u00f6rdlicher Kommunikation<\/li>\n<li>Erstellung des im Verfahren ben\u00f6tigten Schriftverkehrs<\/li>\n<li>Statistiken und Auswertungen der Daten.<\/li>\n<\/ul>\n<p>In Abstimmung mit den Bezirken wird in diesem System jede relevante Information \u00fcber die erfolgten Bauma\u00dfnahmen gespeichert. Damit ist eine zeitnahe Koordination der verschiedenen baulichen Ma\u00dfnahmen m\u00f6glich.<\/p>\n<p><a href=\"https:\/\/www.ramses.de\/wp-content\/uploads\/Tiefbau.jpg\"><img loading=\"lazy\" decoding=\"async\" class=\"alignnone size-medium wp-image-2270\" alt=\"Tiefbau\" src=\"https:\/\/www.ramses.de\/wp-content\/uploads\/Tiefbau-300x186.jpg\" width=\"300\" height=\"186\" srcset=\"https:\/\/www.ramses.de\/wp-content\/uploads\/Tiefbau-300x186.jpg 300w, https:\/\/www.ramses.de\/wp-content\/uploads\/Tiefbau-1024x634.jpg 1024w, https:\/\/www.ramses.de\/wp-content\/uploads\/Tiefbau.jpg 1466w\" sizes=\"auto, (max-width: 300px) 100vw, 300px\" \/><\/a><\/p>\n","protected":false},"excerpt":{"rendered":"<p>Die Koordinierung von Bauma\u00dfnahmen Das Tiefbauamt Hannover Bei der Planung der Bauma\u00dfnahmen im Stra\u00dfen- und Wegenetz der Landeshauptstadt Hannover wird diese Datenbank eingesetzt. Im Rahmen &#8230; <a title=\"Fachbereich Tiefbau &#8211; Koordinierung\" class=\"read-more\" href=\"https:\/\/www.ramses.de\/?page_id=2269\" aria-label=\"Mehr Informationen \u00fcber Fachbereich Tiefbau &#8211; Koordinierung\">Weiterlesen &#8230;<\/a><\/p>\n","protected":false},"author":1,"featured_media":2270,"parent":1644,"menu_order":0,"comment_status":"closed","ping_status":"closed","template":"template-full-width.php","meta":{"footnotes":""},"class_list":{"0":"post-2269","1":"page","2":"type-page","3":"status-publish","4":"has-post-thumbnail","6":"resize-featured-image"},"_links":{"self":[{"href":"https:\/\/www.ramses.de\/index.php?rest_route=\/wp\/v2\/pages\/2269","targetHints":{"allow":["GET"]}}],"collection":[{"href":"https:\/\/www.ramses.de\/index.php?rest_route=\/wp\/v2\/pages"}],"about":[{"href":"https:\/\/www.ramses.de\/index.php?rest_route=\/wp\/v2\/types\/page"}],"author":[{"embeddable":true,"href":"https:\/\/www.ramses.de\/index.php?rest_route=\/wp\/v2\/users\/1"}],"replies":[{"embeddable":true,"href":"https:\/\/www.ramses.de\/index.php?rest_route=%2Fwp%2Fv2%2Fcomments&post=2269"}],"version-history":[{"count":1,"href":"https:\/\/www.ramses.de\/index.php?rest_route=\/wp\/v2\/pages\/2269\/revisions"}],"predecessor-version":[{"id":2271,"href":"https:\/\/www.ramses.de\/index.php?rest_route=\/wp\/v2\/pages\/2269\/revisions\/2271"}],"up":[{"embeddable":true,"href":"https:\/\/www.ramses.de\/index.php?rest_route=\/wp\/v2\/pages\/1644"}],"wp:featuredmedia":[{"embeddable":true,"href":"https:\/\/www.ramses.de\/index.php?rest_route=\/wp\/v2\/media\/2270"}],"wp:attachment":[{"href":"https:\/\/www.ramses.de\/index.php?rest_route=%2Fwp%2Fv2%2Fmedia&parent=2269"}],"curies":[{"name":"wp","href":"https:\/\/api.w.org\/{rel}","templated":true}]}}