{"id":2274,"date":"2014-01-24T08:12:12","date_gmt":"2014-01-24T06:12:12","guid":{"rendered":"http:\/\/www.ramses.de\/?page_id=2274"},"modified":"2014-01-24T08:14:23","modified_gmt":"2014-01-24T06:14:23","slug":"fachbereich-wohnungswesen-wohngeldstatistik","status":"publish","type":"page","link":"https:\/\/www.ramses.de\/?page_id=2274","title":{"rendered":"Fachbereich Wohnungswesen &#8211; Wohngeldstatistik"},"content":{"rendered":"<p>Das Amt f\u00fcr Wohnungswesen Hannover J\u00e4hrlich werden in den \u00f6ffentlichen Kommunen Menschen bei der Bezahlung ihrer Wohnungen unterst\u00fctzt.<br \/>\nDiese Zahlungen im Rahmen des Wohngeldgesetzes werden regelm\u00e4\u00dfig analysiert, um eine Prognose der zuk\u00fcnftig zu erwartenden Belastung des kommunalen Finanztopfes zu erstellen.<\/p>\n<p>Nachdem die Zahlungen im Rahmen eines Gro\u00dfrechner Verfahrens ermittelt werden, wird \u00fcber unsere Datenbank die statistische Auswertung der Zahlungen erm\u00f6glicht.<\/p>\n<ul>\n<li>Erstellung von Vierteljahresberichten : Ablehnungs-, Aufhebungs-, Bewilligungsbescheide<\/li>\n<li>Analyse der sozialen Struktur der Haushalte<\/li>\n<li>Haushalte nach Haushaltsgr\u00f6\u00dfen<\/li>\n<li>Durchschnittliche Miete<\/li>\n<li>Auswirkungen des Wohngeldes<\/li>\n<li>Verteilung auf die Stadtteil<\/li>\n<li>Durchschnittliche Bearbeitungsdauer<\/li>\n<li>Statistiken und Auswertungen der Daten<\/li>\n<\/ul>\n<p>Informationen auf Knopfdruck, selten pa\u00dft eine Floskel so gut wie hier. Die \u00fcbersichtliche Zusammenfassung von komplexen Informationen zu aussagekr\u00e4ftigen Berichten ist hier Par Excellence gel\u00f6st worden.<\/p>\n<p><a href=\"https:\/\/www.ramses.de\/wp-content\/uploads\/WGELD1.jpg\"><img loading=\"lazy\" decoding=\"async\" class=\"alignnone size-medium wp-image-2275\" alt=\"WGELD1\" src=\"https:\/\/www.ramses.de\/wp-content\/uploads\/WGELD1-300x205.jpg\" width=\"300\" height=\"205\" srcset=\"https:\/\/www.ramses.de\/wp-content\/uploads\/WGELD1-300x205.jpg 300w, https:\/\/www.ramses.de\/wp-content\/uploads\/WGELD1-1024x702.jpg 1024w, https:\/\/www.ramses.de\/wp-content\/uploads\/WGELD1.jpg 1324w\" sizes=\"auto, (max-width: 300px) 100vw, 300px\" \/><\/a><\/p>\n","protected":false},"excerpt":{"rendered":"<p>Das Amt f\u00fcr Wohnungswesen Hannover J\u00e4hrlich werden in den \u00f6ffentlichen Kommunen Menschen bei der Bezahlung ihrer Wohnungen unterst\u00fctzt. Diese Zahlungen im Rahmen des Wohngeldgesetzes werden &#8230; <a title=\"Fachbereich Wohnungswesen &#8211; Wohngeldstatistik\" class=\"read-more\" href=\"https:\/\/www.ramses.de\/?page_id=2274\" aria-label=\"Mehr Informationen \u00fcber Fachbereich Wohnungswesen &#8211; Wohngeldstatistik\">Weiterlesen &#8230;<\/a><\/p>\n","protected":false},"author":1,"featured_media":2275,"parent":1166,"menu_order":0,"comment_status":"closed","ping_status":"closed","template":"template-full-width.php","meta":{"footnotes":""},"class_list":{"0":"post-2274","1":"page","2":"type-page","3":"status-publish","4":"has-post-thumbnail","6":"resize-featured-image"},"_links":{"self":[{"href":"https:\/\/www.ramses.de\/index.php?rest_route=\/wp\/v2\/pages\/2274","targetHints":{"allow":["GET"]}}],"collection":[{"href":"https:\/\/www.ramses.de\/index.php?rest_route=\/wp\/v2\/pages"}],"about":[{"href":"https:\/\/www.ramses.de\/index.php?rest_route=\/wp\/v2\/types\/page"}],"author":[{"embeddable":true,"href":"https:\/\/www.ramses.de\/index.php?rest_route=\/wp\/v2\/users\/1"}],"replies":[{"embeddable":true,"href":"https:\/\/www.ramses.de\/index.php?rest_route=%2Fwp%2Fv2%2Fcomments&post=2274"}],"version-history":[{"count":1,"href":"https:\/\/www.ramses.de\/index.php?rest_route=\/wp\/v2\/pages\/2274\/revisions"}],"predecessor-version":[{"id":2276,"href":"https:\/\/www.ramses.de\/index.php?rest_route=\/wp\/v2\/pages\/2274\/revisions\/2276"}],"up":[{"embeddable":true,"href":"https:\/\/www.ramses.de\/index.php?rest_route=\/wp\/v2\/pages\/1166"}],"wp:featuredmedia":[{"embeddable":true,"href":"https:\/\/www.ramses.de\/index.php?rest_route=\/wp\/v2\/media\/2275"}],"wp:attachment":[{"href":"https:\/\/www.ramses.de\/index.php?rest_route=%2Fwp%2Fv2%2Fmedia&parent=2274"}],"curies":[{"name":"wp","href":"https:\/\/api.w.org\/{rel}","templated":true}]}}