{"id":2285,"date":"2014-01-24T08:36:45","date_gmt":"2014-01-24T06:36:45","guid":{"rendered":"http:\/\/www.ramses.de\/?page_id=2285"},"modified":"2014-01-24T08:36:45","modified_gmt":"2014-01-24T06:36:45","slug":"staatstheater-hannover-stellenplan","status":"publish","type":"page","link":"https:\/\/www.ramses.de\/?page_id=2285","title":{"rendered":"Staatstheater Hannover &#8211; Stellenplan"},"content":{"rendered":"<div>\n<h1>Der Stellenplan<\/h1>\n<\/div>\n<p>Das Staatstheater Hannover Die Stellenpl\u00e4ne der Nieders\u00e4chsische Staatstheater werden \u00fcber dieses Programm abgewickelt.<br \/>\nIm Rahmen des Programms werden die diversen H\u00e4user des Theaters mit den Stellen verwaltet.<br \/>\nNeben dem Stellenwert der einzelnen Stellen werden auch die Angestellten und K\u00fcnstler des Hauses in diesem Programm verwaltet.<br \/>\nDie Besetzung der Stellen durch die Personen ist Ziel und Aufgabe dieses Programm.<\/p>\n<p>Einer der entscheidenden Programmpunkte ist das Berichtswesen. Der Druck der Stellenpl\u00e4ne mit und ohne Lohnkosten erm\u00f6glicht eine Reporting an die Gesch\u00e4ftsf\u00fchrung.<br \/>\nEine Selektion nach verschiedensten Informationen ist dabei selbstverst\u00e4ndlicher Bestandteil der Datenbank.<\/p>\n<ul>\n<li>Verwaltung von Stellen<\/li>\n<li>Pflege der Mitarbeiter \/ Innen<\/li>\n<li>Erstellung von Stellenpl\u00e4nen und \u00dcbersichten<\/li>\n<li>Durchf\u00fchrung von Lohnerh\u00f6hungen<\/li>\n<li>Was w\u00e4re Wenn Berechnungen<\/li>\n<li>Statistiken und Auswertungen der Daten<\/li>\n<\/ul>\n<p>Neben dem reinen Berichtswesen ist eine Was-W\u00e4re-Wenn Analyse im System integriert. Zum einen k\u00f6nnen selbstverst\u00e4ndlich Lohngruppen orientierte Lohnerh\u00f6hungen im System durchgef\u00fchrt werden.<br \/>\nDie Was-W\u00e4re-Wenn Analyse erstellt nun Szenarien zur Beantwortung der Frage : Welche Kosten kommen auf das Theater zu, wenn die Tarifverhandlung einen erh\u00f6hten Lohn vereinbaren.<br \/>\nSomit sind die finanziellen Mehrbelastungen des Theaters im Vorfeld zu diagnostizieren.<\/p>\n<p><a href=\"https:\/\/www.ramses.de\/wp-content\/uploads\/Stellenplan.jpg\"><img loading=\"lazy\" decoding=\"async\" class=\"alignnone size-medium wp-image-2286\" alt=\"Stellenplan\" src=\"https:\/\/www.ramses.de\/wp-content\/uploads\/Stellenplan-300x214.jpg\" width=\"300\" height=\"214\" srcset=\"https:\/\/www.ramses.de\/wp-content\/uploads\/Stellenplan-300x214.jpg 300w, https:\/\/www.ramses.de\/wp-content\/uploads\/Stellenplan-1024x732.jpg 1024w, https:\/\/www.ramses.de\/wp-content\/uploads\/Stellenplan-270x194.jpg 270w, https:\/\/www.ramses.de\/wp-content\/uploads\/Stellenplan.jpg 1310w\" sizes=\"auto, (max-width: 300px) 100vw, 300px\" \/><\/a><\/p>\n","protected":false},"excerpt":{"rendered":"<p>Der Stellenplan Das Staatstheater Hannover Die Stellenpl\u00e4ne der Nieders\u00e4chsische Staatstheater werden \u00fcber dieses Programm abgewickelt. Im Rahmen des Programms werden die diversen H\u00e4user des Theaters &#8230; <a title=\"Staatstheater Hannover &#8211; Stellenplan\" class=\"read-more\" href=\"https:\/\/www.ramses.de\/?page_id=2285\" aria-label=\"Mehr Informationen \u00fcber Staatstheater Hannover &#8211; Stellenplan\">Weiterlesen &#8230;<\/a><\/p>\n","protected":false},"author":1,"featured_media":2286,"parent":1221,"menu_order":0,"comment_status":"closed","ping_status":"closed","template":"template-full-width.php","meta":{"footnotes":""},"class_list":{"0":"post-2285","1":"page","2":"type-page","3":"status-publish","4":"has-post-thumbnail","6":"resize-featured-image"},"_links":{"self":[{"href":"https:\/\/www.ramses.de\/index.php?rest_route=\/wp\/v2\/pages\/2285","targetHints":{"allow":["GET"]}}],"collection":[{"href":"https:\/\/www.ramses.de\/index.php?rest_route=\/wp\/v2\/pages"}],"about":[{"href":"https:\/\/www.ramses.de\/index.php?rest_route=\/wp\/v2\/types\/page"}],"author":[{"embeddable":true,"href":"https:\/\/www.ramses.de\/index.php?rest_route=\/wp\/v2\/users\/1"}],"replies":[{"embeddable":true,"href":"https:\/\/www.ramses.de\/index.php?rest_route=%2Fwp%2Fv2%2Fcomments&post=2285"}],"version-history":[{"count":1,"href":"https:\/\/www.ramses.de\/index.php?rest_route=\/wp\/v2\/pages\/2285\/revisions"}],"predecessor-version":[{"id":2287,"href":"https:\/\/www.ramses.de\/index.php?rest_route=\/wp\/v2\/pages\/2285\/revisions\/2287"}],"up":[{"embeddable":true,"href":"https:\/\/www.ramses.de\/index.php?rest_route=\/wp\/v2\/pages\/1221"}],"wp:featuredmedia":[{"embeddable":true,"href":"https:\/\/www.ramses.de\/index.php?rest_route=\/wp\/v2\/media\/2286"}],"wp:attachment":[{"href":"https:\/\/www.ramses.de\/index.php?rest_route=%2Fwp%2Fv2%2Fmedia&parent=2285"}],"curies":[{"name":"wp","href":"https:\/\/api.w.org\/{rel}","templated":true}]}}