{"id":2305,"date":"2014-02-01T19:33:23","date_gmt":"2014-02-01T17:33:23","guid":{"rendered":"http:\/\/www.ramses.de\/?page_id=2305"},"modified":"2014-02-01T19:33:23","modified_gmt":"2014-02-01T17:33:23","slug":"region-hannover-bettenstatistik-der-region-hannover","status":"publish","type":"page","link":"https:\/\/www.ramses.de\/?page_id=2305","title":{"rendered":"Region Hannover &#8211; Bettenstatistik der Region Hannover"},"content":{"rendered":"<h1>Die Belegung der Krankenh\u00e4user in der Region Hannover<\/h1>\n<p>In der Region Hannover befinden sich eine Vielzahl von Krankenh\u00e4user. Die Krankenh\u00e4user melden sich zentral in der Regionsleitstelle um mitzuteilen, ob eine Abteilung aufnahmef\u00e4hig ist oder nicht. Der Einsatzleitrechner der Regionsleitstelle der Berufsfeuerwehr Hannover verwaltet diese Meldungen der verschiedenen Stationen.<\/p>\n<p>Um in der Diskussion mit den Krankenh\u00e4user Fakten liefern zu k\u00f6nnen, wertet diese Datenbank die Tausenden Meldungen aus und bildet anschauliche Statistiken und Schaubilder.<\/p>\n<ul>\n<li>Auswertungen einzelner Krankenh\u00e4user<\/li>\n<li>Fachbereichsbezogene Statistiken<\/li>\n<li>Ausf\u00fchrliche Statistiken und Listen<\/li>\n<li>PDF Erzeugung<\/li>\n<li>Excel Exporte<\/li>\n<\/ul>\n<p>Anhand dieser Auswertungen kann z.B. ermittelt werden, ob Betten in einem Fachbereich zur Verf\u00fcgung stehen.<\/p>\n<p><a href=\"https:\/\/www.ramses.de\/wp-content\/uploads\/betten1.jpg\"><img loading=\"lazy\" decoding=\"async\" class=\"alignnone size-medium wp-image-2306\" alt=\"betten1\" src=\"https:\/\/www.ramses.de\/wp-content\/uploads\/betten1-300x216.jpg\" width=\"300\" height=\"216\" srcset=\"https:\/\/www.ramses.de\/wp-content\/uploads\/betten1-300x216.jpg 300w, https:\/\/www.ramses.de\/wp-content\/uploads\/betten1-1024x739.jpg 1024w, https:\/\/www.ramses.de\/wp-content\/uploads\/betten1-270x194.jpg 270w, https:\/\/www.ramses.de\/wp-content\/uploads\/betten1.jpg 1174w\" sizes=\"auto, (max-width: 300px) 100vw, 300px\" \/><\/a><\/p>\n<p><a href=\"https:\/\/www.ramses.de\/wp-content\/uploads\/betten2.jpg\"><img loading=\"lazy\" decoding=\"async\" class=\"alignnone size-medium wp-image-2307\" alt=\"betten2\" src=\"https:\/\/www.ramses.de\/wp-content\/uploads\/betten2-300x216.jpg\" width=\"300\" height=\"216\" srcset=\"https:\/\/www.ramses.de\/wp-content\/uploads\/betten2-300x216.jpg 300w, https:\/\/www.ramses.de\/wp-content\/uploads\/betten2-1024x739.jpg 1024w, https:\/\/www.ramses.de\/wp-content\/uploads\/betten2-270x194.jpg 270w, https:\/\/www.ramses.de\/wp-content\/uploads\/betten2.jpg 1174w\" sizes=\"auto, (max-width: 300px) 100vw, 300px\" \/><\/a><\/p>\n<p><a href=\"https:\/\/www.ramses.de\/wp-content\/uploads\/betten3.jpg\"><img loading=\"lazy\" decoding=\"async\" class=\"alignnone size-medium wp-image-2308\" alt=\"betten3\" src=\"https:\/\/www.ramses.de\/wp-content\/uploads\/betten3-300x216.jpg\" width=\"300\" height=\"216\" srcset=\"https:\/\/www.ramses.de\/wp-content\/uploads\/betten3-300x216.jpg 300w, https:\/\/www.ramses.de\/wp-content\/uploads\/betten3-1024x739.jpg 1024w, https:\/\/www.ramses.de\/wp-content\/uploads\/betten3-270x194.jpg 270w, https:\/\/www.ramses.de\/wp-content\/uploads\/betten3.jpg 1174w\" sizes=\"auto, (max-width: 300px) 100vw, 300px\" \/><\/a><\/p>\n<p><a href=\"https:\/\/www.ramses.de\/wp-content\/uploads\/betten4.jpg\"><img loading=\"lazy\" decoding=\"async\" class=\"alignnone size-medium wp-image-2309\" alt=\"betten4\" src=\"https:\/\/www.ramses.de\/wp-content\/uploads\/betten4-300x216.jpg\" width=\"300\" height=\"216\" srcset=\"https:\/\/www.ramses.de\/wp-content\/uploads\/betten4-300x216.jpg 300w, https:\/\/www.ramses.de\/wp-content\/uploads\/betten4-1024x739.jpg 1024w, https:\/\/www.ramses.de\/wp-content\/uploads\/betten4-270x194.jpg 270w, https:\/\/www.ramses.de\/wp-content\/uploads\/betten4.jpg 1174w\" sizes=\"auto, (max-width: 300px) 100vw, 300px\" \/><\/a><\/p>\n<p><a href=\"https:\/\/www.ramses.de\/wp-content\/uploads\/betten5.jpg\"><img loading=\"lazy\" decoding=\"async\" class=\"alignnone size-medium wp-image-2310\" alt=\"betten5\" src=\"https:\/\/www.ramses.de\/wp-content\/uploads\/betten5-300x216.jpg\" width=\"300\" height=\"216\" srcset=\"https:\/\/www.ramses.de\/wp-content\/uploads\/betten5-300x216.jpg 300w, https:\/\/www.ramses.de\/wp-content\/uploads\/betten5-1024x739.jpg 1024w, https:\/\/www.ramses.de\/wp-content\/uploads\/betten5-270x194.jpg 270w, https:\/\/www.ramses.de\/wp-content\/uploads\/betten5.jpg 1174w\" sizes=\"auto, (max-width: 300px) 100vw, 300px\" \/><\/a><\/p>\n<p><a href=\"https:\/\/www.ramses.de\/wp-content\/uploads\/betten6.jpg\"><img loading=\"lazy\" decoding=\"async\" class=\"alignnone size-medium wp-image-2311\" alt=\"betten6\" src=\"https:\/\/www.ramses.de\/wp-content\/uploads\/betten6-300x216.jpg\" width=\"300\" height=\"216\" srcset=\"https:\/\/www.ramses.de\/wp-content\/uploads\/betten6-300x216.jpg 300w, https:\/\/www.ramses.de\/wp-content\/uploads\/betten6-1024x739.jpg 1024w, https:\/\/www.ramses.de\/wp-content\/uploads\/betten6-270x194.jpg 270w, https:\/\/www.ramses.de\/wp-content\/uploads\/betten6.jpg 1174w\" sizes=\"auto, (max-width: 300px) 100vw, 300px\" \/><\/a><\/p>\n","protected":false},"excerpt":{"rendered":"<p>Die Belegung der Krankenh\u00e4user in der Region Hannover In der Region Hannover befinden sich eine Vielzahl von Krankenh\u00e4user. Die Krankenh\u00e4user melden sich zentral in der &#8230; <a title=\"Region Hannover &#8211; Bettenstatistik der Region Hannover\" class=\"read-more\" href=\"https:\/\/www.ramses.de\/?page_id=2305\" aria-label=\"Mehr Informationen \u00fcber Region Hannover &#8211; Bettenstatistik der Region Hannover\">Weiterlesen &#8230;<\/a><\/p>\n","protected":false},"author":1,"featured_media":2291,"parent":1644,"menu_order":0,"comment_status":"closed","ping_status":"closed","template":"template-full-width.php","meta":{"footnotes":""},"class_list":{"0":"post-2305","1":"page","2":"type-page","3":"status-publish","4":"has-post-thumbnail","6":"resize-featured-image"},"_links":{"self":[{"href":"https:\/\/www.ramses.de\/index.php?rest_route=\/wp\/v2\/pages\/2305","targetHints":{"allow":["GET"]}}],"collection":[{"href":"https:\/\/www.ramses.de\/index.php?rest_route=\/wp\/v2\/pages"}],"about":[{"href":"https:\/\/www.ramses.de\/index.php?rest_route=\/wp\/v2\/types\/page"}],"author":[{"embeddable":true,"href":"https:\/\/www.ramses.de\/index.php?rest_route=\/wp\/v2\/users\/1"}],"replies":[{"embeddable":true,"href":"https:\/\/www.ramses.de\/index.php?rest_route=%2Fwp%2Fv2%2Fcomments&post=2305"}],"version-history":[{"count":1,"href":"https:\/\/www.ramses.de\/index.php?rest_route=\/wp\/v2\/pages\/2305\/revisions"}],"predecessor-version":[{"id":2312,"href":"https:\/\/www.ramses.de\/index.php?rest_route=\/wp\/v2\/pages\/2305\/revisions\/2312"}],"up":[{"embeddable":true,"href":"https:\/\/www.ramses.de\/index.php?rest_route=\/wp\/v2\/pages\/1644"}],"wp:featuredmedia":[{"embeddable":true,"href":"https:\/\/www.ramses.de\/index.php?rest_route=\/wp\/v2\/media\/2291"}],"wp:attachment":[{"href":"https:\/\/www.ramses.de\/index.php?rest_route=%2Fwp%2Fv2%2Fmedia&parent=2305"}],"curies":[{"name":"wp","href":"https:\/\/api.w.org\/{rel}","templated":true}]}}