{"id":2320,"date":"2014-02-01T19:43:22","date_gmt":"2014-02-01T17:43:22","guid":{"rendered":"http:\/\/www.ramses.de\/?page_id=2320"},"modified":"2014-02-01T19:43:22","modified_gmt":"2014-02-01T17:43:22","slug":"region-hannover-einsatzstatistik","status":"publish","type":"page","link":"https:\/\/www.ramses.de\/?page_id=2320","title":{"rendered":"Region Hannover &#8211; Einsatzstatistik"},"content":{"rendered":"<h1>Die Statistik in der Region Hannover<\/h1>\n<p>Der Einsatzleitrechner der Regionsleitstelle der Berufsfeuerwehr Hannover zeichnet alle Eins\u00e4tze im Bereich der Brand und Hilfeleistung sekundengenau auf.<br \/>\nWir importieren die Daten \u00fcber den DBConnector und werten Sie hier benutzerfreundlich aus.<\/p>\n<p>Die im Einsatz befindlichen M\u00e4nner und Frauen dr\u00fccken im Fahrzeug bei diversen Gelegenheiten einen genau definierten Status.<br \/>\nBeim Ausr\u00fccken von der Wache, beim Eintreffen am Einsatzort etc. Diese Datenbank erm\u00f6glich es nun, die Eins\u00e4tze aufgrund der Statusmeldungen auszuwerten.<\/p>\n<ul>\n<li>Hilfsfristen<\/li>\n<li>Einsatzzeiten<\/li>\n<li>Dispozeiten<\/li>\n<li>Ausr\u00fcckezeiten<\/li>\n<li>Transportezeiten<\/li>\n<li>Eintreffzeiten<\/li>\n<li>Transportezeiten<\/li>\n<li>Bereichsfolgen<\/li>\n<li>Einsatzzahlen<\/li>\n<\/ul>\n<p>&nbsp;<\/p>\n<p>Anhand dieser Auswertungen kann z.B. ermittelt werden, ob Betten in einem Fachbereich zur Verf\u00fcgung stehen.<\/p>\n<p><a href=\"https:\/\/www.ramses.de\/wp-content\/uploads\/elrregion1.jpg\"><img loading=\"lazy\" decoding=\"async\" class=\"alignnone size-medium wp-image-2321\" alt=\"elrregion1\" src=\"https:\/\/www.ramses.de\/wp-content\/uploads\/elrregion1-300x206.jpg\" width=\"300\" height=\"206\" srcset=\"https:\/\/www.ramses.de\/wp-content\/uploads\/elrregion1-300x206.jpg 300w, https:\/\/www.ramses.de\/wp-content\/uploads\/elrregion1-1024x704.jpg 1024w, https:\/\/www.ramses.de\/wp-content\/uploads\/elrregion1.jpg 1294w\" sizes=\"auto, (max-width: 300px) 100vw, 300px\" \/><\/a><\/p>\n<p><a href=\"https:\/\/www.ramses.de\/wp-content\/uploads\/elrregion2.jpg\"><img loading=\"lazy\" decoding=\"async\" class=\"alignnone size-medium wp-image-2322\" alt=\"elrregion2\" src=\"https:\/\/www.ramses.de\/wp-content\/uploads\/elrregion2-300x192.jpg\" width=\"300\" height=\"192\" srcset=\"https:\/\/www.ramses.de\/wp-content\/uploads\/elrregion2-300x192.jpg 300w, https:\/\/www.ramses.de\/wp-content\/uploads\/elrregion2-1024x655.jpg 1024w, https:\/\/www.ramses.de\/wp-content\/uploads\/elrregion2.jpg 1287w\" sizes=\"auto, (max-width: 300px) 100vw, 300px\" \/><\/a><\/p>\n<p><a href=\"https:\/\/www.ramses.de\/wp-content\/uploads\/elrregion3.jpg\"><img loading=\"lazy\" decoding=\"async\" class=\"alignnone size-medium wp-image-2323\" alt=\"elrregion3\" src=\"https:\/\/www.ramses.de\/wp-content\/uploads\/elrregion3-300x276.jpg\" width=\"300\" height=\"276\" srcset=\"https:\/\/www.ramses.de\/wp-content\/uploads\/elrregion3-300x276.jpg 300w, https:\/\/www.ramses.de\/wp-content\/uploads\/elrregion3.jpg 920w\" sizes=\"auto, (max-width: 300px) 100vw, 300px\" \/><\/a><\/p>\n<p><a href=\"https:\/\/www.ramses.de\/wp-content\/uploads\/elrregion4.jpg\"><img loading=\"lazy\" decoding=\"async\" class=\"alignnone size-medium wp-image-2324\" alt=\"elrregion4\" src=\"https:\/\/www.ramses.de\/wp-content\/uploads\/elrregion4-300x225.jpg\" width=\"300\" height=\"225\" srcset=\"https:\/\/www.ramses.de\/wp-content\/uploads\/elrregion4-300x225.jpg 300w, https:\/\/www.ramses.de\/wp-content\/uploads\/elrregion4-1024x770.jpg 1024w, https:\/\/www.ramses.de\/wp-content\/uploads\/elrregion4-639x480.jpg 639w, https:\/\/www.ramses.de\/wp-content\/uploads\/elrregion4.jpg 1193w\" sizes=\"auto, (max-width: 300px) 100vw, 300px\" \/><\/a><\/p>\n<p>&nbsp;<\/p>\n<p>&nbsp;<\/p>\n<p>&nbsp;<\/p>\n<p>&nbsp;<\/p>\n<p>&nbsp;<\/p>\n","protected":false},"excerpt":{"rendered":"<p>Die Statistik in der Region Hannover Der Einsatzleitrechner der Regionsleitstelle der Berufsfeuerwehr Hannover zeichnet alle Eins\u00e4tze im Bereich der Brand und Hilfeleistung sekundengenau auf. Wir &#8230; <a title=\"Region Hannover &#8211; Einsatzstatistik\" class=\"read-more\" href=\"https:\/\/www.ramses.de\/?page_id=2320\" aria-label=\"Mehr Informationen \u00fcber Region Hannover &#8211; Einsatzstatistik\">Weiterlesen &#8230;<\/a><\/p>\n","protected":false},"author":1,"featured_media":2321,"parent":1644,"menu_order":0,"comment_status":"closed","ping_status":"closed","template":"template-full-width.php","meta":{"footnotes":""},"class_list":{"0":"post-2320","1":"page","2":"type-page","3":"status-publish","4":"has-post-thumbnail","6":"resize-featured-image"},"_links":{"self":[{"href":"https:\/\/www.ramses.de\/index.php?rest_route=\/wp\/v2\/pages\/2320","targetHints":{"allow":["GET"]}}],"collection":[{"href":"https:\/\/www.ramses.de\/index.php?rest_route=\/wp\/v2\/pages"}],"about":[{"href":"https:\/\/www.ramses.de\/index.php?rest_route=\/wp\/v2\/types\/page"}],"author":[{"embeddable":true,"href":"https:\/\/www.ramses.de\/index.php?rest_route=\/wp\/v2\/users\/1"}],"replies":[{"embeddable":true,"href":"https:\/\/www.ramses.de\/index.php?rest_route=%2Fwp%2Fv2%2Fcomments&post=2320"}],"version-history":[{"count":1,"href":"https:\/\/www.ramses.de\/index.php?rest_route=\/wp\/v2\/pages\/2320\/revisions"}],"predecessor-version":[{"id":2325,"href":"https:\/\/www.ramses.de\/index.php?rest_route=\/wp\/v2\/pages\/2320\/revisions\/2325"}],"up":[{"embeddable":true,"href":"https:\/\/www.ramses.de\/index.php?rest_route=\/wp\/v2\/pages\/1644"}],"wp:featuredmedia":[{"embeddable":true,"href":"https:\/\/www.ramses.de\/index.php?rest_route=\/wp\/v2\/media\/2321"}],"wp:attachment":[{"href":"https:\/\/www.ramses.de\/index.php?rest_route=%2Fwp%2Fv2%2Fmedia&parent=2320"}],"curies":[{"name":"wp","href":"https:\/\/api.w.org\/{rel}","templated":true}]}}