{"id":2327,"date":"2014-02-01T19:49:52","date_gmt":"2014-02-01T17:49:52","guid":{"rendered":"http:\/\/www.ramses.de\/?page_id=2327"},"modified":"2014-10-31T18:09:20","modified_gmt":"2014-10-31T16:09:20","slug":"stadt-braunschweig-netzknotenverwaltung","status":"publish","type":"page","link":"https:\/\/www.ramses.de\/?page_id=2327","title":{"rendered":"Stadt Braunschweig &#8211; Mobilfunkverwaltung"},"content":{"rendered":"<h1>Handy, Smartfone und Co.<\/h1>\n<p>Wie alle gro\u00dfen Kommunen hat auch die Stadt Braunschweig einen gro\u00dfen Fundus an Mobilfunkger\u00e4ten samt Zubeh\u00f6r f\u00fcr Ihre eigenen Mitarbeiter \/ -innen im Einsatz.<\/p>\n<p>Diese Datenbank verwaltet nicht nur die Mobilfunkger\u00e4te sondern auch die Karten, Nummern und Zubeh\u00f6rteile<\/p>\n<ul>\n<li>Verwaltung von Ger\u00e4tedaten<\/li>\n<li>Karten und Provider<\/li>\n<li>Rufnummernverwaltung<\/li>\n<li>Nutzerdaten<\/li>\n<li>Statistiken und Auswertungen der Daten<\/li>\n<\/ul>\n<p><a href=\"https:\/\/www.ramses.de\/wp-content\/uploads\/Mobil1.jpg\"><img loading=\"lazy\" decoding=\"async\" class=\"alignnone size-medium wp-image-2334\" src=\"https:\/\/www.ramses.de\/wp-content\/uploads\/Mobil1-300x181.jpg\" alt=\"Mobil1\" width=\"300\" height=\"181\" srcset=\"https:\/\/www.ramses.de\/wp-content\/uploads\/Mobil1-300x181.jpg 300w, https:\/\/www.ramses.de\/wp-content\/uploads\/Mobil1-1024x620.jpg 1024w, https:\/\/www.ramses.de\/wp-content\/uploads\/Mobil1.jpg 1420w\" sizes=\"auto, (max-width: 300px) 100vw, 300px\" \/><\/a><\/p>\n<p><a href=\"https:\/\/www.ramses.de\/wp-content\/uploads\/Mobil2.jpg\"><img loading=\"lazy\" decoding=\"async\" class=\"alignnone size-medium wp-image-2335\" src=\"https:\/\/www.ramses.de\/wp-content\/uploads\/Mobil2-300x133.jpg\" alt=\"Mobil2\" width=\"300\" height=\"133\" srcset=\"https:\/\/www.ramses.de\/wp-content\/uploads\/Mobil2-300x133.jpg 300w, https:\/\/www.ramses.de\/wp-content\/uploads\/Mobil2-1024x456.jpg 1024w, https:\/\/www.ramses.de\/wp-content\/uploads\/Mobil2.jpg 1569w\" sizes=\"auto, (max-width: 300px) 100vw, 300px\" \/><\/a><\/p>\n<p><a href=\"https:\/\/www.ramses.de\/wp-content\/uploads\/Mobil3.jpg\"><img loading=\"lazy\" decoding=\"async\" class=\"alignnone size-medium wp-image-2336\" src=\"https:\/\/www.ramses.de\/wp-content\/uploads\/Mobil3-300x164.jpg\" alt=\"Mobil3\" width=\"300\" height=\"164\" srcset=\"https:\/\/www.ramses.de\/wp-content\/uploads\/Mobil3-300x164.jpg 300w, https:\/\/www.ramses.de\/wp-content\/uploads\/Mobil3-1024x561.jpg 1024w, https:\/\/www.ramses.de\/wp-content\/uploads\/Mobil3.jpg 1591w\" sizes=\"auto, (max-width: 300px) 100vw, 300px\" \/><\/a><\/p>\n","protected":false},"excerpt":{"rendered":"<p>Handy, Smartfone und Co. Wie alle gro\u00dfen Kommunen hat auch die Stadt Braunschweig einen gro\u00dfen Fundus an Mobilfunkger\u00e4ten samt Zubeh\u00f6r f\u00fcr Ihre eigenen Mitarbeiter \/ &#8230; <a title=\"Stadt Braunschweig &#8211; Mobilfunkverwaltung\" class=\"read-more\" href=\"https:\/\/www.ramses.de\/?page_id=2327\" aria-label=\"Mehr Informationen \u00fcber Stadt Braunschweig &#8211; Mobilfunkverwaltung\">Weiterlesen &#8230;<\/a><\/p>\n","protected":false},"author":1,"featured_media":2334,"parent":1644,"menu_order":0,"comment_status":"closed","ping_status":"closed","template":"template-full-width.php","meta":{"footnotes":""},"class_list":{"0":"post-2327","1":"page","2":"type-page","3":"status-publish","4":"has-post-thumbnail","6":"resize-featured-image"},"_links":{"self":[{"href":"https:\/\/www.ramses.de\/index.php?rest_route=\/wp\/v2\/pages\/2327","targetHints":{"allow":["GET"]}}],"collection":[{"href":"https:\/\/www.ramses.de\/index.php?rest_route=\/wp\/v2\/pages"}],"about":[{"href":"https:\/\/www.ramses.de\/index.php?rest_route=\/wp\/v2\/types\/page"}],"author":[{"embeddable":true,"href":"https:\/\/www.ramses.de\/index.php?rest_route=\/wp\/v2\/users\/1"}],"replies":[{"embeddable":true,"href":"https:\/\/www.ramses.de\/index.php?rest_route=%2Fwp%2Fv2%2Fcomments&post=2327"}],"version-history":[{"count":4,"href":"https:\/\/www.ramses.de\/index.php?rest_route=\/wp\/v2\/pages\/2327\/revisions"}],"predecessor-version":[{"id":2875,"href":"https:\/\/www.ramses.de\/index.php?rest_route=\/wp\/v2\/pages\/2327\/revisions\/2875"}],"up":[{"embeddable":true,"href":"https:\/\/www.ramses.de\/index.php?rest_route=\/wp\/v2\/pages\/1644"}],"wp:featuredmedia":[{"embeddable":true,"href":"https:\/\/www.ramses.de\/index.php?rest_route=\/wp\/v2\/media\/2334"}],"wp:attachment":[{"href":"https:\/\/www.ramses.de\/index.php?rest_route=%2Fwp%2Fv2%2Fmedia&parent=2327"}],"curies":[{"name":"wp","href":"https:\/\/api.w.org\/{rel}","templated":true}]}}