{"id":2359,"date":"2014-03-12T17:45:18","date_gmt":"2014-03-12T15:45:18","guid":{"rendered":"http:\/\/www.ramses.de\/?page_id=2359"},"modified":"2017-05-22T11:54:52","modified_gmt":"2017-05-22T09:54:52","slug":"referenzen-bosch-car-multimedia-gmbh","status":"publish","type":"page","link":"https:\/\/www.ramses.de\/?page_id=2359","title":{"rendered":"Referenzen &#8211; Bosch Car Multimedia GmbH"},"content":{"rendered":"<h1>Bosch Car Multimedia GmbH<\/h1>\n<p>Die Robert Bosch Car Multimedia GmbH entwickelt L\u00f6sungen in den Bereichen Integration von Entertainment, Navigation, Telematik<br \/>\nund Fahrerassistenz im Fahrzeug. Neben dem langj\u00e4hrigen Einsatz als Trainer f\u00fcr EDV Seminaren d\u00fcrfen wir auch im Bereich der<br \/>\nDatenbankentwicklung f\u00fcr &#8222;den Bosch&#8220; im Einsatz sein.<\/p>\n<p>Die Projekte<\/p>\n<ul>\n<li><a title=\"Bosch Car Multimedia GmbH \u2013 Stundensatz Datenbank\" href=\"https:\/\/www.ramses.de\/?page_id=2363\">Stundensatz Datenbank HoRatio<\/a><\/li>\n<li><a title=\"Bosch Car Multimedia GmbH \u2013 Projekt Datenbank\" href=\"https:\/\/www.ramses.de\/?page_id=2971\">WS Projektdatenbank<\/a><\/li>\n<li><a title=\"Bosch Technik f\u00fcs Leben \u2013 Erprobungsdatenbank\" href=\"https:\/\/www.ramses.de\/?page_id=3079\">Erprobungsdatenbank<\/a><\/li>\n<\/ul>\n<p>Sie ben\u00f6tigen auch eine individuelle Datenbank, mailen Sie uns&#8230;..<\/p>\n<p><a href=\"https:\/\/www.ramses.de\/wp-content\/uploads\/LOGO.jpg\"><img loading=\"lazy\" decoding=\"async\" class=\"alignnone size-medium wp-image-4422\" src=\"https:\/\/www.ramses.de\/wp-content\/uploads\/LOGO-300x89.jpg\" alt=\"\" width=\"300\" height=\"89\" srcset=\"https:\/\/www.ramses.de\/wp-content\/uploads\/LOGO-300x89.jpg 300w, https:\/\/www.ramses.de\/wp-content\/uploads\/LOGO-768x229.jpg 768w, https:\/\/www.ramses.de\/wp-content\/uploads\/LOGO.jpg 903w\" sizes=\"auto, (max-width: 300px) 100vw, 300px\" \/><\/a><\/p>\n<p>&nbsp;<\/p>\n","protected":false},"excerpt":{"rendered":"<p>Bosch Car Multimedia GmbH Die Robert Bosch Car Multimedia GmbH entwickelt L\u00f6sungen in den Bereichen Integration von Entertainment, Navigation, Telematik und Fahrerassistenz im Fahrzeug. Neben &#8230; <a title=\"Referenzen &#8211; Bosch Car Multimedia GmbH\" class=\"read-more\" href=\"https:\/\/www.ramses.de\/?page_id=2359\" aria-label=\"Mehr Informationen \u00fcber Referenzen &#8211; Bosch Car Multimedia GmbH\">Weiterlesen &#8230;<\/a><\/p>\n","protected":false},"author":1,"featured_media":4422,"parent":745,"menu_order":0,"comment_status":"closed","ping_status":"closed","template":"template-full-width.php","meta":{"footnotes":""},"class_list":{"0":"post-2359","1":"page","2":"type-page","3":"status-publish","4":"has-post-thumbnail","6":"resize-featured-image"},"_links":{"self":[{"href":"https:\/\/www.ramses.de\/index.php?rest_route=\/wp\/v2\/pages\/2359","targetHints":{"allow":["GET"]}}],"collection":[{"href":"https:\/\/www.ramses.de\/index.php?rest_route=\/wp\/v2\/pages"}],"about":[{"href":"https:\/\/www.ramses.de\/index.php?rest_route=\/wp\/v2\/types\/page"}],"author":[{"embeddable":true,"href":"https:\/\/www.ramses.de\/index.php?rest_route=\/wp\/v2\/users\/1"}],"replies":[{"embeddable":true,"href":"https:\/\/www.ramses.de\/index.php?rest_route=%2Fwp%2Fv2%2Fcomments&post=2359"}],"version-history":[{"count":8,"href":"https:\/\/www.ramses.de\/index.php?rest_route=\/wp\/v2\/pages\/2359\/revisions"}],"predecessor-version":[{"id":4428,"href":"https:\/\/www.ramses.de\/index.php?rest_route=\/wp\/v2\/pages\/2359\/revisions\/4428"}],"up":[{"embeddable":true,"href":"https:\/\/www.ramses.de\/index.php?rest_route=\/wp\/v2\/pages\/745"}],"wp:featuredmedia":[{"embeddable":true,"href":"https:\/\/www.ramses.de\/index.php?rest_route=\/wp\/v2\/media\/4422"}],"wp:attachment":[{"href":"https:\/\/www.ramses.de\/index.php?rest_route=%2Fwp%2Fv2%2Fmedia&parent=2359"}],"curies":[{"name":"wp","href":"https:\/\/api.w.org\/{rel}","templated":true}]}}