{"id":2373,"date":"2014-03-12T18:12:36","date_gmt":"2014-03-12T16:12:36","guid":{"rendered":"http:\/\/www.ramses.de\/?page_id=2373"},"modified":"2023-01-03T09:03:41","modified_gmt":"2023-01-03T07:03:41","slug":"referenzen-rolf-ronschke-gmbh","status":"publish","type":"page","link":"https:\/\/www.ramses.de\/?page_id=2373","title":{"rendered":"Referenzen &#8211; Rolf Ronschke GmbH"},"content":{"rendered":"<h1>Gastankpr\u00fcfungen<\/h1>\n<p>Die Rolf Ronschke GmbH bietet \u00fcber 40 Jahren als KKS-Fachunternehmen zuverl\u00e4ssige L\u00f6sungen f\u00fcr einen effektiven und Wert erhaltenden Korrosionsschutz an.<br \/>\nMit rund 25 Mitarbeitern bietet diese Fachfirma ihren Kunden die Dienstleistungen im gesamten Bundesgebiet an<\/p>\n<p>Unsere L\u00f6sung, die Gastankpr\u00fcfungsdatenbank dient der Erfassung s\u00e4mtlicher technischer Daten der Anlagen. Ferner wird auch die gesamte Abrechnung dieser Dienstleistungen<br \/>\nin der Datenbank gel\u00f6st werden. Stand Herbst 2014 befindet sich die Datenbank im Einsatz.<\/p>\n<p>Wir freuen uns auf spannende Aufgaben.<\/p>\n<ul>\n<li><a title=\"Rolf Ronschke GmbH \u2013 KKS Datenbank\" href=\"https:\/\/www.ramses.de\/?page_id=2377\">KKS Datenbank<\/a><\/li>\n<li><a href=\"https:\/\/www.ramses.de\/?page_id=5943\">Terminplanung<\/a><\/li>\n<li>Personalverwaltung<\/li>\n<\/ul>\n<p>Ihr Fachunternehmen braucht auch Unterst\u00fctzung?<\/p>\n<p>&nbsp;<\/p>\n","protected":false},"excerpt":{"rendered":"<p>Gastankpr\u00fcfungen Die Rolf Ronschke GmbH bietet \u00fcber 40 Jahren als KKS-Fachunternehmen zuverl\u00e4ssige L\u00f6sungen f\u00fcr einen effektiven und Wert erhaltenden Korrosionsschutz an. Mit rund 25 Mitarbeitern &#8230; <a title=\"Referenzen &#8211; Rolf Ronschke GmbH\" class=\"read-more\" href=\"https:\/\/www.ramses.de\/?page_id=2373\" aria-label=\"Mehr Informationen \u00fcber Referenzen &#8211; Rolf Ronschke GmbH\">Weiterlesen &#8230;<\/a><\/p>\n","protected":false},"author":1,"featured_media":2378,"parent":745,"menu_order":0,"comment_status":"closed","ping_status":"closed","template":"template-full-width.php","meta":{"footnotes":""},"class_list":{"0":"post-2373","1":"page","2":"type-page","3":"status-publish","4":"has-post-thumbnail","6":"resize-featured-image"},"_links":{"self":[{"href":"https:\/\/www.ramses.de\/index.php?rest_route=\/wp\/v2\/pages\/2373","targetHints":{"allow":["GET"]}}],"collection":[{"href":"https:\/\/www.ramses.de\/index.php?rest_route=\/wp\/v2\/pages"}],"about":[{"href":"https:\/\/www.ramses.de\/index.php?rest_route=\/wp\/v2\/types\/page"}],"author":[{"embeddable":true,"href":"https:\/\/www.ramses.de\/index.php?rest_route=\/wp\/v2\/users\/1"}],"replies":[{"embeddable":true,"href":"https:\/\/www.ramses.de\/index.php?rest_route=%2Fwp%2Fv2%2Fcomments&post=2373"}],"version-history":[{"count":7,"href":"https:\/\/www.ramses.de\/index.php?rest_route=\/wp\/v2\/pages\/2373\/revisions"}],"predecessor-version":[{"id":5947,"href":"https:\/\/www.ramses.de\/index.php?rest_route=\/wp\/v2\/pages\/2373\/revisions\/5947"}],"up":[{"embeddable":true,"href":"https:\/\/www.ramses.de\/index.php?rest_route=\/wp\/v2\/pages\/745"}],"wp:featuredmedia":[{"embeddable":true,"href":"https:\/\/www.ramses.de\/index.php?rest_route=\/wp\/v2\/media\/2378"}],"wp:attachment":[{"href":"https:\/\/www.ramses.de\/index.php?rest_route=%2Fwp%2Fv2%2Fmedia&parent=2373"}],"curies":[{"name":"wp","href":"https:\/\/api.w.org\/{rel}","templated":true}]}}