{"id":2377,"date":"2014-03-12T18:33:34","date_gmt":"2014-03-12T16:33:34","guid":{"rendered":"http:\/\/www.ramses.de\/?page_id=2377"},"modified":"2022-07-11T12:33:07","modified_gmt":"2022-07-11T10:33:07","slug":"rolf-ronschke-gmbh-kks-datenbank","status":"publish","type":"page","link":"https:\/\/www.ramses.de\/?page_id=2377","title":{"rendered":"Ronschke GmbH &#8211; KKS Datenbank &#8211; ERP System"},"content":{"rendered":"<h1>Ronschke GmbH<\/h1>\n<h3>ERP System\u00a0 &#8211; KKS Datenbank<\/h3>\n<p>ERP ist die Abk\u00fcrzung f\u00fcr<strong> Enterprise Resource Planning, <\/strong>\u00fcbersetzt <strong>Gesch\u00e4ftsressourcenplanung<\/strong>. ERP-Systeme sind betriebswirtschaftliche Softwarel\u00f6sungen zur Steuerung von Gesch\u00e4ftsprozessen. Mit ihnen werden betriebliche Ressourcen wie Kapital, Personal oder Produktionsmittel bestm\u00f6glich gesteuert und verwaltet. In diesem Sinne durfte ich f\u00fcr die Firma Ronschke GmbH ein ERP System erstellen, das die Prozesse in der Firma abbildet und begleitet<\/p>\n<p>Dir Firma Ronschke bietet seit \u00fcber 40 Jahren als KKS-Fachunternehmen zuverl\u00e4ssige L\u00f6sungen f\u00fcr einen effektiven und werterhaltenden Korrosionsschutz an. Mit gro\u00dfer Freude durften wir ein ERP System erstellen, welches die Gesch\u00e4ftsprozesse abbildet. Vom Datenimport, Planung, Durchf\u00fchrung und Abrechnung der Pr\u00fcfungen bis zum automatischem Import und Export gem\u00e4\u00df DVFG Schnittstelle geh\u00f6ren alle Prozesse der Firma Ronschke zum entwickeltem System.<\/p>\n<p>Das System bildet den kompletten Weg vom Datenimport gem\u00e4\u00df DVFG Schnittstellenhandbuch bis zu Abrechnung der Pr\u00fcfungen ab.<\/p>\n<ul>\n<li>Firmenverwaltung\n<ul>\n<li>Ansprechpartner<\/li>\n<li>Kommunikationswege<\/li>\n<li>Zahlungsbedingungen<\/li>\n<\/ul>\n<\/li>\n<li>Betriebsorte\n<ul>\n<li>Verantwortliche Firmen<\/li>\n<\/ul>\n<\/li>\n<li>Beh\u00e4lterverwaltung\n<ul>\n<li>Lagerarten<\/li>\n<li>Schutzarten<\/li>\n<li>Lagergut<\/li>\n<\/ul>\n<\/li>\n<li>Rohrleitungen<\/li>\n<li>KKS Anlagen\n<ul>\n<li>Isolierst\u00fccke<\/li>\n<li>Schutzobjekte<\/li>\n<li>Messpunkte<\/li>\n<li>Wartungsvertr\u00e4ge<\/li>\n<\/ul>\n<\/li>\n<li>ESM Pr\u00fcfungen<\/li>\n<li>VDE Pr\u00fcfungen<\/li>\n<li>Rohrleitungspr\u00fcfungen<\/li>\n<li>KKS Pr\u00fcfungen<\/li>\n<li>Materialwirtschaft\n<ul>\n<li>Abrechnungen der Dienstleistungen<\/li>\n<li>Artikelverwaltung<\/li>\n<li>Lagerwirtschaft<\/li>\n<\/ul>\n<\/li>\n<li>Import und Export gem\u00e4\u00df DVFG Schnittstellenhandbuch<\/li>\n<li>Pr\u00fcfungs\u00fcberwachung<\/li>\n<li>QM \u00dcberwachung\n<ul>\n<li>Reklamationsmanagement<\/li>\n<li>Lieferantenbewertung<\/li>\n<\/ul>\n<\/li>\n<li>Wiedervorlagen<\/li>\n<li>Auswertungen und Statistiken<\/li>\n<\/ul>\n<p><a href=\"https:\/\/www.ramses.de\/wp-content\/uploads\/KKS1.jpg\"><img loading=\"lazy\" decoding=\"async\" class=\"alignnone size-medium wp-image-2378\" src=\"https:\/\/www.ramses.de\/wp-content\/uploads\/KKS1-300x175.jpg\" alt=\"KKS1\" width=\"300\" height=\"175\" srcset=\"https:\/\/www.ramses.de\/wp-content\/uploads\/KKS1-300x175.jpg 300w, https:\/\/www.ramses.de\/wp-content\/uploads\/KKS1-1024x600.jpg 1024w, https:\/\/www.ramses.de\/wp-content\/uploads\/KKS1.jpg 1565w\" sizes=\"auto, (max-width: 300px) 100vw, 300px\" \/><\/a><\/p>\n<p><a href=\"https:\/\/www.ramses.de\/wp-content\/uploads\/KKS2.jpg\"><img loading=\"lazy\" decoding=\"async\" class=\"alignnone size-medium wp-image-2379\" src=\"https:\/\/www.ramses.de\/wp-content\/uploads\/KKS2-300x164.jpg\" alt=\"KKS2\" width=\"300\" height=\"164\" srcset=\"https:\/\/www.ramses.de\/wp-content\/uploads\/KKS2-300x164.jpg 300w, https:\/\/www.ramses.de\/wp-content\/uploads\/KKS2-1024x559.jpg 1024w, https:\/\/www.ramses.de\/wp-content\/uploads\/KKS2.jpg 1538w\" sizes=\"auto, (max-width: 300px) 100vw, 300px\" \/><\/a><\/p>\n<p>&nbsp;<\/p>\n<p>&nbsp;<\/p>\n<p>&nbsp;<\/p>\n<p>&nbsp;<\/p>\n<p>&nbsp;<\/p>\n<p>&nbsp;<\/p>\n<p>&nbsp;<\/p>\n<p>&nbsp;<\/p>\n<p>&nbsp;<\/p>\n","protected":false},"excerpt":{"rendered":"<p>Ronschke GmbH ERP System\u00a0 &#8211; KKS Datenbank ERP ist die Abk\u00fcrzung f\u00fcr Enterprise Resource Planning, \u00fcbersetzt Gesch\u00e4ftsressourcenplanung. ERP-Systeme sind betriebswirtschaftliche Softwarel\u00f6sungen zur Steuerung von Gesch\u00e4ftsprozessen. &#8230; <a title=\"Ronschke GmbH &#8211; KKS Datenbank &#8211; ERP System\" class=\"read-more\" href=\"https:\/\/www.ramses.de\/?page_id=2377\" aria-label=\"Mehr Informationen \u00fcber Ronschke GmbH &#8211; KKS Datenbank &#8211; ERP System\">Weiterlesen &#8230;<\/a><\/p>\n","protected":false},"author":1,"featured_media":2378,"parent":2373,"menu_order":0,"comment_status":"closed","ping_status":"closed","template":"template-full-width.php","meta":{"footnotes":""},"class_list":{"0":"post-2377","1":"page","2":"type-page","3":"status-publish","4":"has-post-thumbnail","6":"resize-featured-image"},"_links":{"self":[{"href":"https:\/\/www.ramses.de\/index.php?rest_route=\/wp\/v2\/pages\/2377","targetHints":{"allow":["GET"]}}],"collection":[{"href":"https:\/\/www.ramses.de\/index.php?rest_route=\/wp\/v2\/pages"}],"about":[{"href":"https:\/\/www.ramses.de\/index.php?rest_route=\/wp\/v2\/types\/page"}],"author":[{"embeddable":true,"href":"https:\/\/www.ramses.de\/index.php?rest_route=\/wp\/v2\/users\/1"}],"replies":[{"embeddable":true,"href":"https:\/\/www.ramses.de\/index.php?rest_route=%2Fwp%2Fv2%2Fcomments&post=2377"}],"version-history":[{"count":10,"href":"https:\/\/www.ramses.de\/index.php?rest_route=\/wp\/v2\/pages\/2377\/revisions"}],"predecessor-version":[{"id":7531,"href":"https:\/\/www.ramses.de\/index.php?rest_route=\/wp\/v2\/pages\/2377\/revisions\/7531"}],"up":[{"embeddable":true,"href":"https:\/\/www.ramses.de\/index.php?rest_route=\/wp\/v2\/pages\/2373"}],"wp:featuredmedia":[{"embeddable":true,"href":"https:\/\/www.ramses.de\/index.php?rest_route=\/wp\/v2\/media\/2378"}],"wp:attachment":[{"href":"https:\/\/www.ramses.de\/index.php?rest_route=%2Fwp%2Fv2%2Fmedia&parent=2377"}],"curies":[{"name":"wp","href":"https:\/\/api.w.org\/{rel}","templated":true}]}}