{"id":2503,"date":"2014-07-29T06:57:04","date_gmt":"2014-07-29T04:57:04","guid":{"rendered":"http:\/\/www.ramses.de\/?page_id=2503"},"modified":"2025-12-22T12:14:20","modified_gmt":"2025-12-22T10:14:20","slug":"excel-funktionsbibliothek","status":"publish","type":"page","link":"https:\/\/www.ramses.de\/?page_id=2503","title":{"rendered":"Excel &#8211; Funktionsbibliothek"},"content":{"rendered":"\n<div>\n<h1>Excel und seine Funktionen nach ABC<\/h1>\n<\/div>\n\n\n\n<p>Excel verf\u00fcgt \u00fcber viele, wirklich sehr viele Funktionen. Einige nutzen wir t\u00e4glich, andere verursachen ein verwundertes Kopfsch\u00fctteln.<br>Hier versuchen wir nun einen kleinen \u00dcberblick zu geben \u00fcber die Funktionen des Excel, die wir regelm\u00e4\u00dfig nutzen.<\/p>\n\n\n\n<p>Alternativ gibt es auch die Liste nach <a href=\"https:\/\/www.ramses.de\/?page_id=5204\">Kategorie<\/a><\/p>\n\n\n\n<h3 class=\"wp-block-heading\">A<\/h3>\n\n\n\n<div>\n<ul>\n<li><a href=\"https:\/\/www.ramses.de\/?p=5804\">ABRUNDEN<\/a><\/li>\n<li><a href=\"https:\/\/www.ramses.de\/?p=4950\">ADRESSE<\/a><\/li>\n<li><a title=\"Excel Funktionen \u2013 ANZAHL\" href=\"https:\/\/www.ramses.de\/?p=2509\">ANZAHL<\/a><\/li>\n<li><a title=\"Excel Funktionen \u2013 ANZAHL2\" href=\"https:\/\/www.ramses.de\/?p=2516\">ANZAHL2<\/a><\/li>\n<li><a title=\"Excel Funktionen \u2013 ANZAHLLEEREZELLEN\" href=\"https:\/\/www.ramses.de\/?p=2523\">ANZAHLLEEREZELLEN<\/a><\/li>\n<li><a title=\"Excel Funktionen \u2013 ARBEITSTAG\" href=\"https:\/\/www.ramses.de\/?p=2738\">ARBEITSTAG<\/a><\/li>\n<li><a href=\"https:\/\/www.ramses.de\/?p=5799\">AUFRUNDEN<\/a><\/li>\n<\/ul>\n<h3>B<\/h3>\n<ul>\n<li><a href=\"https:\/\/www.ramses.de\/?p=4772\">BEREICH.VERSCHIEBEN<\/a><\/li>\n<\/ul>\n<h3>C<\/h3>\n<ul>\n<li><a href=\"https:\/\/www.ramses.de\/?p=4672\">CODE<\/a><\/li>\n<\/ul>\n<h3>D<\/h3>\n<ul>\n<li><a href=\"https:\/\/www.ramses.de\/?p=5247\">DATUM<\/a><\/li>\n<li><a title=\"Excel Funktionen \u2013 DATEDIF\" href=\"https:\/\/www.ramses.de\/?p=3015\">DATEDIF<\/a><\/li>\n<li><a href=\"https:\/\/www.ramses.de\/?p=5252\">DATWERT<\/a><\/li>\n<\/ul>\n<h3>E<\/h3>\n<ul>\n<li><a href=\"https:\/\/www.ramses.de\/?p=4508\">EDATUM<\/a><\/li>\n<li><a href=\"https:\/\/www.ramses.de\/?p=5851\">EINDEUTIG<\/a><\/li>\n<li><a href=\"https:\/\/www.ramses.de\/?p=5182\">ERSETZEN<\/a><\/li>\n<\/ul>\n<h3>F<\/h3>\n<ul>\n<li><a href=\"https:\/\/www.ramses.de\/?p=6273\">FILTERN<\/a><\/li>\n<li><a title=\"Excel Funktionen \u2013 FINDEN\" href=\"https:\/\/www.ramses.de\/?p=2624\">FINDEN<\/a><\/li>\n<\/ul>\n<h3>G<\/h3>\n<ul>\n<li><a href=\"https:\/\/www.ramses.de\/?p=4389\">GERADE<\/a><\/li>\n<li><a title=\"Excel Funktionen \u2013 GL\u00c4TTEN\" href=\"https:\/\/www.ramses.de\/?p=2661\">GL\u00c4TTEN<\/a><\/li>\n<li><a href=\"https:\/\/www.ramses.de\/?p=3620\">GROSS<\/a><\/li>\n<li><a href=\"https:\/\/www.ramses.de\/?p=3623\">GROSS2<\/a><\/li>\n<\/ul>\n<h3>H<\/h3>\n<ul>\n<li><a href=\"https:\/\/www.ramses.de\/?p=4983\">HYPERLINK<\/a><\/li>\n<\/ul>\n<h3>I<\/h3>\n<ul>\n<li><a title=\"Excel Funktionen \u2013 IDENTISCH\" href=\"https:\/\/www.ramses.de\/?p=2688\">IDENTISCH<\/a><\/li>\n<li><a href=\"https:\/\/www.ramses.de\/?p=3795\">INDEX<\/a><\/li>\n<li><a href=\"https:\/\/www.ramses.de\/?p=3990\">INDIREKT<\/a><\/li>\n<li><a href=\"https:\/\/www.ramses.de\/?p=5285\">ISTFEHLER<\/a><\/li>\n<li><a href=\"https:\/\/www.ramses.de\/?p=5280\">ISTLEER<\/a><\/li>\n<li><a href=\"https:\/\/www.ramses.de\/?p=5294\">ISTTEXT<\/a><\/li>\n<li><a href=\"https:\/\/www.ramses.de\/?p=5290\">ISTZAHL<\/a><\/li>\n<\/ul>\n<h3>J<\/h3>\n<ul>\n<li><a title=\"Excel Funktionen \u2013 JAHR\" href=\"https:\/\/www.ramses.de\/?p=2698\">JAHR<\/a><\/li>\n<\/ul>\n<h3>K<\/h3>\n<ul>\n<li><a title=\"Excel Funktionen \u2013 KALENDERWOCHE\" href=\"https:\/\/www.ramses.de\/?p=2528\">KALENDERWOCHE<\/a><\/li>\n<li><a href=\"https:\/\/www.ramses.de\/?p=3638\">KKLEINSTE<\/a><\/li>\n<li><a href=\"https:\/\/www.ramses.de\/?p=3630\">KGR\u00d6SSTE<\/a><\/li>\n<li><a href=\"https:\/\/www.ramses.de\/?p=3615\">KLEIN<\/a><\/li>\n<\/ul>\n<h3>L<\/h3>\n<ul>\n<li><a title=\"Excel Funktionen \u2013 L\u00c4NGE\" href=\"https:\/\/www.ramses.de\/?p=2658\">L\u00c4NGE<\/a><\/li>\n<li><a title=\"Excel Funktionen \u2013 LINKS\" href=\"https:\/\/www.ramses.de\/?p=2650\">LINKS<\/a><\/li>\n<\/ul>\n<\/div>\n\n\n\n<h3 class=\"wp-block-heading\">M<\/h3>\n\n\n\n<ul class=\"wp-block-list\">\n<li><a title=\"Excel Funktionen \u2013 MAX\" href=\"https:\/\/www.ramses.de\/?p=2568\">MAX<\/a><\/li>\n\n\n\n<li><a title=\"Excel Funktionen \u2013 MEDIAN\" href=\"https:\/\/www.ramses.de\/?p=2882\">MEDIAN<\/a><\/li>\n\n\n\n<li><a title=\"Excel Funktionen \u2013 MIN\" href=\"https:\/\/www.ramses.de\/?p=2571\">MIN<\/a><\/li>\n\n\n\n<li><a title=\"Excel Funktionen \u2013 MINUTE\" href=\"https:\/\/www.ramses.de\/?p=2710\">MINUTE<\/a><\/li>\n\n\n\n<li><a title=\"Excel Funktionen \u2013 MITTELWERT\" href=\"https:\/\/www.ramses.de\/?p=2565\">MITTELWERT<\/a><\/li>\n\n\n\n<li><a href=\"https:\/\/www.ramses.de\/?p=3600\">MITTELWERTA<\/a><\/li>\n\n\n\n<li><a title=\"Excel Funktionen \u2013 MITTELWERTWENN\" href=\"https:\/\/www.ramses.de\/?p=2611\">MITTELWERTWENN<\/a><\/li>\n\n\n\n<li><a title=\"Excel Funktionen \u2013 MITTELWERTWENNS\" href=\"https:\/\/www.ramses.de\/?p=2616\">MITTELWERTWENNS<\/a><\/li>\n\n\n\n<li><a title=\"Excel Funktionen \u2013 MODALWERT\" href=\"https:\/\/www.ramses.de\/?p=2888\">MODALWERT<\/a><\/li>\n\n\n\n<li><a title=\"Excel Funktionen \u2013 MONAT\" href=\"https:\/\/www.ramses.de\/?p=2701\">MONAT<\/a><\/li>\n\n\n\n<li><a href=\"https:\/\/www.ramses.de\/?p=5264\">MONATSENDE<\/a><\/li>\n<\/ul>\n\n\n\n<h3 class=\"wp-block-heading\">N<\/h3>\n\n\n\n<ul class=\"wp-block-list\">\n<li><a title=\"Excel Funktionen \u2013 NETTOARBEITSTAGE\" href=\"https:\/\/www.ramses.de\/?p=2733\">NETTOARBEITSTAGE<\/a><\/li>\n\n\n\n<li><a href=\"https:\/\/www.ramses.de\/?p=3959\">NETTOARBEITSTAGE.INTL<\/a><\/li>\n<\/ul>\n\n\n\n<h3 class=\"wp-block-heading\">O<\/h3>\n\n\n\n<ul class=\"wp-block-list\">\n<li><a href=\"https:\/\/www.ramses.de\/?p=5004\">ODER<\/a><\/li>\n<\/ul>\n\n\n\n<h3 class=\"wp-block-heading\">P<\/h3>\n\n\n\n<ul class=\"wp-block-list\">\n<li><a href=\"https:\/\/www.ramses.de\/?p=4867\">PROGNOSE.LINEAR<\/a><\/li>\n<\/ul>\n\n\n\n<h3 class=\"wp-block-heading\">R<\/h3>\n\n\n\n<ul class=\"wp-block-list\">\n<li><a title=\"Excel Funktionen \u2013 RANG\" href=\"https:\/\/www.ramses.de\/?p=2895\">RANG<\/a><\/li>\n\n\n\n<li><a title=\"Excel Funktionen \u2013 RECHTS\" href=\"https:\/\/www.ramses.de\/?p=2653\">RECHTS<\/a><\/li>\n\n\n\n<li><a href=\"https:\/\/www.ramses.de\/?p=3332\">REST<\/a><\/li>\n\n\n\n<li><a href=\"https:\/\/www.ramses.de\/?p=5124\">RUNDEN<\/a><\/li>\n<\/ul>\n\n\n\n<h3 class=\"wp-block-heading\">S<\/h3>\n\n\n\n<ul class=\"wp-block-list\">\n<li><a href=\"https:\/\/www.ramses.de\/?p=5165\">S\u00c4UBERN<\/a><\/li>\n\n\n\n<li><a href=\"https:\/\/www.ramses.de\/?p=4861\">SCH\u00c4TZER<\/a><\/li>\n\n\n\n<li><a title=\"Excel Funktionen \u2013 SEKUNDE\" href=\"https:\/\/www.ramses.de\/?p=2713\">SEKUNDE<\/a><\/li>\n\n\n\n<li><a href=\"https:\/\/www.ramses.de\/?p=4958\">SPALTE<\/a><\/li>\n\n\n\n<li><a href=\"https:\/\/www.ramses.de\/?p=4961\">SPALTEN<\/a><\/li>\n\n\n\n<li><a href=\"https:\/\/www.ramses.de\/?p=3983\">STABW<\/a><\/li>\n\n\n\n<li><a title=\"Excel Funktionen \u2013 STUNDE\" href=\"https:\/\/www.ramses.de\/?p=2707\">STUNDE<\/a><\/li>\n\n\n\n<li><a title=\"Excel Funktionen \u2013 SUCHEN\" href=\"https:\/\/www.ramses.de\/?p=2627\">SUCHEN<\/a><\/li>\n\n\n\n<li><a title=\"Excel Funktionen \u2013 SUMME\" href=\"https:\/\/www.ramses.de\/?p=2562\">SUMME<\/a><\/li>\n\n\n\n<li><a href=\"https:\/\/www.ramses.de\/?p=5151\">SUMMENPRODUKT<\/a><\/li>\n\n\n\n<li><a title=\"Excel Funktionen \u2013 SUMMEWENN\" href=\"https:\/\/www.ramses.de\/?p=2586\">SUMMEWENN<\/a><\/li>\n\n\n\n<li><a title=\"Excel Funktionen \u2013 SUMMEWENNS\" href=\"https:\/\/www.ramses.de\/?p=2589\">SUMMEWENNS<\/a><\/li>\n\n\n\n<li><a title=\"Excel Funktionen \u2013 SVERWEIS\" href=\"https:\/\/www.ramses.de\/?p=2783\">SVERWEIS<\/a><\/li>\n<\/ul>\n\n\n\n<h3 class=\"wp-block-heading\">T<\/h3>\n\n\n\n<ul class=\"wp-block-list\">\n<li><a title=\"Excel Funktionen \u2013 TAG\" href=\"https:\/\/www.ramses.de\/?p=2704\">TAG<\/a><\/li>\n\n\n\n<li><a title=\"Excel Funktionen \u2013 TAGE360\" href=\"https:\/\/www.ramses.de\/?p=2722\">TAGE360<\/a><\/li>\n\n\n\n<li><a href=\"https:\/\/www.ramses.de\/?p=5258\">TAGE<\/a><\/li>\n\n\n\n<li><a title=\"Excel Funktionen \u2013 TEIL\" href=\"https:\/\/www.ramses.de\/?p=2678\">TEIL<\/a><\/li>\n\n\n\n<li><a href=\"https:\/\/www.ramses.de\/?p=5144\">TEILERGEBNIS<\/a><\/li>\n\n\n\n<li><a href=\"https:\/\/www.ramses.de\/?p=5191\">TEXT<\/a><\/li>\n<\/ul>\n\n\n\n<h3 class=\"wp-block-heading\">U<\/h3>\n\n\n\n<ul class=\"wp-block-list\">\n<li><a href=\"https:\/\/www.ramses.de\/?p=4999\">UND<\/a><\/li>\n\n\n\n<li><a href=\"https:\/\/www.ramses.de\/?p=4392\">UNGERADE<\/a><\/li>\n\n\n\n<li><a href=\"https:\/\/www.ramses.de\/?p=5305\">UMWANDELN<\/a><\/li>\n<\/ul>\n\n\n\n<h3 class=\"wp-block-heading\">V<\/h3>\n\n\n\n<ul class=\"wp-block-list\">\n<li><a title=\"Excel Funktionen \u2013 VERGLEICH\" href=\"https:\/\/www.ramses.de\/?p=2814\">VERGLEICH<\/a><\/li>\n\n\n\n<li><a href=\"https:\/\/www.ramses.de\/?p=5169\">VERKETTEN<\/a><\/li>\n\n\n\n<li><a href=\"https:\/\/www.ramses.de\/?p=4993\">VERWEIS<\/a><\/li>\n\n\n\n<li><a href=\"https:\/\/www.ramses.de\/?p=4393\">VRUNDEN<\/a><\/li>\n<\/ul>\n\n\n\n<h3 class=\"wp-block-heading\">W<\/h3>\n\n\n\n<ul class=\"wp-block-list\">\n<li><a href=\"https:\/\/www.ramses.de\/?p=4792\">WAHL<\/a><\/li>\n\n\n\n<li><a title=\"Excel Funktionen \u2013 WECHSELN\" href=\"https:\/\/www.ramses.de\/?p=3065\">WECHSELN<\/a><\/li>\n\n\n\n<li><a href=\"https:\/\/www.ramses.de\/?p=5016\">WENN<\/a><\/li>\n\n\n\n<li><a href=\"https:\/\/www.ramses.de\/?p=6267\">WENNS<\/a><\/li>\n\n\n\n<li><a href=\"https:\/\/www.ramses.de\/?p=5110\">WENNFEHLER<\/a><\/li>\n\n\n\n<li><a href=\"https:\/\/www.ramses.de\/?p=5199\">WERT<\/a><\/li>\n\n\n\n<li><a title=\"Excel Funktionen \u2013 WOCHENTAG\" href=\"https:\/\/www.ramses.de\/?p=2790\">WOCHENTAG<\/a><\/li>\n\n\n\n<li><a href=\"https:\/\/www.ramses.de\/?p=4973\">WVERWEIS<\/a><\/li>\n<\/ul>\n\n\n\n<h3 class=\"wp-block-heading\">Z<\/h3>\n\n\n\n<ul class=\"wp-block-list\">\n<li><a title=\"Excel Funktionen \u2013 Z\u00c4HLENWENN\" href=\"https:\/\/www.ramses.de\/?p=2600\">Z\u00c4HLENWENN<\/a><\/li>\n\n\n\n<li><a title=\"Excel Funktionen \u2013 Z\u00c4HLENWENNS\" href=\"https:\/\/www.ramses.de\/?p=2604\">Z\u00c4HLENWENNS<\/a><\/li>\n\n\n\n<li><a href=\"https:\/\/www.ramses.de\/?p=4669\">ZEICHEN<\/a><\/li>\n\n\n\n<li><a href=\"https:\/\/www.ramses.de\/?p=3336\">ZEILE<\/a><\/li>\n\n\n\n<li><a href=\"https:\/\/www.ramses.de\/?p=3339\">ZEILEN<\/a><\/li>\n\n\n\n<li><a href=\"https:\/\/www.ramses.de\/?p=5496\">ZEITWERT<\/a><\/li>\n\n\n\n<li><a href=\"https:\/\/www.ramses.de\/?p=5139\">ZUFALLSBEREICH<\/a><\/li>\n\n\n\n<li><a href=\"https:\/\/www.ramses.de\/?p=5134\">ZUFALLSZAHL<\/a><\/li>\n<\/ul>\n\n\n\n<div>\n<p>Es fehlt Ihnen eine Funktion? Na dann senden Sie uns eine Mail und wir listen Sie hier gerne auf&#8230;..<\/p>\n<\/div>\n","protected":false},"excerpt":{"rendered":"<p>Excel und seine Funktionen nach ABC Excel verf\u00fcgt \u00fcber viele, wirklich sehr viele Funktionen. Einige nutzen wir t\u00e4glich, andere verursachen ein verwundertes Kopfsch\u00fctteln.Hier versuchen wir &#8230; <a title=\"Excel &#8211; Funktionsbibliothek\" class=\"read-more\" href=\"https:\/\/www.ramses.de\/?page_id=2503\" aria-label=\"Mehr Informationen \u00fcber Excel &#8211; Funktionsbibliothek\">Weiterlesen &#8230;<\/a><\/p>\n","protected":false},"author":1,"featured_media":2513,"parent":855,"menu_order":0,"comment_status":"closed","ping_status":"closed","template":"","meta":{"footnotes":""},"class_list":{"0":"post-2503","1":"page","2":"type-page","3":"status-publish","4":"has-post-thumbnail","6":"resize-featured-image"},"_links":{"self":[{"href":"https:\/\/www.ramses.de\/index.php?rest_route=\/wp\/v2\/pages\/2503","targetHints":{"allow":["GET"]}}],"collection":[{"href":"https:\/\/www.ramses.de\/index.php?rest_route=\/wp\/v2\/pages"}],"about":[{"href":"https:\/\/www.ramses.de\/index.php?rest_route=\/wp\/v2\/types\/page"}],"author":[{"embeddable":true,"href":"https:\/\/www.ramses.de\/index.php?rest_route=\/wp\/v2\/users\/1"}],"replies":[{"embeddable":true,"href":"https:\/\/www.ramses.de\/index.php?rest_route=%2Fwp%2Fv2%2Fcomments&post=2503"}],"version-history":[{"count":84,"href":"https:\/\/www.ramses.de\/index.php?rest_route=\/wp\/v2\/pages\/2503\/revisions"}],"predecessor-version":[{"id":7359,"href":"https:\/\/www.ramses.de\/index.php?rest_route=\/wp\/v2\/pages\/2503\/revisions\/7359"}],"up":[{"embeddable":true,"href":"https:\/\/www.ramses.de\/index.php?rest_route=\/wp\/v2\/pages\/855"}],"wp:featuredmedia":[{"embeddable":true,"href":"https:\/\/www.ramses.de\/index.php?rest_route=\/wp\/v2\/media\/2513"}],"wp:attachment":[{"href":"https:\/\/www.ramses.de\/index.php?rest_route=%2Fwp%2Fv2%2Fmedia&parent=2503"}],"curies":[{"name":"wp","href":"https:\/\/api.w.org\/{rel}","templated":true}]}}