{"id":2756,"date":"2014-10-04T08:59:14","date_gmt":"2014-10-04T06:59:14","guid":{"rendered":"http:\/\/www.ramses.de\/?page_id=2756"},"modified":"2014-10-04T09:05:22","modified_gmt":"2014-10-04T07:05:22","slug":"interkulturelles-training-schwartz-value-survey","status":"publish","type":"page","link":"https:\/\/www.ramses.de\/?page_id=2756","title":{"rendered":"Interkulturelles Training &#8211; Schwartz Value Survey"},"content":{"rendered":"<h3>Schwartz Value Survey<\/h3>\n<p><span class=\"Apple-style-span\">Firmengr\u00fcnder Jochen Kruckenberg befa\u00df sich mit der Vermittlung interkultureller Kompetenz.<br \/>\n<\/span><\/p>\n<p>Durch den Vergleich der Wertstrukturen verschiedener Nationalit\u00e4ten konnten Schwartz und Sagiv herausfinden, dass bestimmte Werte in verschiedenen L\u00e4ndern unterschiedliche Bedeutungsinhalte besitzen. Auf Grundlage der dimensionalen Basis wurden f\u00fcnf unterschiedliche &#8222;Kulturr\u00e4ume&#8220; gebildet, die sich in ihren Wertmustern unterscheiden: Westeuropa, Osteuropa, Ostasien, Englisch sprechende und islamische Nationen.<\/p>\n<p>Der SVS besteht aus insgesamt drei Teilen: zwei Wertelisten und einem Teil mit Fragen zum demographischen Hintergrund.<span class=\"Apple-converted-space\">\u00a0<\/span><br \/>\nDie beiden Wertelisten umfassen insgesamt 57 Wertebeschreibungen. Auf einer Rang-Skala wird jedem von ihnen die Bedeutung, die sie als Leitprinzip im Leben des Antwortenden haben von &#8211; 1 (von entgegengesetzter Bedeutung) bis 7 (von \u00e4u\u00dferster Wichtigkeit) zugewiesen. Unsere Datenbank liefert die Ergebnisse zu dieser bedeutenden Theorie.<\/p>\n<ul class=\"list4\">\n<li>Import der Internet Frageb\u00f6gen<\/li>\n<li>Berechnung der Wertelisten<\/li>\n<li>Vergleiche der Probanden mit Vergleichsgruppen<\/li>\n<li>Berechnung von Gruppenskills<\/li>\n<li>Auswertungen und Statistiken<\/li>\n<li>Export der Auswertungen<\/li>\n<\/ul>\n<p><a href=\"https:\/\/www.ramses.de\/wp-content\/uploads\/SVS1.jpg\"><img loading=\"lazy\" decoding=\"async\" class=\"alignnone size-medium wp-image-2758\" src=\"https:\/\/www.ramses.de\/wp-content\/uploads\/SVS1-300x215.jpg\" alt=\"SVS1\" width=\"300\" height=\"215\" srcset=\"https:\/\/www.ramses.de\/wp-content\/uploads\/SVS1-300x215.jpg 300w, https:\/\/www.ramses.de\/wp-content\/uploads\/SVS1-1024x735.jpg 1024w, https:\/\/www.ramses.de\/wp-content\/uploads\/SVS1-270x194.jpg 270w, https:\/\/www.ramses.de\/wp-content\/uploads\/SVS1.jpg 1057w\" sizes=\"auto, (max-width: 300px) 100vw, 300px\" \/><\/a><\/p>\n<p><a href=\"https:\/\/www.ramses.de\/wp-content\/uploads\/SVS2.jpg\"><img loading=\"lazy\" decoding=\"async\" class=\"alignnone size-medium wp-image-2759\" src=\"https:\/\/www.ramses.de\/wp-content\/uploads\/SVS2-300x172.jpg\" alt=\"SVS2\" width=\"300\" height=\"172\" srcset=\"https:\/\/www.ramses.de\/wp-content\/uploads\/SVS2-300x172.jpg 300w, https:\/\/www.ramses.de\/wp-content\/uploads\/SVS2-1024x588.jpg 1024w, https:\/\/www.ramses.de\/wp-content\/uploads\/SVS2-273x156.jpg 273w, https:\/\/www.ramses.de\/wp-content\/uploads\/SVS2.jpg 1065w\" sizes=\"auto, (max-width: 300px) 100vw, 300px\" \/><\/a><\/p>\n<p><a href=\"https:\/\/www.ramses.de\/wp-content\/uploads\/SVS3.jpg\"><img loading=\"lazy\" decoding=\"async\" class=\"alignnone size-medium wp-image-2761\" src=\"https:\/\/www.ramses.de\/wp-content\/uploads\/SVS3-300x210.jpg\" alt=\"SVS3\" width=\"300\" height=\"210\" srcset=\"https:\/\/www.ramses.de\/wp-content\/uploads\/SVS3-300x210.jpg 300w, https:\/\/www.ramses.de\/wp-content\/uploads\/SVS3-1024x717.jpg 1024w, https:\/\/www.ramses.de\/wp-content\/uploads\/SVS3.jpg 1054w\" sizes=\"auto, (max-width: 300px) 100vw, 300px\" \/><\/a><\/p>\n","protected":false},"excerpt":{"rendered":"<p>Schwartz Value Survey Firmengr\u00fcnder Jochen Kruckenberg befa\u00df sich mit der Vermittlung interkultureller Kompetenz. Durch den Vergleich der Wertstrukturen verschiedener Nationalit\u00e4ten konnten Schwartz und Sagiv herausfinden, &#8230; <a title=\"Interkulturelles Training &#8211; Schwartz Value Survey\" class=\"read-more\" href=\"https:\/\/www.ramses.de\/?page_id=2756\" aria-label=\"Mehr Informationen \u00fcber Interkulturelles Training &#8211; Schwartz Value Survey\">Weiterlesen &#8230;<\/a><\/p>\n","protected":false},"author":1,"featured_media":2758,"parent":1422,"menu_order":0,"comment_status":"closed","ping_status":"closed","template":"template-full-width.php","meta":{"footnotes":""},"class_list":{"0":"post-2756","1":"page","2":"type-page","3":"status-publish","4":"has-post-thumbnail","6":"resize-featured-image"},"_links":{"self":[{"href":"https:\/\/www.ramses.de\/index.php?rest_route=\/wp\/v2\/pages\/2756","targetHints":{"allow":["GET"]}}],"collection":[{"href":"https:\/\/www.ramses.de\/index.php?rest_route=\/wp\/v2\/pages"}],"about":[{"href":"https:\/\/www.ramses.de\/index.php?rest_route=\/wp\/v2\/types\/page"}],"author":[{"embeddable":true,"href":"https:\/\/www.ramses.de\/index.php?rest_route=\/wp\/v2\/users\/1"}],"replies":[{"embeddable":true,"href":"https:\/\/www.ramses.de\/index.php?rest_route=%2Fwp%2Fv2%2Fcomments&post=2756"}],"version-history":[{"count":3,"href":"https:\/\/www.ramses.de\/index.php?rest_route=\/wp\/v2\/pages\/2756\/revisions"}],"predecessor-version":[{"id":2762,"href":"https:\/\/www.ramses.de\/index.php?rest_route=\/wp\/v2\/pages\/2756\/revisions\/2762"}],"up":[{"embeddable":true,"href":"https:\/\/www.ramses.de\/index.php?rest_route=\/wp\/v2\/pages\/1422"}],"wp:featuredmedia":[{"embeddable":true,"href":"https:\/\/www.ramses.de\/index.php?rest_route=\/wp\/v2\/media\/2758"}],"wp:attachment":[{"href":"https:\/\/www.ramses.de\/index.php?rest_route=%2Fwp%2Fv2%2Fmedia&parent=2756"}],"curies":[{"name":"wp","href":"https:\/\/api.w.org\/{rel}","templated":true}]}}