{"id":2824,"date":"2014-10-21T07:09:51","date_gmt":"2014-10-21T05:09:51","guid":{"rendered":"http:\/\/www.ramses.de\/?page_id=2824"},"modified":"2014-10-21T07:19:29","modified_gmt":"2014-10-21T05:19:29","slug":"referenzen-landeshauptstadt-hannover-oe15","status":"publish","type":"page","link":"https:\/\/www.ramses.de\/?page_id=2824","title":{"rendered":"Referenzen &#8211; Landeshauptstadt Hannover OE15"},"content":{"rendered":"<h1>Das B\u00fcro des Oberb\u00fcrgermeister<\/h1>\n<p>Als oberster Dienstherr der Stadtverwaltung der Landeshauptstadt Hannover obliegt dem B\u00fcrgermeister und seinem Team eine Vielfalt von Aufgaben.<br \/>\nWir freuen uns, hier einen kleinen Beitrag zur Unterst\u00fctzung leisten zu k\u00f6nnen.<\/p>\n<h3>Das Projekt<\/h3>\n<ul>\n<li><a title=\"B\u00fcro des Obeb\u00fcrgermeisters \u2013 Adressverwaltung\" href=\"https:\/\/www.ramses.de\/?page_id=2828\">Adressverwaltung<\/a><\/li>\n<\/ul>\n<p>Individuelle Datenbank L\u00f6sungen f\u00fcr den kommunalen Bereich. 20 Jahre Erfahrung garantieren auch f\u00fcr Sie ein eine effektive Datenbank L\u00f6sung<\/p>\n","protected":false},"excerpt":{"rendered":"<p>Das B\u00fcro des Oberb\u00fcrgermeister Als oberster Dienstherr der Stadtverwaltung der Landeshauptstadt Hannover obliegt dem B\u00fcrgermeister und seinem Team eine Vielfalt von Aufgaben. Wir freuen uns, &#8230; <a title=\"Referenzen &#8211; Landeshauptstadt Hannover OE15\" class=\"read-more\" href=\"https:\/\/www.ramses.de\/?page_id=2824\" aria-label=\"Mehr Informationen \u00fcber Referenzen &#8211; Landeshauptstadt Hannover OE15\">Weiterlesen &#8230;<\/a><\/p>\n","protected":false},"author":1,"featured_media":0,"parent":749,"menu_order":0,"comment_status":"closed","ping_status":"closed","template":"","meta":{"footnotes":""},"class_list":["post-2824","page","type-page","status-publish"],"_links":{"self":[{"href":"https:\/\/www.ramses.de\/index.php?rest_route=\/wp\/v2\/pages\/2824","targetHints":{"allow":["GET"]}}],"collection":[{"href":"https:\/\/www.ramses.de\/index.php?rest_route=\/wp\/v2\/pages"}],"about":[{"href":"https:\/\/www.ramses.de\/index.php?rest_route=\/wp\/v2\/types\/page"}],"author":[{"embeddable":true,"href":"https:\/\/www.ramses.de\/index.php?rest_route=\/wp\/v2\/users\/1"}],"replies":[{"embeddable":true,"href":"https:\/\/www.ramses.de\/index.php?rest_route=%2Fwp%2Fv2%2Fcomments&post=2824"}],"version-history":[{"count":3,"href":"https:\/\/www.ramses.de\/index.php?rest_route=\/wp\/v2\/pages\/2824\/revisions"}],"predecessor-version":[{"id":2830,"href":"https:\/\/www.ramses.de\/index.php?rest_route=\/wp\/v2\/pages\/2824\/revisions\/2830"}],"up":[{"embeddable":true,"href":"https:\/\/www.ramses.de\/index.php?rest_route=\/wp\/v2\/pages\/749"}],"wp:attachment":[{"href":"https:\/\/www.ramses.de\/index.php?rest_route=%2Fwp%2Fv2%2Fmedia&parent=2824"}],"curies":[{"name":"wp","href":"https:\/\/api.w.org\/{rel}","templated":true}]}}