{"id":2828,"date":"2014-10-21T07:18:30","date_gmt":"2014-10-21T05:18:30","guid":{"rendered":"http:\/\/www.ramses.de\/?page_id=2828"},"modified":"2014-10-21T07:23:23","modified_gmt":"2014-10-21T05:23:23","slug":"buero-des-obebuergermeisters-adressverwaltung","status":"publish","type":"page","link":"https:\/\/www.ramses.de\/?page_id=2828","title":{"rendered":"B\u00fcro des Obeb\u00fcrgermeisters &#8211; Adressverwaltung"},"content":{"rendered":"<h1>Die Verwaltung von Adressen<\/h1>\n<p>Ein klassisches Beispiel f\u00fcr eine Datenbank stellt diese Adressdatenbank dar.<\/p>\n<ul>\n<li>Verwaltung von Personen, Firmen und Organisationen<\/li>\n<li>Merkmale und deren Zuweisung<\/li>\n<li>Verteilerverwaltung<\/li>\n<li>Plausibilit\u00e4tspr\u00fcfungen<\/li>\n<li>Auswertungen und Berichte<\/li>\n<\/ul>\n<p>Sie ben\u00f6tigen ebenfalls ma\u00dfgeschneiderte Software f\u00fcr den Kommunalen Einsatz!? Dann mailen Sie uns, wir melden uns umgehend!<\/p>\n<p><a href=\"https:\/\/www.ramses.de\/wp-content\/uploads\/Adressen11.jpg\"><img loading=\"lazy\" decoding=\"async\" class=\"alignnone size-medium wp-image-2832\" src=\"https:\/\/www.ramses.de\/wp-content\/uploads\/Adressen11-300x202.jpg\" alt=\"Adressen1\" width=\"300\" height=\"202\" srcset=\"https:\/\/www.ramses.de\/wp-content\/uploads\/Adressen11-300x202.jpg 300w, https:\/\/www.ramses.de\/wp-content\/uploads\/Adressen11-1024x692.jpg 1024w, https:\/\/www.ramses.de\/wp-content\/uploads\/Adressen11.jpg 1414w\" sizes=\"auto, (max-width: 300px) 100vw, 300px\" \/><\/a><\/p>\n<p><a href=\"https:\/\/www.ramses.de\/wp-content\/uploads\/Adressen21.jpg\"><img loading=\"lazy\" decoding=\"async\" class=\"alignnone size-medium wp-image-2833\" src=\"https:\/\/www.ramses.de\/wp-content\/uploads\/Adressen21-300x180.jpg\" alt=\"Adressen2\" width=\"300\" height=\"180\" srcset=\"https:\/\/www.ramses.de\/wp-content\/uploads\/Adressen21-300x180.jpg 300w, https:\/\/www.ramses.de\/wp-content\/uploads\/Adressen21-1024x617.jpg 1024w, https:\/\/www.ramses.de\/wp-content\/uploads\/Adressen21.jpg 1262w\" sizes=\"auto, (max-width: 300px) 100vw, 300px\" \/><\/a><\/p>\n<p>&nbsp;<\/p>\n<p>&nbsp;<\/p>\n<p>&nbsp;<\/p>\n","protected":false},"excerpt":{"rendered":"<p>Die Verwaltung von Adressen Ein klassisches Beispiel f\u00fcr eine Datenbank stellt diese Adressdatenbank dar. Verwaltung von Personen, Firmen und Organisationen Merkmale und deren Zuweisung Verteilerverwaltung &#8230; <a title=\"B\u00fcro des Obeb\u00fcrgermeisters &#8211; Adressverwaltung\" class=\"read-more\" href=\"https:\/\/www.ramses.de\/?page_id=2828\" aria-label=\"Mehr Informationen \u00fcber B\u00fcro des Obeb\u00fcrgermeisters &#8211; Adressverwaltung\">Weiterlesen &#8230;<\/a><\/p>\n","protected":false},"author":1,"featured_media":2832,"parent":1644,"menu_order":0,"comment_status":"closed","ping_status":"closed","template":"template-full-width.php","meta":{"footnotes":""},"class_list":{"0":"post-2828","1":"page","2":"type-page","3":"status-publish","4":"has-post-thumbnail","6":"resize-featured-image"},"_links":{"self":[{"href":"https:\/\/www.ramses.de\/index.php?rest_route=\/wp\/v2\/pages\/2828","targetHints":{"allow":["GET"]}}],"collection":[{"href":"https:\/\/www.ramses.de\/index.php?rest_route=\/wp\/v2\/pages"}],"about":[{"href":"https:\/\/www.ramses.de\/index.php?rest_route=\/wp\/v2\/types\/page"}],"author":[{"embeddable":true,"href":"https:\/\/www.ramses.de\/index.php?rest_route=\/wp\/v2\/users\/1"}],"replies":[{"embeddable":true,"href":"https:\/\/www.ramses.de\/index.php?rest_route=%2Fwp%2Fv2%2Fcomments&post=2828"}],"version-history":[{"count":3,"href":"https:\/\/www.ramses.de\/index.php?rest_route=\/wp\/v2\/pages\/2828\/revisions"}],"predecessor-version":[{"id":2834,"href":"https:\/\/www.ramses.de\/index.php?rest_route=\/wp\/v2\/pages\/2828\/revisions\/2834"}],"up":[{"embeddable":true,"href":"https:\/\/www.ramses.de\/index.php?rest_route=\/wp\/v2\/pages\/1644"}],"wp:featuredmedia":[{"embeddable":true,"href":"https:\/\/www.ramses.de\/index.php?rest_route=\/wp\/v2\/media\/2832"}],"wp:attachment":[{"href":"https:\/\/www.ramses.de\/index.php?rest_route=%2Fwp%2Fv2%2Fmedia&parent=2828"}],"curies":[{"name":"wp","href":"https:\/\/api.w.org\/{rel}","templated":true}]}}