{"id":2838,"date":"2014-10-21T12:50:40","date_gmt":"2014-10-21T10:50:40","guid":{"rendered":"http:\/\/www.ramses.de\/?page_id=2838"},"modified":"2014-11-16T20:09:03","modified_gmt":"2014-11-16T18:09:03","slug":"referenzen-continental-ag","status":"publish","type":"page","link":"https:\/\/www.ramses.de\/?page_id=2838","title":{"rendered":"Referenzen &#8211; Continental AG"},"content":{"rendered":"<h1>Continental AG<\/h1>\n<p>Die Continental AG in Hannover ist weltbekannt f\u00fcr ihre exzellenten Reifen f\u00fcr PKW, LKW und Motorr\u00e4der. Neben diesen bekannten Produkten ist die Conti aber auch in vielen anderen Bereichen der Thematik Mobilit\u00e4t hervorragend aufgestellt. Wir durften unseren kleinen Teil zu der Arbeit der Conti beitragen.<\/p>\n<p>Die Projekte<\/p>\n<ul>\n<li><a title=\"Continental AG \u2013 Conti Tire Plus\" href=\"https:\/\/www.ramses.de\/?page_id=2912\">ContiTire Plus<\/a><\/li>\n<li>Repurchase<\/li>\n<li><a title=\"Continental AG \u2013 Warehouse System\" href=\"https:\/\/www.ramses.de\/?page_id=2841\">Warehouse<\/a><\/li>\n<\/ul>\n<p>Datenbanken im industriellen Umfeld sind eine unserer St\u00e4rken. Ob Mittelstand oder Gro\u00dfkonzern, wir bieten Ihnen eine\u00a0ma\u00dfgeschneiderte L\u00f6sung.<\/p>\n","protected":false},"excerpt":{"rendered":"<p>Continental AG Die Continental AG in Hannover ist weltbekannt f\u00fcr ihre exzellenten Reifen f\u00fcr PKW, LKW und Motorr\u00e4der. Neben diesen bekannten Produkten ist die Conti &#8230; <a title=\"Referenzen &#8211; Continental AG\" class=\"read-more\" href=\"https:\/\/www.ramses.de\/?page_id=2838\" aria-label=\"Mehr Informationen \u00fcber Referenzen &#8211; Continental AG\">Weiterlesen &#8230;<\/a><\/p>\n","protected":false},"author":1,"featured_media":2913,"parent":745,"menu_order":0,"comment_status":"closed","ping_status":"closed","template":"template-full-width.php","meta":{"footnotes":""},"class_list":{"0":"post-2838","1":"page","2":"type-page","3":"status-publish","4":"has-post-thumbnail","6":"resize-featured-image"},"_links":{"self":[{"href":"https:\/\/www.ramses.de\/index.php?rest_route=\/wp\/v2\/pages\/2838","targetHints":{"allow":["GET"]}}],"collection":[{"href":"https:\/\/www.ramses.de\/index.php?rest_route=\/wp\/v2\/pages"}],"about":[{"href":"https:\/\/www.ramses.de\/index.php?rest_route=\/wp\/v2\/types\/page"}],"author":[{"embeddable":true,"href":"https:\/\/www.ramses.de\/index.php?rest_route=\/wp\/v2\/users\/1"}],"replies":[{"embeddable":true,"href":"https:\/\/www.ramses.de\/index.php?rest_route=%2Fwp%2Fv2%2Fcomments&post=2838"}],"version-history":[{"count":3,"href":"https:\/\/www.ramses.de\/index.php?rest_route=\/wp\/v2\/pages\/2838\/revisions"}],"predecessor-version":[{"id":2918,"href":"https:\/\/www.ramses.de\/index.php?rest_route=\/wp\/v2\/pages\/2838\/revisions\/2918"}],"up":[{"embeddable":true,"href":"https:\/\/www.ramses.de\/index.php?rest_route=\/wp\/v2\/pages\/745"}],"wp:featuredmedia":[{"embeddable":true,"href":"https:\/\/www.ramses.de\/index.php?rest_route=\/wp\/v2\/media\/2913"}],"wp:attachment":[{"href":"https:\/\/www.ramses.de\/index.php?rest_route=%2Fwp%2Fv2%2Fmedia&parent=2838"}],"curies":[{"name":"wp","href":"https:\/\/api.w.org\/{rel}","templated":true}]}}