{"id":2850,"date":"2014-10-21T13:28:48","date_gmt":"2014-10-21T11:28:48","guid":{"rendered":"http:\/\/www.ramses.de\/?page_id=2850"},"modified":"2014-10-21T13:28:48","modified_gmt":"2014-10-21T11:28:48","slug":"fachbereich-umwelt-und-stadtgruen-seminarverwaltung","status":"publish","type":"page","link":"https:\/\/www.ramses.de\/?page_id=2850","title":{"rendered":"Fachbereich Umwelt und Stadtgr\u00fcn &#8211; Seminarverwaltung"},"content":{"rendered":"<h1>Die Verwaltung von Aus- und Fortbildungsmassnahmen<\/h1>\n<p>Die Mitarbeiter der OE 67 m\u00fcssen in Abh\u00e4ngigkeit ihrer T\u00e4tigkeiten Seminare und Fortbildungen belegen. Wir verwalten hier beides.<\/p>\n<ul>\n<li>Mitarbeiter und Mitarbeiterinnen<\/li>\n<li>Seminare und Fortbildungen<\/li>\n<li>Lehrgangsverwaltung<\/li>\n<li>Lehrgangsorganisationen<\/li>\n<li>Plausibilit\u00e4tspr\u00fcfungen<\/li>\n<li>Asuwertungen<\/li>\n<\/ul>\n<p>Sie ben\u00f6tigen ebenfalls ma\u00dfgeschneiderte Software f\u00fcr den Kommunalen Einsatz!? Dann mailen Sie uns, wir melden uns umgehend!<\/p>\n<p><a href=\"https:\/\/www.ramses.de\/wp-content\/uploads\/Seminare1.jpg\"><img loading=\"lazy\" decoding=\"async\" class=\"alignnone size-medium wp-image-2851\" src=\"https:\/\/www.ramses.de\/wp-content\/uploads\/Seminare1-300x210.jpg\" alt=\"Seminare1\" width=\"300\" height=\"210\" srcset=\"https:\/\/www.ramses.de\/wp-content\/uploads\/Seminare1-300x210.jpg 300w, https:\/\/www.ramses.de\/wp-content\/uploads\/Seminare1-1024x719.jpg 1024w, https:\/\/www.ramses.de\/wp-content\/uploads\/Seminare1.jpg 1355w\" sizes=\"auto, (max-width: 300px) 100vw, 300px\" \/><\/a><\/p>\n<p><a href=\"https:\/\/www.ramses.de\/wp-content\/uploads\/Seminare2.jpg\"><img loading=\"lazy\" decoding=\"async\" class=\"alignnone size-medium wp-image-2852\" src=\"https:\/\/www.ramses.de\/wp-content\/uploads\/Seminare2-300x213.jpg\" alt=\"Seminare2\" width=\"300\" height=\"213\" srcset=\"https:\/\/www.ramses.de\/wp-content\/uploads\/Seminare2-300x213.jpg 300w, https:\/\/www.ramses.de\/wp-content\/uploads\/Seminare2-1024x727.jpg 1024w, https:\/\/www.ramses.de\/wp-content\/uploads\/Seminare2.jpg 1335w\" sizes=\"auto, (max-width: 300px) 100vw, 300px\" \/><\/a><\/p>\n<p><a href=\"https:\/\/www.ramses.de\/wp-content\/uploads\/Seminare3.jpg\"><img loading=\"lazy\" decoding=\"async\" class=\"alignnone size-medium wp-image-2853\" src=\"https:\/\/www.ramses.de\/wp-content\/uploads\/Seminare3-300x211.jpg\" alt=\"Seminare3\" width=\"300\" height=\"211\" srcset=\"https:\/\/www.ramses.de\/wp-content\/uploads\/Seminare3-300x211.jpg 300w, https:\/\/www.ramses.de\/wp-content\/uploads\/Seminare3-1024x723.jpg 1024w, https:\/\/www.ramses.de\/wp-content\/uploads\/Seminare3.jpg 1344w\" sizes=\"auto, (max-width: 300px) 100vw, 300px\" \/><\/a><\/p>\n<p><a href=\"https:\/\/www.ramses.de\/wp-content\/uploads\/Seminare4.jpg\"><img loading=\"lazy\" decoding=\"async\" class=\"alignnone size-medium wp-image-2854\" src=\"https:\/\/www.ramses.de\/wp-content\/uploads\/Seminare4-300x215.jpg\" alt=\"Seminare4\" width=\"300\" height=\"215\" srcset=\"https:\/\/www.ramses.de\/wp-content\/uploads\/Seminare4-300x215.jpg 300w, https:\/\/www.ramses.de\/wp-content\/uploads\/Seminare4-1024x736.jpg 1024w, https:\/\/www.ramses.de\/wp-content\/uploads\/Seminare4-270x194.jpg 270w, https:\/\/www.ramses.de\/wp-content\/uploads\/Seminare4.jpg 1327w\" sizes=\"auto, (max-width: 300px) 100vw, 300px\" \/><\/a><\/p>\n","protected":false},"excerpt":{"rendered":"<p>Die Verwaltung von Aus- und Fortbildungsmassnahmen Die Mitarbeiter der OE 67 m\u00fcssen in Abh\u00e4ngigkeit ihrer T\u00e4tigkeiten Seminare und Fortbildungen belegen. Wir verwalten hier beides. Mitarbeiter &#8230; <a title=\"Fachbereich Umwelt und Stadtgr\u00fcn &#8211; Seminarverwaltung\" class=\"read-more\" href=\"https:\/\/www.ramses.de\/?page_id=2850\" aria-label=\"Mehr Informationen \u00fcber Fachbereich Umwelt und Stadtgr\u00fcn &#8211; Seminarverwaltung\">Weiterlesen &#8230;<\/a><\/p>\n","protected":false},"author":1,"featured_media":2851,"parent":1155,"menu_order":0,"comment_status":"closed","ping_status":"closed","template":"template-full-width.php","meta":{"footnotes":""},"class_list":{"0":"post-2850","1":"page","2":"type-page","3":"status-publish","4":"has-post-thumbnail","6":"resize-featured-image"},"_links":{"self":[{"href":"https:\/\/www.ramses.de\/index.php?rest_route=\/wp\/v2\/pages\/2850","targetHints":{"allow":["GET"]}}],"collection":[{"href":"https:\/\/www.ramses.de\/index.php?rest_route=\/wp\/v2\/pages"}],"about":[{"href":"https:\/\/www.ramses.de\/index.php?rest_route=\/wp\/v2\/types\/page"}],"author":[{"embeddable":true,"href":"https:\/\/www.ramses.de\/index.php?rest_route=\/wp\/v2\/users\/1"}],"replies":[{"embeddable":true,"href":"https:\/\/www.ramses.de\/index.php?rest_route=%2Fwp%2Fv2%2Fcomments&post=2850"}],"version-history":[{"count":1,"href":"https:\/\/www.ramses.de\/index.php?rest_route=\/wp\/v2\/pages\/2850\/revisions"}],"predecessor-version":[{"id":2855,"href":"https:\/\/www.ramses.de\/index.php?rest_route=\/wp\/v2\/pages\/2850\/revisions\/2855"}],"up":[{"embeddable":true,"href":"https:\/\/www.ramses.de\/index.php?rest_route=\/wp\/v2\/pages\/1155"}],"wp:featuredmedia":[{"embeddable":true,"href":"https:\/\/www.ramses.de\/index.php?rest_route=\/wp\/v2\/media\/2851"}],"wp:attachment":[{"href":"https:\/\/www.ramses.de\/index.php?rest_route=%2Fwp%2Fv2%2Fmedia&parent=2850"}],"curies":[{"name":"wp","href":"https:\/\/api.w.org\/{rel}","templated":true}]}}