{"id":2864,"date":"2014-10-21T14:24:46","date_gmt":"2014-10-21T12:24:46","guid":{"rendered":"http:\/\/www.ramses.de\/?page_id=2864"},"modified":"2014-10-21T14:27:06","modified_gmt":"2014-10-21T12:27:06","slug":"fachbereich-tiefbau-rotlichtanlagen","status":"publish","type":"page","link":"https:\/\/www.ramses.de\/?page_id=2864","title":{"rendered":"Fachbereich Tiefbau &#8211; Rotlichtanlagen"},"content":{"rendered":"<h1>Die Rotlicht- und Geschwindigkeitsmessungen<\/h1>\n<p><strong>Das Tiefbauamt Hannover <\/strong>Bei der \u00dcberwachung des laufenden Verkehrs werden Rotlicht- und Geschwindigkeitsmessanlagen eingesetzt. Der Betrieb der Anlagen mit allen ben\u00f6tigten Leistungen werden hier abgebildet.<\/p>\n<ul>\n<li>Verwaltung der Messanlagen<\/li>\n<li>\u00dcberwachung der regelm\u00e4\u00dfigen Eichungen<\/li>\n<li>Filmentnahme und Filmverwaltung<\/li>\n<li>Protokollierung aller verwaltungstechnischen Aktivit\u00e4ten<\/li>\n<li>Filmbewertung und Auswertung<\/li>\n<li>Verwaltung mobiler Messungen<\/li>\n<li>Statistiken und Auswertungen der Daten<\/li>\n<\/ul>\n<p>Auch wenn sich jeder \u00e4rgert, der erwischt wird. Diese Arbeit garantiert ein faires Verhalten aller Verkehsteilnehmer.<\/p>\n<p><a href=\"https:\/\/www.ramses.de\/wp-content\/uploads\/Rotlicht1.jpg\"><img loading=\"lazy\" decoding=\"async\" class=\"alignnone size-medium wp-image-2866\" src=\"https:\/\/www.ramses.de\/wp-content\/uploads\/Rotlicht1-300x158.jpg\" alt=\"Rotlicht1\" width=\"300\" height=\"158\" srcset=\"https:\/\/www.ramses.de\/wp-content\/uploads\/Rotlicht1-300x158.jpg 300w, https:\/\/www.ramses.de\/wp-content\/uploads\/Rotlicht1-1024x541.jpg 1024w, https:\/\/www.ramses.de\/wp-content\/uploads\/Rotlicht1.jpg 1433w\" sizes=\"auto, (max-width: 300px) 100vw, 300px\" \/><\/a><\/p>\n<p><a href=\"https:\/\/www.ramses.de\/wp-content\/uploads\/Rotlicht2.jpg\"><img loading=\"lazy\" decoding=\"async\" class=\"alignnone size-medium wp-image-2868\" src=\"https:\/\/www.ramses.de\/wp-content\/uploads\/Rotlicht2-300x162.jpg\" alt=\"Rotlicht2\" width=\"300\" height=\"162\" srcset=\"https:\/\/www.ramses.de\/wp-content\/uploads\/Rotlicht2-300x162.jpg 300w, https:\/\/www.ramses.de\/wp-content\/uploads\/Rotlicht2-1024x553.jpg 1024w, https:\/\/www.ramses.de\/wp-content\/uploads\/Rotlicht2.jpg 1437w\" sizes=\"auto, (max-width: 300px) 100vw, 300px\" \/><\/a><\/p>\n<p><a href=\"https:\/\/www.ramses.de\/wp-content\/uploads\/Rotlicht3.jpg\"><img loading=\"lazy\" decoding=\"async\" class=\"alignnone size-medium wp-image-2869\" src=\"https:\/\/www.ramses.de\/wp-content\/uploads\/Rotlicht3-300x161.jpg\" alt=\"Rotlicht3\" width=\"300\" height=\"161\" srcset=\"https:\/\/www.ramses.de\/wp-content\/uploads\/Rotlicht3-300x161.jpg 300w, https:\/\/www.ramses.de\/wp-content\/uploads\/Rotlicht3-1024x551.jpg 1024w, https:\/\/www.ramses.de\/wp-content\/uploads\/Rotlicht3-683x364.jpg 683w, https:\/\/www.ramses.de\/wp-content\/uploads\/Rotlicht3.jpg 1431w\" sizes=\"auto, (max-width: 300px) 100vw, 300px\" \/><\/a><\/p>\n<p><a href=\"https:\/\/www.ramses.de\/wp-content\/uploads\/Rotlicht4.jpg\"><img loading=\"lazy\" decoding=\"async\" class=\"alignnone size-medium wp-image-2870\" src=\"https:\/\/www.ramses.de\/wp-content\/uploads\/Rotlicht4-300x163.jpg\" alt=\"Rotlicht4\" width=\"300\" height=\"163\" srcset=\"https:\/\/www.ramses.de\/wp-content\/uploads\/Rotlicht4-300x163.jpg 300w, https:\/\/www.ramses.de\/wp-content\/uploads\/Rotlicht4-1024x558.jpg 1024w, https:\/\/www.ramses.de\/wp-content\/uploads\/Rotlicht4.jpg 1442w\" sizes=\"auto, (max-width: 300px) 100vw, 300px\" \/><\/a><\/p>\n","protected":false},"excerpt":{"rendered":"<p>Die Rotlicht- und Geschwindigkeitsmessungen Das Tiefbauamt Hannover Bei der \u00dcberwachung des laufenden Verkehrs werden Rotlicht- und Geschwindigkeitsmessanlagen eingesetzt. Der Betrieb der Anlagen mit allen ben\u00f6tigten &#8230; <a title=\"Fachbereich Tiefbau &#8211; Rotlichtanlagen\" class=\"read-more\" href=\"https:\/\/www.ramses.de\/?page_id=2864\" aria-label=\"Mehr Informationen \u00fcber Fachbereich Tiefbau &#8211; Rotlichtanlagen\">Weiterlesen &#8230;<\/a><\/p>\n","protected":false},"author":1,"featured_media":2866,"parent":1644,"menu_order":0,"comment_status":"closed","ping_status":"closed","template":"template-full-width.php","meta":{"footnotes":""},"class_list":{"0":"post-2864","1":"page","2":"type-page","3":"status-publish","4":"has-post-thumbnail","6":"resize-featured-image"},"_links":{"self":[{"href":"https:\/\/www.ramses.de\/index.php?rest_route=\/wp\/v2\/pages\/2864","targetHints":{"allow":["GET"]}}],"collection":[{"href":"https:\/\/www.ramses.de\/index.php?rest_route=\/wp\/v2\/pages"}],"about":[{"href":"https:\/\/www.ramses.de\/index.php?rest_route=\/wp\/v2\/types\/page"}],"author":[{"embeddable":true,"href":"https:\/\/www.ramses.de\/index.php?rest_route=\/wp\/v2\/users\/1"}],"replies":[{"embeddable":true,"href":"https:\/\/www.ramses.de\/index.php?rest_route=%2Fwp%2Fv2%2Fcomments&post=2864"}],"version-history":[{"count":3,"href":"https:\/\/www.ramses.de\/index.php?rest_route=\/wp\/v2\/pages\/2864\/revisions"}],"predecessor-version":[{"id":2871,"href":"https:\/\/www.ramses.de\/index.php?rest_route=\/wp\/v2\/pages\/2864\/revisions\/2871"}],"up":[{"embeddable":true,"href":"https:\/\/www.ramses.de\/index.php?rest_route=\/wp\/v2\/pages\/1644"}],"wp:featuredmedia":[{"embeddable":true,"href":"https:\/\/www.ramses.de\/index.php?rest_route=\/wp\/v2\/media\/2866"}],"wp:attachment":[{"href":"https:\/\/www.ramses.de\/index.php?rest_route=%2Fwp%2Fv2%2Fmedia&parent=2864"}],"curies":[{"name":"wp","href":"https:\/\/api.w.org\/{rel}","templated":true}]}}