{"id":2912,"date":"2014-11-16T20:03:55","date_gmt":"2014-11-16T18:03:55","guid":{"rendered":"http:\/\/www.ramses.de\/?page_id=2912"},"modified":"2014-11-16T20:04:19","modified_gmt":"2014-11-16T18:04:19","slug":"continental-ag-conti-tire-plus","status":"publish","type":"page","link":"https:\/\/www.ramses.de\/?page_id=2912","title":{"rendered":"Continental AG &#8211; Conti Tire Plus"},"content":{"rendered":"<h1>Conti Tire Plus<\/h1>\n<h3>Service System<\/h3>\n<p>Mit dem Conti Tire Plus System, unterst\u00fctzt der Conti Konzern seine Gro\u00dfkunden im t\u00e4glichen Gesch\u00e4ft. Unsere kleine Softwarel\u00f6sung sorgt dabei f\u00fcr die Auswertung des Systems.<\/p>\n<p>Statistiken sind eine der St\u00e4rken einer Datenbank, mit uns kann man rechnen&#8230;..<\/p>\n<p><a href=\"https:\/\/www.ramses.de\/wp-content\/uploads\/CTP1.jpg\"><img loading=\"lazy\" decoding=\"async\" class=\"alignnone size-medium wp-image-2913\" src=\"https:\/\/www.ramses.de\/wp-content\/uploads\/CTP1-300x198.jpg\" alt=\"CTP1\" width=\"300\" height=\"198\" srcset=\"https:\/\/www.ramses.de\/wp-content\/uploads\/CTP1-300x198.jpg 300w, https:\/\/www.ramses.de\/wp-content\/uploads\/CTP1-1024x677.jpg 1024w, https:\/\/www.ramses.de\/wp-content\/uploads\/CTP1.jpg 1348w\" sizes=\"auto, (max-width: 300px) 100vw, 300px\" \/><\/a><\/p>\n<p><a href=\"https:\/\/www.ramses.de\/wp-content\/uploads\/CTP2.jpg\"><img loading=\"lazy\" decoding=\"async\" class=\"alignnone size-medium wp-image-2914\" src=\"https:\/\/www.ramses.de\/wp-content\/uploads\/CTP2-300x193.jpg\" alt=\"CTP2\" width=\"300\" height=\"193\" srcset=\"https:\/\/www.ramses.de\/wp-content\/uploads\/CTP2-300x193.jpg 300w, https:\/\/www.ramses.de\/wp-content\/uploads\/CTP2-1024x661.jpg 1024w, https:\/\/www.ramses.de\/wp-content\/uploads\/CTP2.jpg 1357w\" sizes=\"auto, (max-width: 300px) 100vw, 300px\" \/><\/a><\/p>\n<p><a href=\"https:\/\/www.ramses.de\/wp-content\/uploads\/CTP3.jpg\"><img loading=\"lazy\" decoding=\"async\" class=\"alignnone size-medium wp-image-2915\" src=\"https:\/\/www.ramses.de\/wp-content\/uploads\/CTP3-300x210.jpg\" alt=\"CTP3\" width=\"300\" height=\"210\" srcset=\"https:\/\/www.ramses.de\/wp-content\/uploads\/CTP3-300x210.jpg 300w, https:\/\/www.ramses.de\/wp-content\/uploads\/CTP3.jpg 934w\" sizes=\"auto, (max-width: 300px) 100vw, 300px\" \/><\/a><\/p>\n<p>&nbsp;<\/p>\n<p>&nbsp;<\/p>\n<p>&nbsp;<\/p>\n<p>&nbsp;<\/p>\n<p>&nbsp;<\/p>\n<p>&nbsp;<\/p>\n<p>&nbsp;<\/p>\n<p>&nbsp;<\/p>\n<p>&nbsp;<\/p>\n<p>&nbsp;<\/p>\n<p>&nbsp;<\/p>\n","protected":false},"excerpt":{"rendered":"<p>Conti Tire Plus Service System Mit dem Conti Tire Plus System, unterst\u00fctzt der Conti Konzern seine Gro\u00dfkunden im t\u00e4glichen Gesch\u00e4ft. Unsere kleine Softwarel\u00f6sung sorgt dabei &#8230; <a title=\"Continental AG &#8211; Conti Tire Plus\" class=\"read-more\" href=\"https:\/\/www.ramses.de\/?page_id=2912\" aria-label=\"Mehr Informationen \u00fcber Continental AG &#8211; Conti Tire Plus\">Weiterlesen &#8230;<\/a><\/p>\n","protected":false},"author":1,"featured_media":2913,"parent":1353,"menu_order":0,"comment_status":"closed","ping_status":"closed","template":"template-full-width.php","meta":{"footnotes":""},"class_list":{"0":"post-2912","1":"page","2":"type-page","3":"status-publish","4":"has-post-thumbnail","6":"resize-featured-image"},"_links":{"self":[{"href":"https:\/\/www.ramses.de\/index.php?rest_route=\/wp\/v2\/pages\/2912","targetHints":{"allow":["GET"]}}],"collection":[{"href":"https:\/\/www.ramses.de\/index.php?rest_route=\/wp\/v2\/pages"}],"about":[{"href":"https:\/\/www.ramses.de\/index.php?rest_route=\/wp\/v2\/types\/page"}],"author":[{"embeddable":true,"href":"https:\/\/www.ramses.de\/index.php?rest_route=\/wp\/v2\/users\/1"}],"replies":[{"embeddable":true,"href":"https:\/\/www.ramses.de\/index.php?rest_route=%2Fwp%2Fv2%2Fcomments&post=2912"}],"version-history":[{"count":2,"href":"https:\/\/www.ramses.de\/index.php?rest_route=\/wp\/v2\/pages\/2912\/revisions"}],"predecessor-version":[{"id":2917,"href":"https:\/\/www.ramses.de\/index.php?rest_route=\/wp\/v2\/pages\/2912\/revisions\/2917"}],"up":[{"embeddable":true,"href":"https:\/\/www.ramses.de\/index.php?rest_route=\/wp\/v2\/pages\/1353"}],"wp:featuredmedia":[{"embeddable":true,"href":"https:\/\/www.ramses.de\/index.php?rest_route=\/wp\/v2\/media\/2913"}],"wp:attachment":[{"href":"https:\/\/www.ramses.de\/index.php?rest_route=%2Fwp%2Fv2%2Fmedia&parent=2912"}],"curies":[{"name":"wp","href":"https:\/\/api.w.org\/{rel}","templated":true}]}}