{"id":3072,"date":"2015-03-02T17:25:30","date_gmt":"2015-03-02T15:25:30","guid":{"rendered":"http:\/\/www.ramses.de\/?page_id=3072"},"modified":"2015-03-02T17:25:30","modified_gmt":"2015-03-02T15:25:30","slug":"factory-consultants-gmbh-lean-drive-light-2","status":"publish","type":"page","link":"https:\/\/www.ramses.de\/?page_id=3072","title":{"rendered":"Factory Consultants GmbH &#8211; Lean Drive Light"},"content":{"rendered":"<h1>Ein Planspiel zur B\u00fcroorganisation<\/h1>\n<p>war in diesem Fall unsere Aufgabe. Ziel ist die Schulung und Ausbildung der Mitarbeiter in Firmen der produzierenden Gewerbe, die im Office Bereich t\u00e4tig sind.<\/p>\n<ul>\n<li>Erfassung und Verwaltung der Kunden und Auftragsdaten<\/li>\n<li>Verwaltung von Fertigprodukten, Bauteilen und Baugruppen<\/li>\n<li>Bearbeitung von Spielrunden und Semiardaten<\/li>\n<li>Berechnung diverser Kennzahlen wie Durchaufzeiten, First Pass Yield, Servicegrad uvm.<\/li>\n<li>Anzeige der Fertigungsdaten im ANDON Board<\/li>\n<li>Scan von fertiggemeldeten Auftr\u00e4gen<\/li>\n<li>Auswertungen und Statistiken<\/li>\n<\/ul>\n<p>F\u00fcr den Einsatz im internationalen Gesch\u00e4ft haben wir die Oberfl\u00e4che des Planspieles sowohl in Deutsch als auch in Englisch erstellt.<\/p>\n<p><a href=\"https:\/\/www.ramses.de\/wp-content\/uploads\/LDRIVE01.jpg\"><img loading=\"lazy\" decoding=\"async\" class=\"alignnone size-medium wp-image-3073\" src=\"https:\/\/www.ramses.de\/wp-content\/uploads\/LDRIVE01-300x202.jpg\" alt=\"LDRIVE01\" width=\"300\" height=\"202\" srcset=\"https:\/\/www.ramses.de\/wp-content\/uploads\/LDRIVE01-300x202.jpg 300w, https:\/\/www.ramses.de\/wp-content\/uploads\/LDRIVE01-1024x691.jpg 1024w, https:\/\/www.ramses.de\/wp-content\/uploads\/LDRIVE01.jpg 1508w\" sizes=\"auto, (max-width: 300px) 100vw, 300px\" \/><\/a><\/p>\n<p><a href=\"https:\/\/www.ramses.de\/wp-content\/uploads\/LDRIVE02.jpg\"><img loading=\"lazy\" decoding=\"async\" class=\"alignnone size-medium wp-image-3074\" src=\"https:\/\/www.ramses.de\/wp-content\/uploads\/LDRIVE02-300x198.jpg\" alt=\"LDRIVE02\" width=\"300\" height=\"198\" srcset=\"https:\/\/www.ramses.de\/wp-content\/uploads\/LDRIVE02-300x198.jpg 300w, https:\/\/www.ramses.de\/wp-content\/uploads\/LDRIVE02-1024x676.jpg 1024w, https:\/\/www.ramses.de\/wp-content\/uploads\/LDRIVE02.jpg 1506w\" sizes=\"auto, (max-width: 300px) 100vw, 300px\" \/><\/a><\/p>\n<p><a href=\"https:\/\/www.ramses.de\/wp-content\/uploads\/LDRIVE03.jpg\"><img loading=\"lazy\" decoding=\"async\" class=\"alignnone size-medium wp-image-3075\" src=\"https:\/\/www.ramses.de\/wp-content\/uploads\/LDRIVE03-300x198.jpg\" alt=\"LDRIVE03\" width=\"300\" height=\"198\" srcset=\"https:\/\/www.ramses.de\/wp-content\/uploads\/LDRIVE03-300x198.jpg 300w, https:\/\/www.ramses.de\/wp-content\/uploads\/LDRIVE03-1024x676.jpg 1024w, https:\/\/www.ramses.de\/wp-content\/uploads\/LDRIVE03.jpg 1496w\" sizes=\"auto, (max-width: 300px) 100vw, 300px\" \/><\/a><\/p>\n<p>&nbsp;<\/p>\n<p>&nbsp;<\/p>\n<p>&nbsp;<\/p>\n","protected":false},"excerpt":{"rendered":"<p>Ein Planspiel zur B\u00fcroorganisation war in diesem Fall unsere Aufgabe. Ziel ist die Schulung und Ausbildung der Mitarbeiter in Firmen der produzierenden Gewerbe, die im &#8230; <a title=\"Factory Consultants GmbH &#8211; Lean Drive Light\" class=\"read-more\" href=\"https:\/\/www.ramses.de\/?page_id=3072\" aria-label=\"Mehr Informationen \u00fcber Factory Consultants GmbH &#8211; Lean Drive Light\">Weiterlesen &#8230;<\/a><\/p>\n","protected":false},"author":1,"featured_media":3074,"parent":1046,"menu_order":0,"comment_status":"closed","ping_status":"closed","template":"template-full-width.php","meta":{"footnotes":""},"class_list":{"0":"post-3072","1":"page","2":"type-page","3":"status-publish","4":"has-post-thumbnail","6":"resize-featured-image"},"_links":{"self":[{"href":"https:\/\/www.ramses.de\/index.php?rest_route=\/wp\/v2\/pages\/3072","targetHints":{"allow":["GET"]}}],"collection":[{"href":"https:\/\/www.ramses.de\/index.php?rest_route=\/wp\/v2\/pages"}],"about":[{"href":"https:\/\/www.ramses.de\/index.php?rest_route=\/wp\/v2\/types\/page"}],"author":[{"embeddable":true,"href":"https:\/\/www.ramses.de\/index.php?rest_route=\/wp\/v2\/users\/1"}],"replies":[{"embeddable":true,"href":"https:\/\/www.ramses.de\/index.php?rest_route=%2Fwp%2Fv2%2Fcomments&post=3072"}],"version-history":[{"count":1,"href":"https:\/\/www.ramses.de\/index.php?rest_route=\/wp\/v2\/pages\/3072\/revisions"}],"predecessor-version":[{"id":3076,"href":"https:\/\/www.ramses.de\/index.php?rest_route=\/wp\/v2\/pages\/3072\/revisions\/3076"}],"up":[{"embeddable":true,"href":"https:\/\/www.ramses.de\/index.php?rest_route=\/wp\/v2\/pages\/1046"}],"wp:featuredmedia":[{"embeddable":true,"href":"https:\/\/www.ramses.de\/index.php?rest_route=\/wp\/v2\/media\/3074"}],"wp:attachment":[{"href":"https:\/\/www.ramses.de\/index.php?rest_route=%2Fwp%2Fv2%2Fmedia&parent=3072"}],"curies":[{"name":"wp","href":"https:\/\/api.w.org\/{rel}","templated":true}]}}