{"id":3079,"date":"2015-03-03T11:24:01","date_gmt":"2015-03-03T09:24:01","guid":{"rendered":"http:\/\/www.ramses.de\/?page_id=3079"},"modified":"2015-03-03T11:24:01","modified_gmt":"2015-03-03T09:24:01","slug":"bosch-technik-fues-leben-erprobungsdatenbank","status":"publish","type":"page","link":"https:\/\/www.ramses.de\/?page_id=3079","title":{"rendered":"Bosch Technik f\u00fcs Leben &#8211; Erprobungsdatenbank"},"content":{"rendered":"<h1>Bosch Technik f\u00fcs Leben<\/h1>\n<h3>Erprobungsdatenbank<\/h3>\n<p>In fast jedem Auto befinden sich die Komponenten aus dem Bosch Konzerns. Ob Starter, Generatoren oder Multimedia Kompontenen, ein hohes Ma\u00df an Zuverl\u00e4ssigkeit ist ein Versprechen, dass jedes Bauteil erf\u00fcllen muss.<\/p>\n<p>Im Rahmen unserer Datenbank wird die Erprobung von Komponenten verwaltet um die Qualit\u00e4tssicherung zu unterst\u00fctzen.<\/p>\n<ul>\n<li>Erfassung und Verwaltung der Pr\u00fcfungen<\/li>\n<li>Motoren, Baugruppen und Komponenten<\/li>\n<li>Zuwendungsgeber und Ausschreibungen<\/li>\n<li>Pr\u00fcf- und Testverfahren<\/li>\n<li>Bewertungskriterien und Merkmale<\/li>\n<li>Auswertungen und Statistiken<\/li>\n<\/ul>\n<p>&nbsp;<\/p>\n<p><a href=\"https:\/\/www.ramses.de\/wp-content\/uploads\/Probe01.jpg\"><img loading=\"lazy\" decoding=\"async\" class=\"alignnone size-medium wp-image-3080\" src=\"https:\/\/www.ramses.de\/wp-content\/uploads\/Probe01-300x203.jpg\" alt=\"Probe01\" width=\"300\" height=\"203\" srcset=\"https:\/\/www.ramses.de\/wp-content\/uploads\/Probe01-300x203.jpg 300w, https:\/\/www.ramses.de\/wp-content\/uploads\/Probe01-1024x693.jpg 1024w, https:\/\/www.ramses.de\/wp-content\/uploads\/Probe01.jpg 1546w\" sizes=\"auto, (max-width: 300px) 100vw, 300px\" \/><\/a><\/p>\n<p>&nbsp;<\/p>\n<p><a href=\"https:\/\/www.ramses.de\/wp-content\/uploads\/Probe02.jpg\"><img loading=\"lazy\" decoding=\"async\" class=\"alignnone size-medium wp-image-3081\" src=\"https:\/\/www.ramses.de\/wp-content\/uploads\/Probe02-300x202.jpg\" alt=\"Probe02\" width=\"300\" height=\"202\" srcset=\"https:\/\/www.ramses.de\/wp-content\/uploads\/Probe02-300x202.jpg 300w, https:\/\/www.ramses.de\/wp-content\/uploads\/Probe02-1024x690.jpg 1024w, https:\/\/www.ramses.de\/wp-content\/uploads\/Probe02.jpg 1540w\" sizes=\"auto, (max-width: 300px) 100vw, 300px\" \/><\/a><\/p>\n<p><a href=\"https:\/\/www.ramses.de\/wp-content\/uploads\/Probe03.jpg\"><img loading=\"lazy\" decoding=\"async\" class=\"alignnone size-medium wp-image-3082\" src=\"https:\/\/www.ramses.de\/wp-content\/uploads\/Probe03-300x202.jpg\" alt=\"Probe03\" width=\"300\" height=\"202\" srcset=\"https:\/\/www.ramses.de\/wp-content\/uploads\/Probe03-300x202.jpg 300w, https:\/\/www.ramses.de\/wp-content\/uploads\/Probe03-1024x689.jpg 1024w, https:\/\/www.ramses.de\/wp-content\/uploads\/Probe03.jpg 1545w\" sizes=\"auto, (max-width: 300px) 100vw, 300px\" \/><\/a><\/p>\n<p><a href=\"https:\/\/www.ramses.de\/wp-content\/uploads\/Probe04.jpg\"><img loading=\"lazy\" decoding=\"async\" class=\"alignnone size-medium wp-image-3083\" src=\"https:\/\/www.ramses.de\/wp-content\/uploads\/Probe04-300x203.jpg\" alt=\"Probe04\" width=\"300\" height=\"203\" srcset=\"https:\/\/www.ramses.de\/wp-content\/uploads\/Probe04-300x203.jpg 300w, https:\/\/www.ramses.de\/wp-content\/uploads\/Probe04-1024x692.jpg 1024w, https:\/\/www.ramses.de\/wp-content\/uploads\/Probe04.jpg 1544w\" sizes=\"auto, (max-width: 300px) 100vw, 300px\" \/><\/a><\/p>\n<p>&nbsp;<\/p>\n<p>&nbsp;<\/p>\n<p>&nbsp;<\/p>\n<p>&nbsp;<\/p>\n<p>&nbsp;<\/p>\n<p>&nbsp;<\/p>\n","protected":false},"excerpt":{"rendered":"<p>Bosch Technik f\u00fcs Leben Erprobungsdatenbank In fast jedem Auto befinden sich die Komponenten aus dem Bosch Konzerns. Ob Starter, Generatoren oder Multimedia Kompontenen, ein hohes &#8230; <a title=\"Bosch Technik f\u00fcs Leben &#8211; Erprobungsdatenbank\" class=\"read-more\" href=\"https:\/\/www.ramses.de\/?page_id=3079\" aria-label=\"Mehr Informationen \u00fcber Bosch Technik f\u00fcs Leben &#8211; Erprobungsdatenbank\">Weiterlesen &#8230;<\/a><\/p>\n","protected":false},"author":1,"featured_media":3080,"parent":2359,"menu_order":0,"comment_status":"closed","ping_status":"closed","template":"template-full-width.php","meta":{"footnotes":""},"class_list":{"0":"post-3079","1":"page","2":"type-page","3":"status-publish","4":"has-post-thumbnail","6":"resize-featured-image"},"_links":{"self":[{"href":"https:\/\/www.ramses.de\/index.php?rest_route=\/wp\/v2\/pages\/3079","targetHints":{"allow":["GET"]}}],"collection":[{"href":"https:\/\/www.ramses.de\/index.php?rest_route=\/wp\/v2\/pages"}],"about":[{"href":"https:\/\/www.ramses.de\/index.php?rest_route=\/wp\/v2\/types\/page"}],"author":[{"embeddable":true,"href":"https:\/\/www.ramses.de\/index.php?rest_route=\/wp\/v2\/users\/1"}],"replies":[{"embeddable":true,"href":"https:\/\/www.ramses.de\/index.php?rest_route=%2Fwp%2Fv2%2Fcomments&post=3079"}],"version-history":[{"count":1,"href":"https:\/\/www.ramses.de\/index.php?rest_route=\/wp\/v2\/pages\/3079\/revisions"}],"predecessor-version":[{"id":3084,"href":"https:\/\/www.ramses.de\/index.php?rest_route=\/wp\/v2\/pages\/3079\/revisions\/3084"}],"up":[{"embeddable":true,"href":"https:\/\/www.ramses.de\/index.php?rest_route=\/wp\/v2\/pages\/2359"}],"wp:featuredmedia":[{"embeddable":true,"href":"https:\/\/www.ramses.de\/index.php?rest_route=\/wp\/v2\/media\/3080"}],"wp:attachment":[{"href":"https:\/\/www.ramses.de\/index.php?rest_route=%2Fwp%2Fv2%2Fmedia&parent=3079"}],"curies":[{"name":"wp","href":"https:\/\/api.w.org\/{rel}","templated":true}]}}