{"id":3346,"date":"2015-07-09T06:48:11","date_gmt":"2015-07-09T04:48:11","guid":{"rendered":"http:\/\/www.ramses.de\/?page_id=3346"},"modified":"2025-10-02T07:01:52","modified_gmt":"2025-10-02T05:01:52","slug":"excel-uebungsaufgaben","status":"publish","type":"page","link":"https:\/\/www.ramses.de\/?page_id=3346","title":{"rendered":"Excel \u00dcbungsaufgaben"},"content":{"rendered":"\n<div>\n<h1>Der \u00dcbungsaufgaben zu den Excel Kursen<\/h1>\n<\/div>\n\n\n\n<div>\n<p>In den diversen Excel Seminaren machen wir eine Reihe von \u00dcbungen, die hier zum Download zur Verf\u00fcgung stehen.<strong><br><\/strong><\/p>\n<\/div>\n\n\n\n<table id=\"tablepress-2\" class=\"tablepress tablepress-id-2\">\n<thead>\n<tr class=\"row-1\">\n\t<th class=\"column-1\">Aufgabe<\/th><th class=\"column-2\">Aufgabenstellung [02]<\/th><th class=\"column-3\">\u00dcbungsdatei [03]<\/th><th class=\"column-4\">L\u00f6sungsvorschlag [05]<\/th><th class=\"column-5\">Rohdaten [06]<\/th>\n<\/tr>\n<\/thead>\n<tbody class=\"row-striping row-hover\">\n<tr class=\"row-2\">\n\t<td class=\"column-1\">Aktivit\u00e4ten<\/td><td class=\"column-2\"><a href=\"https:\/\/www.ramses.de\/service\/files\/xl05AKTIVITAETEN.pdf\">Aktivit\u00e4tenprotokoll<\/a><\/td><td class=\"column-3\"><a href=\"https:\/\/www.ramses.de\/service\/files\/xl03AKTIVITAETEN.xlsx\">Aktivit\u00e4tenprotokoll<\/a><\/td><td class=\"column-4\"><a href=\"https:\/\/www.ramses.de\/service\/files\/xl05AKTIVITAETEN.pdf\">Aktivit\u00e4tenprotokoll<\/a><\/td><td class=\"column-5\"><\/td>\n<\/tr>\n<tr class=\"row-3\">\n\t<td class=\"column-1\">Benzin<\/td><td class=\"column-2\"><a href=\"https:\/\/www.ramses.de\/service\/files\/xl02BENZIN.pdf\">Benzin<\/a><\/td><td class=\"column-3\"><a href=\"https:\/\/www.ramses.de\/service\/files\/xl03BENZIN.xlsx\">Benzin<\/a><\/td><td class=\"column-4\"><a href=\"https:\/\/www.ramses.de\/service\/files\/xl05BENZIN.pdf\"><\/a><\/td><td class=\"column-5\"><\/td>\n<\/tr>\n<tr class=\"row-4\">\n\t<td class=\"column-1\">Bestellungen<\/td><td class=\"column-2\"><a href=\"https:\/\/www.ramses.de\/service\/files\/xl02BESTELLUNG.pdf\">Bestellungen<\/a><\/td><td class=\"column-3\"><a href=\"https:\/\/www.ramses.de\/service\/files\/xl03BESTELLUNG.xlsx\">Bestellungen<\/a><\/td><td class=\"column-4\"><a href=\"https:\/\/www.ramses.de\/service\/files\/xl05BESTELLUNG.pdf\">Bestellungen<\/a><\/td><td class=\"column-5\"><\/td>\n<\/tr>\n<tr class=\"row-5\">\n\t<td class=\"column-1\">Bestellungen Rohdaten<\/td><td class=\"column-2\"><\/td><td class=\"column-3\"><a href=\"https:\/\/www.ramses.de\/service\/files\/BESTELLUNGEN ROHDATEN.xlsx\">Bestellungen Rohdaten<\/a><\/td><td class=\"column-4\"><\/td><td class=\"column-5\"><\/td>\n<\/tr>\n<tr class=\"row-6\">\n\t<td class=\"column-1\">Bestellauswertungen<\/td><td class=\"column-2\"><\/td><td class=\"column-3\"><a href=\"https:\/\/www.ramses.de\/service\/files\/xl03BESTELLAUSWERTUNGEN.xlsx\">Bestellauswertungen<\/a><\/td><td class=\"column-4\"><a href=\"https:\/\/www.ramses.de\/service\/files\/xl05BESTELLAUSWERTUNGEN.pdf\">Bestellauswertungen<\/a><\/td><td class=\"column-5\"><\/td>\n<\/tr>\n<tr class=\"row-7\">\n\t<td class=\"column-1\">Kennzahlenberechnung<\/td><td class=\"column-2\"><\/td><td class=\"column-3\"><\/td><td class=\"column-4\"><\/td><td class=\"column-5\"><a href=\"https:\/\/www.ramses.de\/service\/files\/xl06LEISTUNGSKENNZAHLEN_KPI.xlsx\">Kennzahlenberechnung<\/a><\/td>\n<\/tr>\n<tr class=\"row-8\">\n\t<td class=\"column-1\">Mietberechnung<\/td><td class=\"column-2\"><a href=\"https:\/\/www.ramses.de\/service\/files\/xl02MIETBERECHNUNG.pdf\">Mietberechnung<\/a><\/td><td class=\"column-3\"><a href=\"https:\/\/www.ramses.de\/service\/files\/xl03MIETBERECHNUNG.xlsx\">Mietberechnung<\/a><\/td><td class=\"column-4\"><a href=\"https:\/\/www.ramses.de\/service\/files\/xl05MIETBERECHNUNG.pdf\">Mietberechnung<\/a><\/td><td class=\"column-5\"><\/td>\n<\/tr>\n<tr class=\"row-9\">\n\t<td class=\"column-1\">Zeitbalken<\/td><td class=\"column-2\"><\/td><td class=\"column-3\"><a href=\"https:\/\/www.ramses.de\/service\/files\/xl02ZEITBALKEN.xlsx\">Zeitbalken<\/a><\/td><td class=\"column-4\"><a href=\"https:\/\/www.ramses.de\/service\/files\/xl05ZEITBALKEN.pdf\">Zeitbalken<\/a><\/td><td class=\"column-5\"><\/td>\n<\/tr>\n<tr class=\"row-10\">\n\t<td class=\"column-1\">Handel<\/td><td class=\"column-2\"><\/td><td class=\"column-3\"><\/td><td class=\"column-4\"><\/td><td class=\"column-5\"><a href=\"https:\/\/www.ramses.de\/service\/files\/Pivot Datenmodell.zip\">Handel<\/a><\/td>\n<\/tr>\n<tr class=\"row-11\">\n\t<td class=\"column-1\"><\/td><td class=\"column-2\"><\/td><td class=\"column-3\"><\/td><td class=\"column-4\"><\/td><td class=\"column-5\"><\/td>\n<\/tr>\n<tr class=\"row-12\">\n\t<td class=\"column-1\"><\/td><td class=\"column-2\"><\/td><td class=\"column-3\"><\/td><td class=\"column-4\"><\/td><td class=\"column-5\"><\/td>\n<\/tr>\n<tr class=\"row-13\">\n\t<td class=\"column-1\"><\/td><td class=\"column-2\"><\/td><td class=\"column-3\"><\/td><td class=\"column-4\"><\/td><td class=\"column-5\"><\/td>\n<\/tr>\n<tr class=\"row-14\">\n\t<td class=\"column-1\"><\/td><td class=\"column-2\"><\/td><td class=\"column-3\"><\/td><td class=\"column-4\"><\/td><td class=\"column-5\"><\/td>\n<\/tr>\n<tr class=\"row-15\">\n\t<td class=\"column-1\"><\/td><td class=\"column-2\"><\/td><td class=\"column-3\"><\/td><td class=\"column-4\"><\/td><td class=\"column-5\"><\/td>\n<\/tr>\n<tr class=\"row-16\">\n\t<td class=\"column-1\"><\/td><td class=\"column-2\"><\/td><td class=\"column-3\"><\/td><td class=\"column-4\"><\/td><td class=\"column-5\"><\/td>\n<\/tr>\n<\/tbody>\n<\/table>\n<!-- #tablepress-2 from cache -->\n\n\n<p>Es fehlt Ihnen eine Aufgabe? Mailen Sie mir und ich erstelle Ihnen eine entsprechende Aufgabe.<\/p>\n\n\n\n<p>&nbsp;<\/p>\n","protected":false},"excerpt":{"rendered":"<p>Der \u00dcbungsaufgaben zu den Excel Kursen In den diversen Excel Seminaren machen wir eine Reihe von \u00dcbungen, die hier zum Download zur Verf\u00fcgung stehen. Es &#8230; <a title=\"Excel \u00dcbungsaufgaben\" class=\"read-more\" href=\"https:\/\/www.ramses.de\/?page_id=3346\" aria-label=\"Mehr Informationen \u00fcber Excel \u00dcbungsaufgaben\">Weiterlesen &#8230;<\/a><\/p>\n","protected":false},"author":1,"featured_media":0,"parent":685,"menu_order":0,"comment_status":"closed","ping_status":"closed","template":"","meta":{"footnotes":""},"class_list":["post-3346","page","type-page","status-publish"],"_links":{"self":[{"href":"https:\/\/www.ramses.de\/index.php?rest_route=\/wp\/v2\/pages\/3346","targetHints":{"allow":["GET"]}}],"collection":[{"href":"https:\/\/www.ramses.de\/index.php?rest_route=\/wp\/v2\/pages"}],"about":[{"href":"https:\/\/www.ramses.de\/index.php?rest_route=\/wp\/v2\/types\/page"}],"author":[{"embeddable":true,"href":"https:\/\/www.ramses.de\/index.php?rest_route=\/wp\/v2\/users\/1"}],"replies":[{"embeddable":true,"href":"https:\/\/www.ramses.de\/index.php?rest_route=%2Fwp%2Fv2%2Fcomments&post=3346"}],"version-history":[{"count":8,"href":"https:\/\/www.ramses.de\/index.php?rest_route=\/wp\/v2\/pages\/3346\/revisions"}],"predecessor-version":[{"id":7129,"href":"https:\/\/www.ramses.de\/index.php?rest_route=\/wp\/v2\/pages\/3346\/revisions\/7129"}],"up":[{"embeddable":true,"href":"https:\/\/www.ramses.de\/index.php?rest_route=\/wp\/v2\/pages\/685"}],"wp:attachment":[{"href":"https:\/\/www.ramses.de\/index.php?rest_route=%2Fwp%2Fv2%2Fmedia&parent=3346"}],"curies":[{"name":"wp","href":"https:\/\/api.w.org\/{rel}","templated":true}]}}