{"id":3656,"date":"2015-11-26T20:04:50","date_gmt":"2015-11-26T18:04:50","guid":{"rendered":"http:\/\/www.ramses.de\/?page_id=3656"},"modified":"2015-11-26T20:05:53","modified_gmt":"2015-11-26T18:05:53","slug":"stadt-lehrte-unterbringungsverfahren-ubofas","status":"publish","type":"page","link":"https:\/\/www.ramses.de\/?page_id=3656","title":{"rendered":"Stadt Lehrte &#8211; Unterbringungsverfahren UBOFAS"},"content":{"rendered":"<h1>Die Verwaltung von Obdachlosen, Asylbewerbern und Fl\u00fcchtlingen<\/h1>\n<p>Dieses Programm dient der Verwaltung der Unterbringung von Obdachlosen, ausl\u00e4ndischen Fl\u00fcchtlingen und Aussiedlern in den st\u00e4dtischen Unterk\u00fcnften sowie der Abrechnung der Unterbringung. Hierbei werden alle relevanten Informationen \u00fcber die Antragsteller sowie deren Haushaltsangeh\u00f6rigen gespeichert.<\/p>\n<p>Eine der Hauptprobleme bei der Verwaltung der Zielgruppen ist die Berechnung der Entgelte f\u00fcr die Unterbringung in den st\u00e4dtischen Wohnheimen. Unser Datenbank System erm\u00f6glicht nun eine automatisierte Abrechnung der verschiedenen Leistungen.Verwaltung von Obdachlosen, ausl\u00e4ndischen Fl\u00fcchtlingen und Aussiedlern inklusive deren Haushaltsangeh\u00f6rigen<\/p>\n<ul>\n<li>Pflege der Unterk\u00fcnfte sowie deren Betreiber<\/li>\n<li>Unterbringung der Personen in die Unterk\u00fcnfte<\/li>\n<li>Berechnung der Geb\u00fchrenbescheide<\/li>\n<li>Erstellung s\u00e4mtlicher im Verfahren notwendiger Bescheide<\/li>\n<li>Erstellung hausinterner Mitteilungen und Kassenanweisungen<\/li>\n<li>Statistiken und Auswertungen der Daten<\/li>\n<\/ul>\n<p>Die optimale Unterbringung der Personen wird mit diesem System unterst\u00fctzt. Die dabei anfallenden Informationen werden dann im Anschlu\u00df daran genutzt, um die \u00e4u\u00dferst komplexe Abrechnung zu gew\u00e4hrleisten. Ein Paradebeispiel f\u00fcr die Vorteile eine EDV gest\u00fctzten Informationsverarbeitung.<\/p>\n<p><a href=\"https:\/\/www.ramses.de\/wp-content\/uploads\/Unterbringung01.jpg\"><img loading=\"lazy\" decoding=\"async\" class=\"alignnone size-medium wp-image-2638\" src=\"https:\/\/www.ramses.de\/wp-content\/uploads\/Unterbringung01-300x182.jpg\" alt=\"Unterbringung01\" width=\"300\" height=\"182\" srcset=\"https:\/\/www.ramses.de\/wp-content\/uploads\/Unterbringung01-300x182.jpg 300w, https:\/\/www.ramses.de\/wp-content\/uploads\/Unterbringung01-1024x621.jpg 1024w, https:\/\/www.ramses.de\/wp-content\/uploads\/Unterbringung01.jpg 1730w\" sizes=\"auto, (max-width: 300px) 100vw, 300px\" \/><\/a><\/p>\n<p><a href=\"https:\/\/www.ramses.de\/wp-content\/uploads\/Unterbringung02.jpg\"><img loading=\"lazy\" decoding=\"async\" class=\"alignnone size-medium wp-image-2639\" src=\"https:\/\/www.ramses.de\/wp-content\/uploads\/Unterbringung02-300x180.jpg\" alt=\"Unterbringung02\" width=\"300\" height=\"180\" srcset=\"https:\/\/www.ramses.de\/wp-content\/uploads\/Unterbringung02-300x180.jpg 300w, https:\/\/www.ramses.de\/wp-content\/uploads\/Unterbringung02-1024x615.jpg 1024w, https:\/\/www.ramses.de\/wp-content\/uploads\/Unterbringung02.jpg 1729w\" sizes=\"auto, (max-width: 300px) 100vw, 300px\" \/><\/a><\/p>\n<p><a href=\"https:\/\/www.ramses.de\/wp-content\/uploads\/Unterbringung03.jpg\"><img loading=\"lazy\" decoding=\"async\" class=\"alignnone size-medium wp-image-2641\" src=\"https:\/\/www.ramses.de\/wp-content\/uploads\/Unterbringung03-300x180.jpg\" alt=\"Unterbringung03\" width=\"300\" height=\"180\" srcset=\"https:\/\/www.ramses.de\/wp-content\/uploads\/Unterbringung03-300x180.jpg 300w, https:\/\/www.ramses.de\/wp-content\/uploads\/Unterbringung03-1024x616.jpg 1024w, https:\/\/www.ramses.de\/wp-content\/uploads\/Unterbringung03.jpg 1727w\" sizes=\"auto, (max-width: 300px) 100vw, 300px\" \/><\/a><\/p>\n<p><a href=\"https:\/\/www.ramses.de\/wp-content\/uploads\/Unterbringung04.jpg\"><img loading=\"lazy\" decoding=\"async\" class=\"alignnone size-medium wp-image-2642\" src=\"https:\/\/www.ramses.de\/wp-content\/uploads\/Unterbringung04-300x182.jpg\" alt=\"Unterbringung04\" width=\"300\" height=\"182\" srcset=\"https:\/\/www.ramses.de\/wp-content\/uploads\/Unterbringung04-300x182.jpg 300w, https:\/\/www.ramses.de\/wp-content\/uploads\/Unterbringung04-1024x622.jpg 1024w, https:\/\/www.ramses.de\/wp-content\/uploads\/Unterbringung04.jpg 1722w\" sizes=\"auto, (max-width: 300px) 100vw, 300px\" \/><\/a><\/p>\n<p><a href=\"https:\/\/www.ramses.de\/wp-content\/uploads\/Unterbringung05.jpg\"><img loading=\"lazy\" decoding=\"async\" class=\"alignnone size-medium wp-image-2643\" src=\"https:\/\/www.ramses.de\/wp-content\/uploads\/Unterbringung05-300x183.jpg\" alt=\"Unterbringung05\" width=\"300\" height=\"183\" srcset=\"https:\/\/www.ramses.de\/wp-content\/uploads\/Unterbringung05-300x183.jpg 300w, https:\/\/www.ramses.de\/wp-content\/uploads\/Unterbringung05-1024x627.jpg 1024w, https:\/\/www.ramses.de\/wp-content\/uploads\/Unterbringung05.jpg 1708w\" sizes=\"auto, (max-width: 300px) 100vw, 300px\" \/><\/a><\/p>\n<p><a href=\"https:\/\/www.ramses.de\/wp-content\/uploads\/Unterbringung06.jpg\"><img loading=\"lazy\" decoding=\"async\" class=\"alignnone size-medium wp-image-2644\" src=\"https:\/\/www.ramses.de\/wp-content\/uploads\/Unterbringung06-300x181.jpg\" alt=\"Unterbringung06\" width=\"300\" height=\"181\" srcset=\"https:\/\/www.ramses.de\/wp-content\/uploads\/Unterbringung06-300x181.jpg 300w, https:\/\/www.ramses.de\/wp-content\/uploads\/Unterbringung06-1024x619.jpg 1024w, https:\/\/www.ramses.de\/wp-content\/uploads\/Unterbringung06.jpg 1727w\" sizes=\"auto, (max-width: 300px) 100vw, 300px\" \/><\/a><\/p>\n<p>&nbsp;<\/p>\n","protected":false},"excerpt":{"rendered":"<p>Die Verwaltung von Obdachlosen, Asylbewerbern und Fl\u00fcchtlingen Dieses Programm dient der Verwaltung der Unterbringung von Obdachlosen, ausl\u00e4ndischen Fl\u00fcchtlingen und Aussiedlern in den st\u00e4dtischen Unterk\u00fcnften sowie &#8230; <a title=\"Stadt Lehrte &#8211; Unterbringungsverfahren UBOFAS\" class=\"read-more\" href=\"https:\/\/www.ramses.de\/?page_id=3656\" aria-label=\"Mehr Informationen \u00fcber Stadt Lehrte &#8211; Unterbringungsverfahren UBOFAS\">Weiterlesen &#8230;<\/a><\/p>\n","protected":false},"author":1,"featured_media":2638,"parent":3654,"menu_order":0,"comment_status":"closed","ping_status":"closed","template":"template-full-width.php","meta":{"footnotes":""},"class_list":{"0":"post-3656","1":"page","2":"type-page","3":"status-publish","4":"has-post-thumbnail","6":"resize-featured-image"},"_links":{"self":[{"href":"https:\/\/www.ramses.de\/index.php?rest_route=\/wp\/v2\/pages\/3656","targetHints":{"allow":["GET"]}}],"collection":[{"href":"https:\/\/www.ramses.de\/index.php?rest_route=\/wp\/v2\/pages"}],"about":[{"href":"https:\/\/www.ramses.de\/index.php?rest_route=\/wp\/v2\/types\/page"}],"author":[{"embeddable":true,"href":"https:\/\/www.ramses.de\/index.php?rest_route=\/wp\/v2\/users\/1"}],"replies":[{"embeddable":true,"href":"https:\/\/www.ramses.de\/index.php?rest_route=%2Fwp%2Fv2%2Fcomments&post=3656"}],"version-history":[{"count":1,"href":"https:\/\/www.ramses.de\/index.php?rest_route=\/wp\/v2\/pages\/3656\/revisions"}],"predecessor-version":[{"id":3657,"href":"https:\/\/www.ramses.de\/index.php?rest_route=\/wp\/v2\/pages\/3656\/revisions\/3657"}],"up":[{"embeddable":true,"href":"https:\/\/www.ramses.de\/index.php?rest_route=\/wp\/v2\/pages\/3654"}],"wp:featuredmedia":[{"embeddable":true,"href":"https:\/\/www.ramses.de\/index.php?rest_route=\/wp\/v2\/media\/2638"}],"wp:attachment":[{"href":"https:\/\/www.ramses.de\/index.php?rest_route=%2Fwp%2Fv2%2Fmedia&parent=3656"}],"curies":[{"name":"wp","href":"https:\/\/api.w.org\/{rel}","templated":true}]}}