{"id":4120,"date":"2016-07-21T17:18:25","date_gmt":"2016-07-21T15:18:25","guid":{"rendered":"http:\/\/www.ramses.de\/?page_id=4120"},"modified":"2019-07-22T13:14:10","modified_gmt":"2019-07-22T11:14:10","slug":"referenzen-mettler-toledo","status":"publish","type":"page","link":"https:\/\/www.ramses.de\/?page_id=4120","title":{"rendered":"Referenzen &#8211; Mettler Toledo"},"content":{"rendered":"<h3>Pr\u00e4zisionswaagen<\/h3>\n<p>Die Firma Mettler Toledo ist spezialisiert auf Pr\u00e4zisionswaagen f\u00fcr den professionellen Gebrauch. Das Unternehmen ist der weltgr\u00f6\u00dfte Hersteller von W\u00e4gesystemen. Wir durften f\u00fcr die Damen und Herren in der Niederlassung Giesen ein kleines Tool zur Datenauswertung erstellen.<\/p>\n<p>Das Projekt<\/p>\n<ul>\n<li><a href=\"https:\/\/www.ramses.de\/?page_id=4123\">Reporting Tool<\/a><\/li>\n<li><a href=\"https:\/\/www.ramses.de\/?page_id=5212\">Service Center<\/a><\/li>\n<\/ul>\n<p>Weitere Informationen finden Sie im Internet <a href=\"http:\/\/www.mt.com\/de\/de\/home.html\">hier&#8230;..<\/a><\/p>\n<p>&nbsp;<\/p>\n","protected":false},"excerpt":{"rendered":"<p>Pr\u00e4zisionswaagen Die Firma Mettler Toledo ist spezialisiert auf Pr\u00e4zisionswaagen f\u00fcr den professionellen Gebrauch. Das Unternehmen ist der weltgr\u00f6\u00dfte Hersteller von W\u00e4gesystemen. Wir durften f\u00fcr die &#8230; <a title=\"Referenzen &#8211; Mettler Toledo\" class=\"read-more\" href=\"https:\/\/www.ramses.de\/?page_id=4120\" aria-label=\"Mehr Informationen \u00fcber Referenzen &#8211; Mettler Toledo\">Weiterlesen &#8230;<\/a><\/p>\n","protected":false},"author":1,"featured_media":0,"parent":745,"menu_order":0,"comment_status":"closed","ping_status":"closed","template":"template-full-width.php","meta":{"footnotes":""},"class_list":["post-4120","page","type-page","status-publish"],"_links":{"self":[{"href":"https:\/\/www.ramses.de\/index.php?rest_route=\/wp\/v2\/pages\/4120","targetHints":{"allow":["GET"]}}],"collection":[{"href":"https:\/\/www.ramses.de\/index.php?rest_route=\/wp\/v2\/pages"}],"about":[{"href":"https:\/\/www.ramses.de\/index.php?rest_route=\/wp\/v2\/types\/page"}],"author":[{"embeddable":true,"href":"https:\/\/www.ramses.de\/index.php?rest_route=\/wp\/v2\/users\/1"}],"replies":[{"embeddable":true,"href":"https:\/\/www.ramses.de\/index.php?rest_route=%2Fwp%2Fv2%2Fcomments&post=4120"}],"version-history":[{"count":3,"href":"https:\/\/www.ramses.de\/index.php?rest_route=\/wp\/v2\/pages\/4120\/revisions"}],"predecessor-version":[{"id":5216,"href":"https:\/\/www.ramses.de\/index.php?rest_route=\/wp\/v2\/pages\/4120\/revisions\/5216"}],"up":[{"embeddable":true,"href":"https:\/\/www.ramses.de\/index.php?rest_route=\/wp\/v2\/pages\/745"}],"wp:attachment":[{"href":"https:\/\/www.ramses.de\/index.php?rest_route=%2Fwp%2Fv2%2Fmedia&parent=4120"}],"curies":[{"name":"wp","href":"https:\/\/api.w.org\/{rel}","templated":true}]}}