{"id":4135,"date":"2016-07-22T12:52:07","date_gmt":"2016-07-22T10:52:07","guid":{"rendered":"http:\/\/www.ramses.de\/?page_id=4135"},"modified":"2016-07-22T12:52:07","modified_gmt":"2016-07-22T10:52:07","slug":"referenzen-fachhochschule-rosenheim","status":"publish","type":"page","link":"https:\/\/www.ramses.de\/?page_id=4135","title":{"rendered":"Referenzen &#8211; Fachhochschule Rosenheim"},"content":{"rendered":"<h3>Die FH Rosenheim<\/h3>\n<p>Die Hochschule f\u00fcr angewandte Wissenschaften Fachhochschule Rosenheim (kurz Hochschule Rosenheim oder FH Rosenheim) wurde am 1. August 1971 als Fachhochschule gegr\u00fcndet. Sie ist vor allem durch ihre Fakult\u00e4t f\u00fcr Holztechnik und Bau bekannt.<\/p>\n<p>Wir durften f\u00fcr die Fachhochschule das Lean Office Tool anpassen<\/p>\n<p>Das Projekt<\/p>\n<ul>\n<li><a title=\"Universit\u00e4t Hannover IFA \u2013 Wandlung\" href=\"https:\/\/www.ramses.de\/?page_id=1077\">Lean Office<\/a><\/li>\n<\/ul>\n<p>Weitere Informationen finden Sie im Internet <a href=\"http:\/\/www.fh-rosenheim.de\/\">hier&#8230;..<\/a><\/p>\n<p>&nbsp;<\/p>\n","protected":false},"excerpt":{"rendered":"<p>Die FH Rosenheim Die Hochschule f\u00fcr angewandte Wissenschaften Fachhochschule Rosenheim (kurz Hochschule Rosenheim oder FH Rosenheim) wurde am 1. August 1971 als Fachhochschule gegr\u00fcndet. Sie &#8230; <a title=\"Referenzen &#8211; Fachhochschule Rosenheim\" class=\"read-more\" href=\"https:\/\/www.ramses.de\/?page_id=4135\" aria-label=\"Mehr Informationen \u00fcber Referenzen &#8211; Fachhochschule Rosenheim\">Weiterlesen &#8230;<\/a><\/p>\n","protected":false},"author":1,"featured_media":1429,"parent":745,"menu_order":0,"comment_status":"closed","ping_status":"closed","template":"template-full-width.php","meta":{"footnotes":""},"class_list":{"0":"post-4135","1":"page","2":"type-page","3":"status-publish","4":"has-post-thumbnail","6":"resize-featured-image"},"_links":{"self":[{"href":"https:\/\/www.ramses.de\/index.php?rest_route=\/wp\/v2\/pages\/4135","targetHints":{"allow":["GET"]}}],"collection":[{"href":"https:\/\/www.ramses.de\/index.php?rest_route=\/wp\/v2\/pages"}],"about":[{"href":"https:\/\/www.ramses.de\/index.php?rest_route=\/wp\/v2\/types\/page"}],"author":[{"embeddable":true,"href":"https:\/\/www.ramses.de\/index.php?rest_route=\/wp\/v2\/users\/1"}],"replies":[{"embeddable":true,"href":"https:\/\/www.ramses.de\/index.php?rest_route=%2Fwp%2Fv2%2Fcomments&post=4135"}],"version-history":[{"count":1,"href":"https:\/\/www.ramses.de\/index.php?rest_route=\/wp\/v2\/pages\/4135\/revisions"}],"predecessor-version":[{"id":4136,"href":"https:\/\/www.ramses.de\/index.php?rest_route=\/wp\/v2\/pages\/4135\/revisions\/4136"}],"up":[{"embeddable":true,"href":"https:\/\/www.ramses.de\/index.php?rest_route=\/wp\/v2\/pages\/745"}],"wp:featuredmedia":[{"embeddable":true,"href":"https:\/\/www.ramses.de\/index.php?rest_route=\/wp\/v2\/media\/1429"}],"wp:attachment":[{"href":"https:\/\/www.ramses.de\/index.php?rest_route=%2Fwp%2Fv2%2Fmedia&parent=4135"}],"curies":[{"name":"wp","href":"https:\/\/api.w.org\/{rel}","templated":true}]}}