{"id":4142,"date":"2016-07-22T13:18:31","date_gmt":"2016-07-22T11:18:31","guid":{"rendered":"http:\/\/www.ramses.de\/?page_id=4142"},"modified":"2016-07-22T13:22:04","modified_gmt":"2016-07-22T11:22:04","slug":"fachbereich-stadtentwaesserung-projektverwaltung","status":"publish","type":"page","link":"https:\/\/www.ramses.de\/?page_id=4142","title":{"rendered":"Fachbereich Stadtentw\u00e4sserung &#8211; Projektverwaltung"},"content":{"rendered":"<h1>Der Betrieb und der Umbau der Kl\u00e4ranlagen<\/h1>\n<p>Im Jahre 1969 beauftragte der Gro\u00dfraumverbund die Landeshauptstadt Hannover, ein Konzept f\u00fcr die Abwasserreinigung in der Kernregion Hannovers zu entwickeln. Seit dem sind die Kl\u00e4ranlagen verantwortlich f\u00fcr die Abwasserreinigung der Stadt Hannover.<\/p>\n<p>Aktuell sind umfangreiche Um- und Neubaupl\u00e4ne in Arbeit um die Abwasserreinigung auch f\u00fcr die n\u00e4chsten Jahrzehnte zu gew\u00e4hrleisten. Das aktuelle Datenbankprojekt dient der Verwaltung der einzelnen Ma\u00dfnahmen<\/p>\n<ul>\n<li>Projekte und Teilprojekte<\/li>\n<li>Budgetverwaltung<\/li>\n<li>Risikobewertung<\/li>\n<li>Firmen und deren Ansprechpartner<\/li>\n<li>Auftragsverwaltung<\/li>\n<li>Auftragsnachtr\u00e4ge<\/li>\n<li>Rechnungen<\/li>\n<li>Sitzungsmanagement<\/li>\n<li>Wiedervorlagen<\/li>\n<li>Auswertungen und Berichte<\/li>\n<\/ul>\n<p>&nbsp;<\/p>\n<p><a href=\"https:\/\/www.ramses.de\/wp-content\/uploads\/PROJEKT01.jpg\"><img loading=\"lazy\" decoding=\"async\" class=\"alignnone size-medium wp-image-4143\" src=\"https:\/\/www.ramses.de\/wp-content\/uploads\/PROJEKT01-300x204.jpg\" alt=\"PROJEKT01\" width=\"300\" height=\"204\" srcset=\"https:\/\/www.ramses.de\/wp-content\/uploads\/PROJEKT01-300x204.jpg 300w, https:\/\/www.ramses.de\/wp-content\/uploads\/PROJEKT01-768x522.jpg 768w, https:\/\/www.ramses.de\/wp-content\/uploads\/PROJEKT01-1024x696.jpg 1024w, https:\/\/www.ramses.de\/wp-content\/uploads\/PROJEKT01.jpg 1553w\" sizes=\"auto, (max-width: 300px) 100vw, 300px\" \/><\/a><\/p>\n<p><a href=\"https:\/\/www.ramses.de\/wp-content\/uploads\/PROJEKT02.jpg\"><img loading=\"lazy\" decoding=\"async\" class=\"alignnone size-medium wp-image-4144\" src=\"https:\/\/www.ramses.de\/wp-content\/uploads\/PROJEKT02-300x203.jpg\" alt=\"PROJEKT02\" width=\"300\" height=\"203\" srcset=\"https:\/\/www.ramses.de\/wp-content\/uploads\/PROJEKT02-300x203.jpg 300w, https:\/\/www.ramses.de\/wp-content\/uploads\/PROJEKT02-768x521.jpg 768w, https:\/\/www.ramses.de\/wp-content\/uploads\/PROJEKT02-1024x695.jpg 1024w, https:\/\/www.ramses.de\/wp-content\/uploads\/PROJEKT02.jpg 1545w\" sizes=\"auto, (max-width: 300px) 100vw, 300px\" \/><\/a><\/p>\n<p><a href=\"https:\/\/www.ramses.de\/wp-content\/uploads\/PROJEKT03.jpg\"><img loading=\"lazy\" decoding=\"async\" class=\"alignnone size-medium wp-image-4145\" src=\"https:\/\/www.ramses.de\/wp-content\/uploads\/PROJEKT03-300x203.jpg\" alt=\"PROJEKT03\" width=\"300\" height=\"203\" srcset=\"https:\/\/www.ramses.de\/wp-content\/uploads\/PROJEKT03-300x203.jpg 300w, https:\/\/www.ramses.de\/wp-content\/uploads\/PROJEKT03-768x519.jpg 768w, https:\/\/www.ramses.de\/wp-content\/uploads\/PROJEKT03-1024x693.jpg 1024w, https:\/\/www.ramses.de\/wp-content\/uploads\/PROJEKT03.jpg 1551w\" sizes=\"auto, (max-width: 300px) 100vw, 300px\" \/><\/a><\/p>\n<p><a href=\"https:\/\/www.ramses.de\/wp-content\/uploads\/PROJEKT04.jpg\"><img loading=\"lazy\" decoding=\"async\" class=\"alignnone size-medium wp-image-4146\" src=\"https:\/\/www.ramses.de\/wp-content\/uploads\/PROJEKT04-300x202.jpg\" alt=\"PROJEKT04\" width=\"300\" height=\"202\" srcset=\"https:\/\/www.ramses.de\/wp-content\/uploads\/PROJEKT04-300x202.jpg 300w, https:\/\/www.ramses.de\/wp-content\/uploads\/PROJEKT04-768x517.jpg 768w, https:\/\/www.ramses.de\/wp-content\/uploads\/PROJEKT04-1024x689.jpg 1024w, https:\/\/www.ramses.de\/wp-content\/uploads\/PROJEKT04.jpg 1555w\" sizes=\"auto, (max-width: 300px) 100vw, 300px\" \/><\/a><\/p>\n<p><a href=\"https:\/\/www.ramses.de\/wp-content\/uploads\/PROJEKT05.jpg\"><img loading=\"lazy\" decoding=\"async\" class=\"alignnone size-medium wp-image-4147\" src=\"https:\/\/www.ramses.de\/wp-content\/uploads\/PROJEKT05-300x202.jpg\" alt=\"PROJEKT05\" width=\"300\" height=\"202\" srcset=\"https:\/\/www.ramses.de\/wp-content\/uploads\/PROJEKT05-300x202.jpg 300w, https:\/\/www.ramses.de\/wp-content\/uploads\/PROJEKT05-768x516.jpg 768w, https:\/\/www.ramses.de\/wp-content\/uploads\/PROJEKT05-1024x688.jpg 1024w, https:\/\/www.ramses.de\/wp-content\/uploads\/PROJEKT05.jpg 1556w\" sizes=\"auto, (max-width: 300px) 100vw, 300px\" \/><\/a><\/p>\n<p>Projektmanagement, eine zentrale Aufgabe f\u00fcr Datenbanken. Wir sind dabei, Sie auch?<\/p>\n","protected":false},"excerpt":{"rendered":"<p>Der Betrieb und der Umbau der Kl\u00e4ranlagen Im Jahre 1969 beauftragte der Gro\u00dfraumverbund die Landeshauptstadt Hannover, ein Konzept f\u00fcr die Abwasserreinigung in der Kernregion Hannovers &#8230; <a title=\"Fachbereich Stadtentw\u00e4sserung &#8211; Projektverwaltung\" class=\"read-more\" href=\"https:\/\/www.ramses.de\/?page_id=4142\" aria-label=\"Mehr Informationen \u00fcber Fachbereich Stadtentw\u00e4sserung &#8211; Projektverwaltung\">Weiterlesen &#8230;<\/a><\/p>\n","protected":false},"author":1,"featured_media":4143,"parent":1263,"menu_order":0,"comment_status":"closed","ping_status":"closed","template":"template-full-width.php","meta":{"footnotes":""},"class_list":{"0":"post-4142","1":"page","2":"type-page","3":"status-publish","4":"has-post-thumbnail","6":"resize-featured-image"},"_links":{"self":[{"href":"https:\/\/www.ramses.de\/index.php?rest_route=\/wp\/v2\/pages\/4142","targetHints":{"allow":["GET"]}}],"collection":[{"href":"https:\/\/www.ramses.de\/index.php?rest_route=\/wp\/v2\/pages"}],"about":[{"href":"https:\/\/www.ramses.de\/index.php?rest_route=\/wp\/v2\/types\/page"}],"author":[{"embeddable":true,"href":"https:\/\/www.ramses.de\/index.php?rest_route=\/wp\/v2\/users\/1"}],"replies":[{"embeddable":true,"href":"https:\/\/www.ramses.de\/index.php?rest_route=%2Fwp%2Fv2%2Fcomments&post=4142"}],"version-history":[{"count":2,"href":"https:\/\/www.ramses.de\/index.php?rest_route=\/wp\/v2\/pages\/4142\/revisions"}],"predecessor-version":[{"id":4150,"href":"https:\/\/www.ramses.de\/index.php?rest_route=\/wp\/v2\/pages\/4142\/revisions\/4150"}],"up":[{"embeddable":true,"href":"https:\/\/www.ramses.de\/index.php?rest_route=\/wp\/v2\/pages\/1263"}],"wp:featuredmedia":[{"embeddable":true,"href":"https:\/\/www.ramses.de\/index.php?rest_route=\/wp\/v2\/media\/4143"}],"wp:attachment":[{"href":"https:\/\/www.ramses.de\/index.php?rest_route=%2Fwp%2Fv2%2Fmedia&parent=4142"}],"curies":[{"name":"wp","href":"https:\/\/api.w.org\/{rel}","templated":true}]}}