{"id":4154,"date":"2016-07-22T13:57:03","date_gmt":"2016-07-22T11:57:03","guid":{"rendered":"http:\/\/www.ramses.de\/?page_id=4154"},"modified":"2016-07-22T14:06:54","modified_gmt":"2016-07-22T12:06:54","slug":"referenzen-buehler-holding-ag","status":"publish","type":"page","link":"https:\/\/www.ramses.de\/?page_id=4154","title":{"rendered":"Referenzen &#8211; B\u00fchler Holding AG"},"content":{"rendered":"<h1>B\u00fchler Holding AG<\/h1>\n<p>Die B\u00fchler Holding AG mit Sitz in Uzwil ist ein international t\u00e4tiger Schweizer Technologiekonzern. Das Familienunternehmen im Besitze der Unternehmerfamilie B\u00fchler ist auf Verfahrenstechnik spezialisiert, insbesondere im Bereich der Produktionstechnologien zur Herstellung von Nahrungsmitteln und technischen Materialien.[Quelle Wikipedia]<\/p>\n<p>Wir durften ein kleines Tool zur Durchf\u00fchrung einer Planungssimulation erstellen<\/p>\n<h3>Das Projekt<\/h3>\n<ul>\n<li><a href=\"https:\/\/www.ramses.de\/?page_id=4157\">Lean-Drive Light<\/a><\/li>\n<\/ul>\n<p>Auch Sie brauchen eine individuelle Software, das kriegen wir hin.<\/p>\n","protected":false},"excerpt":{"rendered":"<p>B\u00fchler Holding AG Die B\u00fchler Holding AG mit Sitz in Uzwil ist ein international t\u00e4tiger Schweizer Technologiekonzern. Das Familienunternehmen im Besitze der Unternehmerfamilie B\u00fchler ist &#8230; <a title=\"Referenzen &#8211; B\u00fchler Holding AG\" class=\"read-more\" href=\"https:\/\/www.ramses.de\/?page_id=4154\" aria-label=\"Mehr Informationen \u00fcber Referenzen &#8211; B\u00fchler Holding AG\">Weiterlesen &#8230;<\/a><\/p>\n","protected":false},"author":1,"featured_media":1479,"parent":745,"menu_order":0,"comment_status":"closed","ping_status":"closed","template":"template-full-width.php","meta":{"footnotes":""},"class_list":{"0":"post-4154","1":"page","2":"type-page","3":"status-publish","4":"has-post-thumbnail","6":"resize-featured-image"},"_links":{"self":[{"href":"https:\/\/www.ramses.de\/index.php?rest_route=\/wp\/v2\/pages\/4154","targetHints":{"allow":["GET"]}}],"collection":[{"href":"https:\/\/www.ramses.de\/index.php?rest_route=\/wp\/v2\/pages"}],"about":[{"href":"https:\/\/www.ramses.de\/index.php?rest_route=\/wp\/v2\/types\/page"}],"author":[{"embeddable":true,"href":"https:\/\/www.ramses.de\/index.php?rest_route=\/wp\/v2\/users\/1"}],"replies":[{"embeddable":true,"href":"https:\/\/www.ramses.de\/index.php?rest_route=%2Fwp%2Fv2%2Fcomments&post=4154"}],"version-history":[{"count":2,"href":"https:\/\/www.ramses.de\/index.php?rest_route=\/wp\/v2\/pages\/4154\/revisions"}],"predecessor-version":[{"id":4160,"href":"https:\/\/www.ramses.de\/index.php?rest_route=\/wp\/v2\/pages\/4154\/revisions\/4160"}],"up":[{"embeddable":true,"href":"https:\/\/www.ramses.de\/index.php?rest_route=\/wp\/v2\/pages\/745"}],"wp:featuredmedia":[{"embeddable":true,"href":"https:\/\/www.ramses.de\/index.php?rest_route=\/wp\/v2\/media\/1479"}],"wp:attachment":[{"href":"https:\/\/www.ramses.de\/index.php?rest_route=%2Fwp%2Fv2%2Fmedia&parent=4154"}],"curies":[{"name":"wp","href":"https:\/\/api.w.org\/{rel}","templated":true}]}}