{"id":4157,"date":"2016-07-22T14:05:43","date_gmt":"2016-07-22T12:05:43","guid":{"rendered":"http:\/\/www.ramses.de\/?page_id=4157"},"modified":"2016-07-22T14:05:43","modified_gmt":"2016-07-22T12:05:43","slug":"buehler-holding-ag-step1","status":"publish","type":"page","link":"https:\/\/www.ramses.de\/?page_id=4157","title":{"rendered":"B\u00fchler Holding AG &#8211; STEP1"},"content":{"rendered":"<h1>Lean Production<\/h1>\n<p>Dieses Planspiel zeigt die M\u00f6glichkeiten einer schlanken Produktion auf.<br \/>\nIm Rahmen des Planspieles werden hier Produktionabl\u00e4ufe analysiert und die M\u00f6glichkeiten einer &#8222;Lean Production&#8220; aufgezeigt.<\/p>\n<ul>\n<li>Flexible Verwaltung von Seminaren und Spielrunden<\/li>\n<li>Kundenverwaltung<\/li>\n<li>Auftragserstellung<\/li>\n<li>Fertigprodukte, Baugruppen und Bauteile<\/li>\n<li>ANDON Board<\/li>\n<li>Umfangreiche Auswertungen und Statistiken<\/li>\n<\/ul>\n<p>Die Simulation einer produktiven Umgebung dient hier in optimaler Weise der Erkenntnis das Qualit\u00e4t kein Zustand ist, sondern ein Proze\u00df.<\/p>\n<p><a href=\"https:\/\/www.ramses.de\/wp-content\/uploads\/StepOne.jpg\"><img loading=\"lazy\" decoding=\"async\" class=\"alignnone size-medium wp-image-2267\" src=\"https:\/\/www.ramses.de\/wp-content\/uploads\/StepOne-300x172.jpg\" alt=\"StepOne\" width=\"300\" height=\"172\" srcset=\"https:\/\/www.ramses.de\/wp-content\/uploads\/StepOne-300x172.jpg 300w, https:\/\/www.ramses.de\/wp-content\/uploads\/StepOne-1024x589.jpg 1024w, https:\/\/www.ramses.de\/wp-content\/uploads\/StepOne-273x156.jpg 273w, https:\/\/www.ramses.de\/wp-content\/uploads\/StepOne.jpg 1587w\" sizes=\"auto, (max-width: 300px) 100vw, 300px\" \/><\/a><\/p>\n<p><a href=\"https:\/\/www.ramses.de\/wp-content\/uploads\/step2.jpg\"><img loading=\"lazy\" decoding=\"async\" class=\"alignnone size-medium wp-image-1058\" src=\"https:\/\/www.ramses.de\/wp-content\/uploads\/step2-300x199.jpg\" alt=\"step2\" width=\"300\" height=\"199\" srcset=\"https:\/\/www.ramses.de\/wp-content\/uploads\/step2-300x199.jpg 300w, https:\/\/www.ramses.de\/wp-content\/uploads\/step2-1024x680.jpg 1024w, https:\/\/www.ramses.de\/wp-content\/uploads\/step2.jpg 1048w\" sizes=\"auto, (max-width: 300px) 100vw, 300px\" \/><\/a><\/p>\n<p><a href=\"https:\/\/www.ramses.de\/wp-content\/uploads\/step3.jpg\"><img loading=\"lazy\" decoding=\"async\" class=\"alignnone size-medium wp-image-1059\" src=\"https:\/\/www.ramses.de\/wp-content\/uploads\/step3-300x183.jpg\" alt=\"step3\" width=\"300\" height=\"183\" srcset=\"https:\/\/www.ramses.de\/wp-content\/uploads\/step3-300x183.jpg 300w, https:\/\/www.ramses.de\/wp-content\/uploads\/step3-1024x624.jpg 1024w, https:\/\/www.ramses.de\/wp-content\/uploads\/step3.jpg 1314w\" sizes=\"auto, (max-width: 300px) 100vw, 300px\" \/><\/a><\/p>\n<p><a href=\"https:\/\/www.ramses.de\/wp-content\/uploads\/step4.jpg\"><img loading=\"lazy\" decoding=\"async\" class=\"alignnone size-medium wp-image-1060\" src=\"https:\/\/www.ramses.de\/wp-content\/uploads\/step4-300x228.jpg\" alt=\"step4\" width=\"300\" height=\"228\" srcset=\"https:\/\/www.ramses.de\/wp-content\/uploads\/step4-300x228.jpg 300w, https:\/\/www.ramses.de\/wp-content\/uploads\/step4-1024x780.jpg 1024w, https:\/\/www.ramses.de\/wp-content\/uploads\/step4.jpg 1297w\" sizes=\"auto, (max-width: 300px) 100vw, 300px\" \/><\/a><\/p>\n<p>&nbsp;<\/p>\n","protected":false},"excerpt":{"rendered":"<p>Lean Production Dieses Planspiel zeigt die M\u00f6glichkeiten einer schlanken Produktion auf. Im Rahmen des Planspieles werden hier Produktionabl\u00e4ufe analysiert und die M\u00f6glichkeiten einer &#8222;Lean Production&#8220; &#8230; <a title=\"B\u00fchler Holding AG &#8211; STEP1\" class=\"read-more\" href=\"https:\/\/www.ramses.de\/?page_id=4157\" aria-label=\"Mehr Informationen \u00fcber B\u00fchler Holding AG &#8211; STEP1\">Weiterlesen &#8230;<\/a><\/p>\n","protected":false},"author":1,"featured_media":2267,"parent":1046,"menu_order":0,"comment_status":"closed","ping_status":"closed","template":"template-full-width.php","meta":{"footnotes":""},"class_list":{"0":"post-4157","1":"page","2":"type-page","3":"status-publish","4":"has-post-thumbnail","6":"resize-featured-image"},"_links":{"self":[{"href":"https:\/\/www.ramses.de\/index.php?rest_route=\/wp\/v2\/pages\/4157","targetHints":{"allow":["GET"]}}],"collection":[{"href":"https:\/\/www.ramses.de\/index.php?rest_route=\/wp\/v2\/pages"}],"about":[{"href":"https:\/\/www.ramses.de\/index.php?rest_route=\/wp\/v2\/types\/page"}],"author":[{"embeddable":true,"href":"https:\/\/www.ramses.de\/index.php?rest_route=\/wp\/v2\/users\/1"}],"replies":[{"embeddable":true,"href":"https:\/\/www.ramses.de\/index.php?rest_route=%2Fwp%2Fv2%2Fcomments&post=4157"}],"version-history":[{"count":1,"href":"https:\/\/www.ramses.de\/index.php?rest_route=\/wp\/v2\/pages\/4157\/revisions"}],"predecessor-version":[{"id":4158,"href":"https:\/\/www.ramses.de\/index.php?rest_route=\/wp\/v2\/pages\/4157\/revisions\/4158"}],"up":[{"embeddable":true,"href":"https:\/\/www.ramses.de\/index.php?rest_route=\/wp\/v2\/pages\/1046"}],"wp:featuredmedia":[{"embeddable":true,"href":"https:\/\/www.ramses.de\/index.php?rest_route=\/wp\/v2\/media\/2267"}],"wp:attachment":[{"href":"https:\/\/www.ramses.de\/index.php?rest_route=%2Fwp%2Fv2%2Fmedia&parent=4157"}],"curies":[{"name":"wp","href":"https:\/\/api.w.org\/{rel}","templated":true}]}}