{"id":4162,"date":"2016-07-22T14:26:18","date_gmt":"2016-07-22T12:26:18","guid":{"rendered":"http:\/\/www.ramses.de\/?page_id=4162"},"modified":"2016-07-22T14:38:23","modified_gmt":"2016-07-22T12:38:23","slug":"referenzen-thyssenkrupp-grobbleche","status":"publish","type":"page","link":"https:\/\/www.ramses.de\/?page_id=4162","title":{"rendered":"Referenzen &#8211; Thyssenkrupp Grobbleche"},"content":{"rendered":"<h3>Thyssenkrupp Gesch\u00e4ftseinheit Grobbleche<\/h3>\n<p>Die Firma Thyssenkrupp produziert Quarto- und Bandbleche f\u00fcr unterschiedlichste Einsatzgebiete sowie ma\u00dfgeschneiderte St\u00e4hle nach Kundenwunsch. Das Produktportfolio reicht von allgemeinen Baust\u00e4hlen und Druckbeh\u00e4lterst\u00e4hlen \u00fcber St\u00e4hle f\u00fcr den Schiffbau und den Gro\u00dfrohrbau bis hin zu spezifischen Sonderstahlg\u00fcten.<\/p>\n<p>Bei der Produktion dieser Qualit\u00e4tsst\u00e4hle fallen w\u00e4hrend der Produktion unz\u00e4hlige Daten an. W\u00e4hrendes Produktionsablaufes werden manigfaltige Kontrollpunkte genutzt um das hohe Qualit\u00e4tsziel der Unternehmesf\u00fchrung gew\u00e4hrleisten zu k\u00f6nnen.<\/p>\n<p>Wir haben die Freude im Auftrag der Firma <a href=\"http:\/\/www.grean.de\/\">Grean GmbH<\/a> hier t\u00e4tig zu werden.<br \/>\nUnser Projekt befasst sich mit der statistischen Auswertung der in der Produktion anfallenden Daten.<\/p>\n<ul>\n<li><a href=\"https:\/\/www.ramses.de\/?page_id=4164\">Produktionsanalyse<\/a><\/li>\n<\/ul>\n<p>Weitere Informationen finden Sie im Internet <a href=\"https:\/\/www.thyssenkrupp-steel.com\/de\/startpage.html\">hier&#8230;..<\/a><\/p>\n<p>&nbsp;<\/p>\n","protected":false},"excerpt":{"rendered":"<p>Thyssenkrupp Gesch\u00e4ftseinheit Grobbleche Die Firma Thyssenkrupp produziert Quarto- und Bandbleche f\u00fcr unterschiedlichste Einsatzgebiete sowie ma\u00dfgeschneiderte St\u00e4hle nach Kundenwunsch. Das Produktportfolio reicht von allgemeinen Baust\u00e4hlen und &#8230; <a title=\"Referenzen &#8211; Thyssenkrupp Grobbleche\" class=\"read-more\" href=\"https:\/\/www.ramses.de\/?page_id=4162\" aria-label=\"Mehr Informationen \u00fcber Referenzen &#8211; Thyssenkrupp Grobbleche\">Weiterlesen &#8230;<\/a><\/p>\n","protected":false},"author":1,"featured_media":1406,"parent":745,"menu_order":0,"comment_status":"closed","ping_status":"closed","template":"template-full-width.php","meta":{"footnotes":""},"class_list":{"0":"post-4162","1":"page","2":"type-page","3":"status-publish","4":"has-post-thumbnail","6":"resize-featured-image"},"_links":{"self":[{"href":"https:\/\/www.ramses.de\/index.php?rest_route=\/wp\/v2\/pages\/4162","targetHints":{"allow":["GET"]}}],"collection":[{"href":"https:\/\/www.ramses.de\/index.php?rest_route=\/wp\/v2\/pages"}],"about":[{"href":"https:\/\/www.ramses.de\/index.php?rest_route=\/wp\/v2\/types\/page"}],"author":[{"embeddable":true,"href":"https:\/\/www.ramses.de\/index.php?rest_route=\/wp\/v2\/users\/1"}],"replies":[{"embeddable":true,"href":"https:\/\/www.ramses.de\/index.php?rest_route=%2Fwp%2Fv2%2Fcomments&post=4162"}],"version-history":[{"count":4,"href":"https:\/\/www.ramses.de\/index.php?rest_route=\/wp\/v2\/pages\/4162\/revisions"}],"predecessor-version":[{"id":4169,"href":"https:\/\/www.ramses.de\/index.php?rest_route=\/wp\/v2\/pages\/4162\/revisions\/4169"}],"up":[{"embeddable":true,"href":"https:\/\/www.ramses.de\/index.php?rest_route=\/wp\/v2\/pages\/745"}],"wp:featuredmedia":[{"embeddable":true,"href":"https:\/\/www.ramses.de\/index.php?rest_route=\/wp\/v2\/media\/1406"}],"wp:attachment":[{"href":"https:\/\/www.ramses.de\/index.php?rest_route=%2Fwp%2Fv2%2Fmedia&parent=4162"}],"curies":[{"name":"wp","href":"https:\/\/api.w.org\/{rel}","templated":true}]}}