{"id":4164,"date":"2016-07-22T14:35:20","date_gmt":"2016-07-22T12:35:20","guid":{"rendered":"http:\/\/www.ramses.de\/?page_id=4164"},"modified":"2017-05-22T11:42:19","modified_gmt":"2017-05-22T09:42:19","slug":"thyssenkrupp-steel-europe-ag-produktionsanalyse","status":"publish","type":"page","link":"https:\/\/www.ramses.de\/?page_id=4164","title":{"rendered":"Thyssenkrupp Steel Europe AG &#8211; Produktionsanalyse"},"content":{"rendered":"<h1>Datenbank zur Produktionsanalyse<\/h1>\n<p>Das Tool zur Produktionsanalyse wertet die Messdaten der Stahlproduktion aus..<\/p>\n<ul>\n<li>Messpunkte<\/li>\n<li>Aggregate<\/li>\n<li>Arbeitspl\u00e4tze<\/li>\n<li>T\u00e4tigkeiten<\/li>\n<li>Auswertungen<\/li>\n<\/ul>\n<p>Auch Sie wollen keine Standardl\u00f6sung? Dann wenden Sie sich an uns, wir helfen Ihnen mit einer individuellen Datenbank.<\/p>\n<p><a href=\"https:\/\/www.ramses.de\/wp-content\/uploads\/Grobbleche01-1.jpg\"><img loading=\"lazy\" decoding=\"async\" class=\"alignnone size-medium wp-image-4418\" src=\"https:\/\/www.ramses.de\/wp-content\/uploads\/Grobbleche01-1-300x201.jpg\" alt=\"\" width=\"300\" height=\"201\" srcset=\"https:\/\/www.ramses.de\/wp-content\/uploads\/Grobbleche01-1-300x201.jpg 300w, https:\/\/www.ramses.de\/wp-content\/uploads\/Grobbleche01-1-768x515.jpg 768w, https:\/\/www.ramses.de\/wp-content\/uploads\/Grobbleche01-1-1024x687.jpg 1024w, https:\/\/www.ramses.de\/wp-content\/uploads\/Grobbleche01-1.jpg 1509w\" sizes=\"auto, (max-width: 300px) 100vw, 300px\" \/><\/a><\/p>\n<p><a href=\"https:\/\/www.ramses.de\/wp-content\/uploads\/Grobbleche02.jpg\"><img loading=\"lazy\" decoding=\"async\" class=\"alignnone size-medium wp-image-4419\" src=\"https:\/\/www.ramses.de\/wp-content\/uploads\/Grobbleche02-300x201.jpg\" alt=\"\" width=\"300\" height=\"201\" srcset=\"https:\/\/www.ramses.de\/wp-content\/uploads\/Grobbleche02-300x201.jpg 300w, https:\/\/www.ramses.de\/wp-content\/uploads\/Grobbleche02-768x514.jpg 768w, https:\/\/www.ramses.de\/wp-content\/uploads\/Grobbleche02-1024x686.jpg 1024w, https:\/\/www.ramses.de\/wp-content\/uploads\/Grobbleche02.jpg 1453w\" sizes=\"auto, (max-width: 300px) 100vw, 300px\" \/><\/a><\/p>\n","protected":false},"excerpt":{"rendered":"<p>Datenbank zur Produktionsanalyse Das Tool zur Produktionsanalyse wertet die Messdaten der Stahlproduktion aus.. Messpunkte Aggregate Arbeitspl\u00e4tze T\u00e4tigkeiten Auswertungen Auch Sie wollen keine Standardl\u00f6sung? Dann wenden &#8230; <a title=\"Thyssenkrupp Steel Europe AG &#8211; Produktionsanalyse\" class=\"read-more\" href=\"https:\/\/www.ramses.de\/?page_id=4164\" aria-label=\"Mehr Informationen \u00fcber Thyssenkrupp Steel Europe AG &#8211; Produktionsanalyse\">Weiterlesen &#8230;<\/a><\/p>\n","protected":false},"author":1,"featured_media":4418,"parent":1326,"menu_order":0,"comment_status":"closed","ping_status":"closed","template":"template-full-width.php","meta":{"footnotes":""},"class_list":{"0":"post-4164","1":"page","2":"type-page","3":"status-publish","4":"has-post-thumbnail","6":"resize-featured-image"},"_links":{"self":[{"href":"https:\/\/www.ramses.de\/index.php?rest_route=\/wp\/v2\/pages\/4164","targetHints":{"allow":["GET"]}}],"collection":[{"href":"https:\/\/www.ramses.de\/index.php?rest_route=\/wp\/v2\/pages"}],"about":[{"href":"https:\/\/www.ramses.de\/index.php?rest_route=\/wp\/v2\/types\/page"}],"author":[{"embeddable":true,"href":"https:\/\/www.ramses.de\/index.php?rest_route=\/wp\/v2\/users\/1"}],"replies":[{"embeddable":true,"href":"https:\/\/www.ramses.de\/index.php?rest_route=%2Fwp%2Fv2%2Fcomments&post=4164"}],"version-history":[{"count":3,"href":"https:\/\/www.ramses.de\/index.php?rest_route=\/wp\/v2\/pages\/4164\/revisions"}],"predecessor-version":[{"id":4421,"href":"https:\/\/www.ramses.de\/index.php?rest_route=\/wp\/v2\/pages\/4164\/revisions\/4421"}],"up":[{"embeddable":true,"href":"https:\/\/www.ramses.de\/index.php?rest_route=\/wp\/v2\/pages\/1326"}],"wp:featuredmedia":[{"embeddable":true,"href":"https:\/\/www.ramses.de\/index.php?rest_route=\/wp\/v2\/media\/4418"}],"wp:attachment":[{"href":"https:\/\/www.ramses.de\/index.php?rest_route=%2Fwp%2Fv2%2Fmedia&parent=4164"}],"curies":[{"name":"wp","href":"https:\/\/api.w.org\/{rel}","templated":true}]}}