{"id":4450,"date":"2017-05-23T06:27:33","date_gmt":"2017-05-23T04:27:33","guid":{"rendered":"http:\/\/www.ramses.de\/?page_id=4450"},"modified":"2017-05-23T06:27:33","modified_gmt":"2017-05-23T04:27:33","slug":"robert-bosch-starter-motors-generators-total-productive-maintenance","status":"publish","type":"page","link":"https:\/\/www.ramses.de\/?page_id=4450","title":{"rendered":"Robert Bosch Starter Motors &#038; Generators &#8211; Total Productive Maintenance"},"content":{"rendered":"<h1>Robert Bosch Starter Motors &amp; Generators<\/h1>\n<h3>TPM Datenbank<\/h3>\n<p>Moderne Produktionsanlagen sind teure, hoch komplexe Maschinen. Um fehlerfreie und effektiv arbeiten zu k\u00f6nnen, m\u00fcssen diese Anlagen regelm\u00e4\u00dfig gewartet werden. Die Planung dieser Aufgaben ist Aufgabe unserer TPM Datenbank. Ob w\u00f6chentlich, monatlich oder j\u00e4hrlich, die Wartungskarten werden aus diesem System heraus erstellt.<\/p>\n<p>Als weltweit aktives Unternehmen wird auch diese Datenbank weltweit eingesetzt. Die Datenbank ist viersprachig und liegt in<\/p>\n<ul>\n<li>Deutsch<\/li>\n<li>Englisch<\/li>\n<li>Spanisch<\/li>\n<li>Portugiesisch<\/li>\n<\/ul>\n<p>vor und bedient damit die weltweiten Mitarbeiter und Mitarbeiterinnen des Bosch Konzerns. Teil dieser Datenbank sind folgende Themen<\/p>\n<ul>\n<li>Fertigungseinrichtungen<\/li>\n<li>Linien<\/li>\n<li>Werkst\u00e4tten<\/li>\n<li>Wartungsarbeiten<\/li>\n<li>Lagerorte<\/li>\n<li>Druck mehrsprachiger Wartungskarten<\/li>\n<li>Auswertungen und Statistiken<\/li>\n<\/ul>\n<p>Bezaubernd fand ich die inoffizielle Erkl\u00e4rung des Begriffs TPM als &#8222;Trottel putzt Maschine&#8220; \ud83d\ude42<\/p>\n<p><a href=\"https:\/\/www.ramses.de\/wp-content\/uploads\/TPM1.jpg\"><img loading=\"lazy\" decoding=\"async\" class=\"alignnone size-large wp-image-4451\" src=\"https:\/\/www.ramses.de\/wp-content\/uploads\/TPM1-1024x669.jpg\" alt=\"\" width=\"900\" height=\"588\" srcset=\"https:\/\/www.ramses.de\/wp-content\/uploads\/TPM1-1024x669.jpg 1024w, https:\/\/www.ramses.de\/wp-content\/uploads\/TPM1-300x196.jpg 300w, https:\/\/www.ramses.de\/wp-content\/uploads\/TPM1-768x502.jpg 768w, https:\/\/www.ramses.de\/wp-content\/uploads\/TPM1.jpg 1669w\" sizes=\"auto, (max-width: 900px) 100vw, 900px\" \/><\/a> <a href=\"https:\/\/www.ramses.de\/wp-content\/uploads\/TPM2.jpg\"><img loading=\"lazy\" decoding=\"async\" class=\"alignnone size-large wp-image-4452\" src=\"https:\/\/www.ramses.de\/wp-content\/uploads\/TPM2-1024x671.jpg\" alt=\"\" width=\"900\" height=\"590\" srcset=\"https:\/\/www.ramses.de\/wp-content\/uploads\/TPM2-1024x671.jpg 1024w, https:\/\/www.ramses.de\/wp-content\/uploads\/TPM2-300x196.jpg 300w, https:\/\/www.ramses.de\/wp-content\/uploads\/TPM2-768x503.jpg 768w, https:\/\/www.ramses.de\/wp-content\/uploads\/TPM2.jpg 1672w\" sizes=\"auto, (max-width: 900px) 100vw, 900px\" \/><\/a> <a href=\"https:\/\/www.ramses.de\/wp-content\/uploads\/TPM3.jpg\"><img loading=\"lazy\" decoding=\"async\" class=\"alignnone size-large wp-image-4453\" src=\"https:\/\/www.ramses.de\/wp-content\/uploads\/TPM3-1024x664.jpg\" alt=\"\" width=\"900\" height=\"584\" srcset=\"https:\/\/www.ramses.de\/wp-content\/uploads\/TPM3-1024x664.jpg 1024w, https:\/\/www.ramses.de\/wp-content\/uploads\/TPM3-300x194.jpg 300w, https:\/\/www.ramses.de\/wp-content\/uploads\/TPM3-768x498.jpg 768w, https:\/\/www.ramses.de\/wp-content\/uploads\/TPM3.jpg 1676w\" sizes=\"auto, (max-width: 900px) 100vw, 900px\" \/><\/a><\/p>\n<p>&nbsp;<\/p>\n<p>&nbsp;<\/p>\n<p>&nbsp;<\/p>\n<p>&nbsp;<\/p>\n<p>&nbsp;<\/p>\n<p>&nbsp;<\/p>\n<p>&nbsp;<\/p>\n<p>&nbsp;<\/p>\n<p>&nbsp;<\/p>\n<p>&nbsp;<\/p>\n<p>&nbsp;<\/p>\n","protected":false},"excerpt":{"rendered":"<p>Robert Bosch Starter Motors &amp; Generators TPM Datenbank Moderne Produktionsanlagen sind teure, hoch komplexe Maschinen. Um fehlerfreie und effektiv arbeiten zu k\u00f6nnen, m\u00fcssen diese Anlagen &#8230; <a title=\"Robert Bosch Starter Motors &#038; Generators &#8211; Total Productive Maintenance\" class=\"read-more\" href=\"https:\/\/www.ramses.de\/?page_id=4450\" aria-label=\"Mehr Informationen \u00fcber Robert Bosch Starter Motors &#038; Generators &#8211; Total Productive Maintenance\">Weiterlesen &#8230;<\/a><\/p>\n","protected":false},"author":1,"featured_media":0,"parent":4414,"menu_order":0,"comment_status":"closed","ping_status":"closed","template":"template-full-width.php","meta":{"footnotes":""},"class_list":["post-4450","page","type-page","status-publish"],"_links":{"self":[{"href":"https:\/\/www.ramses.de\/index.php?rest_route=\/wp\/v2\/pages\/4450","targetHints":{"allow":["GET"]}}],"collection":[{"href":"https:\/\/www.ramses.de\/index.php?rest_route=\/wp\/v2\/pages"}],"about":[{"href":"https:\/\/www.ramses.de\/index.php?rest_route=\/wp\/v2\/types\/page"}],"author":[{"embeddable":true,"href":"https:\/\/www.ramses.de\/index.php?rest_route=\/wp\/v2\/users\/1"}],"replies":[{"embeddable":true,"href":"https:\/\/www.ramses.de\/index.php?rest_route=%2Fwp%2Fv2%2Fcomments&post=4450"}],"version-history":[{"count":1,"href":"https:\/\/www.ramses.de\/index.php?rest_route=\/wp\/v2\/pages\/4450\/revisions"}],"predecessor-version":[{"id":4454,"href":"https:\/\/www.ramses.de\/index.php?rest_route=\/wp\/v2\/pages\/4450\/revisions\/4454"}],"up":[{"embeddable":true,"href":"https:\/\/www.ramses.de\/index.php?rest_route=\/wp\/v2\/pages\/4414"}],"wp:attachment":[{"href":"https:\/\/www.ramses.de\/index.php?rest_route=%2Fwp%2Fv2%2Fmedia&parent=4450"}],"curies":[{"name":"wp","href":"https:\/\/api.w.org\/{rel}","templated":true}]}}