{"id":5069,"date":"2019-07-09T12:49:26","date_gmt":"2019-07-09T10:49:26","guid":{"rendered":"http:\/\/www.ramses.de\/?page_id=5069"},"modified":"2025-04-14T07:37:17","modified_gmt":"2025-04-14T05:37:17","slug":"schulungen-2","status":"publish","type":"page","link":"https:\/\/www.ramses.de\/?page_id=5069","title":{"rendered":"Schulungspreise"},"content":{"rendered":"<h1>Die Preise f\u00fcr unsere IT Seminare<\/h1>\n<p>Wir bieten eine klare Preisstruktur an, die es Ihnen erm\u00f6glicht, die Schulungen planungssicher durchzuf\u00fchren<\/p>\n<p><a href=\"https:\/\/www.ramses.de\/wp-content\/uploads\/Preise-1.jpg\"><img loading=\"lazy\" decoding=\"async\" class=\"alignnone size-full wp-image-6578\" src=\"https:\/\/www.ramses.de\/wp-content\/uploads\/Preise-1.jpg\" alt=\"\" width=\"894\" height=\"672\" srcset=\"https:\/\/www.ramses.de\/wp-content\/uploads\/Preise-1.jpg 894w, https:\/\/www.ramses.de\/wp-content\/uploads\/Preise-1-300x226.jpg 300w, https:\/\/www.ramses.de\/wp-content\/uploads\/Preise-1-768x577.jpg 768w, https:\/\/www.ramses.de\/wp-content\/uploads\/Preise-1-639x480.jpg 639w\" sizes=\"auto, (max-width: 894px) 100vw, 894px\" \/><\/a><\/p>\n<p>Wie Sie sehen sind die Kosten f\u00fcr ein Seminar geringer als Sie denken. So haben Sie bei einem Excel Grundkurs mit einer Gruppenst\u00e4rke von 10 Personen Kosten von 500 Euro f\u00fcr die gesamte Gruppe .Das bedeutet, das Sie bei 8 Unterrichtsstunden einen Betrag von gut 6 Euro per Teilnehmer investieren m\u00fcssen. Qualit\u00e4t mu\u00df nicht teuer sein.<\/p>\n<p>Oben nicht aufgef\u00fchrte Seminare k\u00f6nnen grunds\u00e4tzlich auf Nachfrage angeboten werden.<\/p>\n<h3><strong><span class=\"quote\">Bemerkungen<\/span><\/strong><\/h3>\n<ul>\n<li>Alle Preise verstehen sich als Tagessatz f\u00fcr ein Inhouse Seminar in Ihren R\u00e4umen zzgl. der gesetzlichen Mehrwertsteuer<br \/>\nPreise f\u00fcr individuelle, problemorientierte Workshops auf Anfrage.<\/li>\n<li>Die Programme werden in allen Versionen geschult, sowohl in der deutschen als auch in der englischen Fassung. Der Unterricht selbst findet ausschlie\u00dflich in deutscher Sprache statt.<\/li>\n<li>Bei Seminaren in der Region Hannover fallen keine Reisekosten an, au\u00dferhalb der Region Hannover fallen die gesetzlichen km Pauschalen an. Hotelkosten werden nach Aufwand abgerechnet<\/li>\n<li>Halbtagesseminare sind nach Absprache m\u00f6glich. Seminare an Wochenenden sind ebenfalls kein Problem und kosten keinen Aufpreis<\/li>\n<li>Bei Terminanfragen werden die angefragten Termine in unserem System f\u00fcnf Arbeitstage verbindlich f\u00fcr den Kunden geblockt.<br \/>\nWeitere f\u00fcnf Tage werden die Termine unter Vorbehalt gef\u00fchrt, das bedeutet die Termine stehen auch anderen Kunden zur Disposition, werden aber nur nach Absprache mit dem ersten anfragendem Kunden anderweitig vergeben.<br \/>\nNach dieser Frist von insgesamt 10 Arbeitstagen wird der Termin ohne weitere R\u00fccksprache wieder auf &#8222;frei&#8220; gesetzt und anderen Kunden angeboten.<\/li>\n<\/ul>\n<div>\n<p>&nbsp;<\/p>\n<\/div>\n","protected":false},"excerpt":{"rendered":"<p>Die Preise f\u00fcr unsere IT Seminare Wir bieten eine klare Preisstruktur an, die es Ihnen erm\u00f6glicht, die Schulungen planungssicher durchzuf\u00fchren Wie Sie sehen sind die &#8230; <a title=\"Schulungspreise\" class=\"read-more\" href=\"https:\/\/www.ramses.de\/?page_id=5069\" aria-label=\"Mehr Informationen \u00fcber Schulungspreise\">Weiterlesen &#8230;<\/a><\/p>\n","protected":false},"author":1,"featured_media":0,"parent":0,"menu_order":0,"comment_status":"closed","ping_status":"closed","template":"template-full-width.php","meta":{"footnotes":""},"class_list":["post-5069","page","type-page","status-publish"],"_links":{"self":[{"href":"https:\/\/www.ramses.de\/index.php?rest_route=\/wp\/v2\/pages\/5069","targetHints":{"allow":["GET"]}}],"collection":[{"href":"https:\/\/www.ramses.de\/index.php?rest_route=\/wp\/v2\/pages"}],"about":[{"href":"https:\/\/www.ramses.de\/index.php?rest_route=\/wp\/v2\/types\/page"}],"author":[{"embeddable":true,"href":"https:\/\/www.ramses.de\/index.php?rest_route=\/wp\/v2\/users\/1"}],"replies":[{"embeddable":true,"href":"https:\/\/www.ramses.de\/index.php?rest_route=%2Fwp%2Fv2%2Fcomments&post=5069"}],"version-history":[{"count":7,"href":"https:\/\/www.ramses.de\/index.php?rest_route=\/wp\/v2\/pages\/5069\/revisions"}],"predecessor-version":[{"id":6580,"href":"https:\/\/www.ramses.de\/index.php?rest_route=\/wp\/v2\/pages\/5069\/revisions\/6580"}],"wp:attachment":[{"href":"https:\/\/www.ramses.de\/index.php?rest_route=%2Fwp%2Fv2%2Fmedia&parent=5069"}],"curies":[{"name":"wp","href":"https:\/\/api.w.org\/{rel}","templated":true}]}}