{"id":5212,"date":"2019-07-22T13:13:05","date_gmt":"2019-07-22T11:13:05","guid":{"rendered":"http:\/\/www.ramses.de\/?page_id=5212"},"modified":"2019-07-22T13:13:05","modified_gmt":"2019-07-22T11:13:05","slug":"mettler-toledo-reporting-tool-2","status":"publish","type":"page","link":"https:\/\/www.ramses.de\/?page_id=5212","title":{"rendered":"Mettler Toledo &#8211; Service Center"},"content":{"rendered":"<h1>Datenbank zur Test Dokumentation<\/h1>\n<p>Die Firma Mettler Toledo bietet Ihren Kunden <span class=\"st\">die M\u00f6glichkeit, Ihre Produktmuster auf Inspektionsanlagen in ihrem Testcenter in Barcelona zu pr\u00fcfen. Dort werden in aufwendigen Testverfahren die unterschiedlichsten Konstellationen im Bereich Metal Detection, X-Ray und Check Weight durchgef\u00fchrt. Safeline R\u00f6ntgeninspektion f\u00fcr die Fremdk\u00f6rperdetektion Safeline Metalldetektoren f\u00fcr die Fremdk\u00f6rperdetektion Dynamische Kontrollwaagen f\u00fcr die Gewichtsermittlung.<\/span><\/p>\n<p>Zu unserer gro\u00dfen Freude d\u00fcrfen wir eine Datenbank zur Dokumentation der Tests beisteuern.<\/p>\n<ul>\n<li>Protokollierung der Testdurchf\u00fchrung<\/li>\n<li>Produktverwaltung<\/li>\n<li>X-Ray Testverfahren<\/li>\n<li>Check Weight Testverfahren<\/li>\n<li>Metal Detection Testverfahren<\/li>\n<li>Kontaminationsmessungen<\/li>\n<li>Statistische Auswertungen<\/li>\n<li>Test Dokumentation<\/li>\n<\/ul>\n<p><a href=\"https:\/\/www.ramses.de\/wp-content\/uploads\/TC01.jpg\"><img loading=\"lazy\" decoding=\"async\" class=\"alignnone  wp-image-5213\" src=\"https:\/\/www.ramses.de\/wp-content\/uploads\/TC01-1024x569.jpg\" alt=\"\" width=\"466\" height=\"259\" srcset=\"https:\/\/www.ramses.de\/wp-content\/uploads\/TC01-1024x569.jpg 1024w, https:\/\/www.ramses.de\/wp-content\/uploads\/TC01-300x167.jpg 300w, https:\/\/www.ramses.de\/wp-content\/uploads\/TC01-768x427.jpg 768w, https:\/\/www.ramses.de\/wp-content\/uploads\/TC01.jpg 1692w\" sizes=\"auto, (max-width: 466px) 100vw, 466px\" \/><\/a><\/p>\n<p><a href=\"https:\/\/www.ramses.de\/wp-content\/uploads\/TC02.jpg\"><img loading=\"lazy\" decoding=\"async\" class=\"alignnone  wp-image-5214\" src=\"https:\/\/www.ramses.de\/wp-content\/uploads\/TC02-1024x563.jpg\" alt=\"\" width=\"466\" height=\"256\" srcset=\"https:\/\/www.ramses.de\/wp-content\/uploads\/TC02-1024x563.jpg 1024w, https:\/\/www.ramses.de\/wp-content\/uploads\/TC02-300x165.jpg 300w, https:\/\/www.ramses.de\/wp-content\/uploads\/TC02-768x422.jpg 768w, https:\/\/www.ramses.de\/wp-content\/uploads\/TC02.jpg 1697w\" sizes=\"auto, (max-width: 466px) 100vw, 466px\" \/><\/a><\/p>\n","protected":false},"excerpt":{"rendered":"<p>Datenbank zur Test Dokumentation Die Firma Mettler Toledo bietet Ihren Kunden die M\u00f6glichkeit, Ihre Produktmuster auf Inspektionsanlagen in ihrem Testcenter in Barcelona zu pr\u00fcfen. Dort &#8230; <a title=\"Mettler Toledo &#8211; Service Center\" class=\"read-more\" href=\"https:\/\/www.ramses.de\/?page_id=5212\" aria-label=\"Mehr Informationen \u00fcber Mettler Toledo &#8211; Service Center\">Weiterlesen &#8230;<\/a><\/p>\n","protected":false},"author":1,"featured_media":5213,"parent":1326,"menu_order":0,"comment_status":"closed","ping_status":"closed","template":"template-full-width.php","meta":{"footnotes":""},"class_list":{"0":"post-5212","1":"page","2":"type-page","3":"status-publish","4":"has-post-thumbnail","6":"resize-featured-image"},"_links":{"self":[{"href":"https:\/\/www.ramses.de\/index.php?rest_route=\/wp\/v2\/pages\/5212","targetHints":{"allow":["GET"]}}],"collection":[{"href":"https:\/\/www.ramses.de\/index.php?rest_route=\/wp\/v2\/pages"}],"about":[{"href":"https:\/\/www.ramses.de\/index.php?rest_route=\/wp\/v2\/types\/page"}],"author":[{"embeddable":true,"href":"https:\/\/www.ramses.de\/index.php?rest_route=\/wp\/v2\/users\/1"}],"replies":[{"embeddable":true,"href":"https:\/\/www.ramses.de\/index.php?rest_route=%2Fwp%2Fv2%2Fcomments&post=5212"}],"version-history":[{"count":1,"href":"https:\/\/www.ramses.de\/index.php?rest_route=\/wp\/v2\/pages\/5212\/revisions"}],"predecessor-version":[{"id":5215,"href":"https:\/\/www.ramses.de\/index.php?rest_route=\/wp\/v2\/pages\/5212\/revisions\/5215"}],"up":[{"embeddable":true,"href":"https:\/\/www.ramses.de\/index.php?rest_route=\/wp\/v2\/pages\/1326"}],"wp:featuredmedia":[{"embeddable":true,"href":"https:\/\/www.ramses.de\/index.php?rest_route=\/wp\/v2\/media\/5213"}],"wp:attachment":[{"href":"https:\/\/www.ramses.de\/index.php?rest_route=%2Fwp%2Fv2%2Fmedia&parent=5212"}],"curies":[{"name":"wp","href":"https:\/\/api.w.org\/{rel}","templated":true}]}}