{"id":5218,"date":"2019-07-22T13:27:12","date_gmt":"2019-07-22T11:27:12","guid":{"rendered":"http:\/\/www.ramses.de\/?page_id=5218"},"modified":"2019-07-22T13:27:12","modified_gmt":"2019-07-22T11:27:12","slug":"stadt-lehrte-unterbringungsverfahren-ubofas-2","status":"publish","type":"page","link":"https:\/\/www.ramses.de\/?page_id=5218","title":{"rendered":"Stadt Lehrte &#8211; Grundst\u00fccksvergabe in Lehrte"},"content":{"rendered":"<h1>Lehrte w\u00e4chst&#8230;..<\/h1>\n<p>Die Stadt Lehrte ist eine der prosperierenden Gemeinden in der Region Hannover. Es herrscht eine gro\u00dfe Nachfrage in der Stadt nach Grundst\u00fccken vor. Die Gemeinde wei\u00dft aktuell mehrere neue Baugebiete aus und nimmt Bewerbungen zu diesen Grundst\u00fccken an. Aufgrund der hohen Nachfrage sind Ziehungen von Losen erforderlich um eine gerechte Vergabe der Grundst\u00fccke zu gew\u00e4hrleisten. Kriterien wie Kinder oder die Mitgliedschaft in der freiwilligen Feuerwehr erh\u00f6hen die Chancen auf die Vergabe.<\/p>\n<p>Unsere Aufgabe war es nun eine Datenbank zu erstellen, die diesen Proze\u00df begleiten um eine gerechte, transparente Verteilung der Gurndst\u00fccke zu gew\u00e4hrleisten.<\/p>\n<ul>\n<li>Bewerberverwaltung\n<ul>\n<li>Personen<\/li>\n<li>Partner<\/li>\n<li>Wohnorte<\/li>\n<li>Berufe<\/li>\n<\/ul>\n<\/li>\n<li>Baugebiete<\/li>\n<li>Grundst\u00fccke<\/li>\n<li>Ortsdaten<\/li>\n<li>Ziehungen<\/li>\n<li>Quoten<\/li>\n<li>Bewerbergruppen<\/li>\n<\/ul>\n<p><a href=\"https:\/\/www.ramses.de\/wp-content\/uploads\/Lehrte.jpg\"><img loading=\"lazy\" decoding=\"async\" class=\"alignnone  wp-image-4908\" src=\"https:\/\/www.ramses.de\/wp-content\/uploads\/Lehrte-1024x594.jpg\" alt=\"\" width=\"588\" height=\"341\" srcset=\"https:\/\/www.ramses.de\/wp-content\/uploads\/Lehrte-1024x594.jpg 1024w, https:\/\/www.ramses.de\/wp-content\/uploads\/Lehrte-300x174.jpg 300w, https:\/\/www.ramses.de\/wp-content\/uploads\/Lehrte-768x445.jpg 768w, https:\/\/www.ramses.de\/wp-content\/uploads\/Lehrte.jpg 1731w\" sizes=\"auto, (max-width: 588px) 100vw, 588px\" \/><\/a><\/p>\n<p><a href=\"https:\/\/www.ramses.de\/wp-content\/uploads\/GRUNDSTUECKE02.jpg\"><img loading=\"lazy\" decoding=\"async\" class=\"alignnone  wp-image-5219\" src=\"https:\/\/www.ramses.de\/wp-content\/uploads\/GRUNDSTUECKE02-1024x668.jpg\" alt=\"\" width=\"598\" height=\"390\" srcset=\"https:\/\/www.ramses.de\/wp-content\/uploads\/GRUNDSTUECKE02-1024x668.jpg 1024w, https:\/\/www.ramses.de\/wp-content\/uploads\/GRUNDSTUECKE02-300x196.jpg 300w, https:\/\/www.ramses.de\/wp-content\/uploads\/GRUNDSTUECKE02-768x501.jpg 768w, https:\/\/www.ramses.de\/wp-content\/uploads\/GRUNDSTUECKE02.jpg 1599w\" sizes=\"auto, (max-width: 598px) 100vw, 598px\" \/><\/a><\/p>\n","protected":false},"excerpt":{"rendered":"<p>Lehrte w\u00e4chst&#8230;.. Die Stadt Lehrte ist eine der prosperierenden Gemeinden in der Region Hannover. Es herrscht eine gro\u00dfe Nachfrage in der Stadt nach Grundst\u00fccken vor. &#8230; <a title=\"Stadt Lehrte &#8211; Grundst\u00fccksvergabe in Lehrte\" class=\"read-more\" href=\"https:\/\/www.ramses.de\/?page_id=5218\" aria-label=\"Mehr Informationen \u00fcber Stadt Lehrte &#8211; Grundst\u00fccksvergabe in Lehrte\">Weiterlesen &#8230;<\/a><\/p>\n","protected":false},"author":1,"featured_media":4908,"parent":3654,"menu_order":0,"comment_status":"closed","ping_status":"closed","template":"template-full-width.php","meta":{"footnotes":""},"class_list":{"0":"post-5218","1":"page","2":"type-page","3":"status-publish","4":"has-post-thumbnail","6":"resize-featured-image"},"_links":{"self":[{"href":"https:\/\/www.ramses.de\/index.php?rest_route=\/wp\/v2\/pages\/5218","targetHints":{"allow":["GET"]}}],"collection":[{"href":"https:\/\/www.ramses.de\/index.php?rest_route=\/wp\/v2\/pages"}],"about":[{"href":"https:\/\/www.ramses.de\/index.php?rest_route=\/wp\/v2\/types\/page"}],"author":[{"embeddable":true,"href":"https:\/\/www.ramses.de\/index.php?rest_route=\/wp\/v2\/users\/1"}],"replies":[{"embeddable":true,"href":"https:\/\/www.ramses.de\/index.php?rest_route=%2Fwp%2Fv2%2Fcomments&post=5218"}],"version-history":[{"count":1,"href":"https:\/\/www.ramses.de\/index.php?rest_route=\/wp\/v2\/pages\/5218\/revisions"}],"predecessor-version":[{"id":5220,"href":"https:\/\/www.ramses.de\/index.php?rest_route=\/wp\/v2\/pages\/5218\/revisions\/5220"}],"up":[{"embeddable":true,"href":"https:\/\/www.ramses.de\/index.php?rest_route=\/wp\/v2\/pages\/3654"}],"wp:featuredmedia":[{"embeddable":true,"href":"https:\/\/www.ramses.de\/index.php?rest_route=\/wp\/v2\/media\/4908"}],"wp:attachment":[{"href":"https:\/\/www.ramses.de\/index.php?rest_route=%2Fwp%2Fv2%2Fmedia&parent=5218"}],"curies":[{"name":"wp","href":"https:\/\/api.w.org\/{rel}","templated":true}]}}