{"id":5420,"date":"2020-03-09T08:45:03","date_gmt":"2020-03-09T06:45:03","guid":{"rendered":"http:\/\/www.ramses.de\/?page_id=5420"},"modified":"2020-03-09T08:50:22","modified_gmt":"2020-03-09T06:50:22","slug":"fachbereich-umwelt-und-stadtgrun-auftragsverwaltung-2","status":"publish","type":"page","link":"https:\/\/www.ramses.de\/?page_id=5420","title":{"rendered":"Fachbereich Umwelt und Stadtgr\u00fcn &#8211; Baumschutzverordnung"},"content":{"rendered":"<h1>Die <span class=\"ILfuVd\"><span class=\"e24Kjd\">Baumschutzverordnung<\/span><\/span><\/h1>\n<p>Zum F\u00e4llen gro\u00dfer B\u00e4ume wird eine Genehmigung ben\u00f6tigt. Um einen Baum in Ihrem Garten zu f\u00e4llen, ben\u00f6tigen Sie, aufgrund der Baumschutzverordnung, zuerst eine Genehmigung zum Baumf\u00e4llen vom Ordnungsamt Ihrer Gemeinde. Dies gilt f\u00fcr B\u00e4ume ab einem Stammumfang von 80 cm, gemessen in einer H\u00f6he von 1 m bis zu 1,30 m.<\/p>\n<p>Die Beantragung der F\u00e4llungen, die Bescheide, die Ersatzpflanzungen etc. werden in dieser Datenbank verwaltet.<br \/>\nDas Erstellen der diversen Schriftst\u00fccke erfolgt per \u00dcbergabe an das Word.<\/p>\n<ul>\n<li>Grundst\u00fccke<\/li>\n<li>Antragsteller und Eigent\u00fcmer<\/li>\n<li>Antr\u00e4ge<\/li>\n<li>Bescheide<\/li>\n<li>Ersatzpflanzungen<\/li>\n<li>Auswertungen<\/li>\n<\/ul>\n<p>Wir freuen uns einen kleinen Anteil bei dem Thema Umweltschutz beizusteuern.<\/p>\n<p>Sie ben\u00f6tigen ebenfalls ma\u00dfgeschneiderte Software f\u00fcr den Kommunalen Einsatz!? Dann mailen Sie uns, wir melden uns umgehend!<\/p>\n<p>&nbsp;<\/p>\n<p><a href=\"https:\/\/www.ramses.de\/wp-content\/uploads\/Baumschutzverordnung.jpg\"><img loading=\"lazy\" decoding=\"async\" class=\"alignnone size-large wp-image-5424\" src=\"https:\/\/www.ramses.de\/wp-content\/uploads\/Baumschutzverordnung-1024x537.jpg\" alt=\"\" width=\"900\" height=\"472\" srcset=\"https:\/\/www.ramses.de\/wp-content\/uploads\/Baumschutzverordnung-1024x537.jpg 1024w, https:\/\/www.ramses.de\/wp-content\/uploads\/Baumschutzverordnung-300x157.jpg 300w, https:\/\/www.ramses.de\/wp-content\/uploads\/Baumschutzverordnung-768x403.jpg 768w, https:\/\/www.ramses.de\/wp-content\/uploads\/Baumschutzverordnung.jpg 1368w\" sizes=\"auto, (max-width: 900px) 100vw, 900px\" \/><\/a><\/p>\n<p>&nbsp;<\/p>\n","protected":false},"excerpt":{"rendered":"<p>Die Baumschutzverordnung Zum F\u00e4llen gro\u00dfer B\u00e4ume wird eine Genehmigung ben\u00f6tigt. Um einen Baum in Ihrem Garten zu f\u00e4llen, ben\u00f6tigen Sie, aufgrund der Baumschutzverordnung, zuerst eine &#8230; <a title=\"Fachbereich Umwelt und Stadtgr\u00fcn &#8211; Baumschutzverordnung\" class=\"read-more\" href=\"https:\/\/www.ramses.de\/?page_id=5420\" aria-label=\"Mehr Informationen \u00fcber Fachbereich Umwelt und Stadtgr\u00fcn &#8211; Baumschutzverordnung\">Weiterlesen &#8230;<\/a><\/p>\n","protected":false},"author":1,"featured_media":0,"parent":1155,"menu_order":0,"comment_status":"closed","ping_status":"closed","template":"template-full-width.php","meta":{"footnotes":""},"class_list":["post-5420","page","type-page","status-publish"],"_links":{"self":[{"href":"https:\/\/www.ramses.de\/index.php?rest_route=\/wp\/v2\/pages\/5420","targetHints":{"allow":["GET"]}}],"collection":[{"href":"https:\/\/www.ramses.de\/index.php?rest_route=\/wp\/v2\/pages"}],"about":[{"href":"https:\/\/www.ramses.de\/index.php?rest_route=\/wp\/v2\/types\/page"}],"author":[{"embeddable":true,"href":"https:\/\/www.ramses.de\/index.php?rest_route=\/wp\/v2\/users\/1"}],"replies":[{"embeddable":true,"href":"https:\/\/www.ramses.de\/index.php?rest_route=%2Fwp%2Fv2%2Fcomments&post=5420"}],"version-history":[{"count":2,"href":"https:\/\/www.ramses.de\/index.php?rest_route=\/wp\/v2\/pages\/5420\/revisions"}],"predecessor-version":[{"id":5425,"href":"https:\/\/www.ramses.de\/index.php?rest_route=\/wp\/v2\/pages\/5420\/revisions\/5425"}],"up":[{"embeddable":true,"href":"https:\/\/www.ramses.de\/index.php?rest_route=\/wp\/v2\/pages\/1155"}],"wp:attachment":[{"href":"https:\/\/www.ramses.de\/index.php?rest_route=%2Fwp%2Fv2%2Fmedia&parent=5420"}],"curies":[{"name":"wp","href":"https:\/\/api.w.org\/{rel}","templated":true}]}}