{"id":5571,"date":"2021-02-19T10:39:02","date_gmt":"2021-02-19T08:39:02","guid":{"rendered":"http:\/\/www.ramses.de\/?page_id=5571"},"modified":"2025-11-21T17:39:45","modified_gmt":"2025-11-21T15:39:45","slug":"rolf-ronschke-gmbh-kks-datenbank-2","status":"publish","type":"page","link":"https:\/\/www.ramses.de\/?page_id=5571","title":{"rendered":"ALURAL &#8211; Bauelemente GmbH &#038; Co. KG  &#8211; ERP System"},"content":{"rendered":"\n<div class=\"gbp-section gb-element-69ab4e86\">\n<div class=\"gbp-section__inner gb-element-c05844a7\">\n<div class=\"gb-element-baecad57\">\n<h1 class=\"gb-text gbp-section__headline\">ERP System f\u00fcr die Firma Alural<\/h1>\n\n\n\n<p class=\"gb-text gbp-section__text gb-text-6ea71c74\">Wir durften hier ein komplexes ERP System erstellen, das die komplette Auftragsverwaltung abdeckt.<br>Die Abk\u00fcrzung ERP steht f\u00fcr Enterprise Resource Planning und bezeichnet eine Komplettl\u00f6sung<br>eines Unternehmens bzw. einer Organisation<\/p>\n<\/div>\n\n\n\n<a href=\"https:\/\/www.ramses.de\/wp-content\/uploads\/DB00-4.jpg\"><img loading=\"lazy\" decoding=\"async\" width=\"1711\" height=\"1186\" class=\"gb-media-e624dcf5\" src=\"https:\/\/www.ramses.de\/wp-content\/uploads\/DB00-4.jpg\" title=\"DB00\" alt=\"Hauptmen\u00fc\" srcset=\"https:\/\/www.ramses.de\/wp-content\/uploads\/DB00-4.jpg 1711w, https:\/\/www.ramses.de\/wp-content\/uploads\/DB00-4-300x208.jpg 300w, https:\/\/www.ramses.de\/wp-content\/uploads\/DB00-4-1024x710.jpg 1024w, https:\/\/www.ramses.de\/wp-content\/uploads\/DB00-4-768x532.jpg 768w, https:\/\/www.ramses.de\/wp-content\/uploads\/DB00-4-1536x1065.jpg 1536w\" sizes=\"auto, (max-width: 1711px) 100vw, 1711px\" \/><\/a>\n<\/div>\n<\/div>\n\n\n\n<div class=\"gbp-section gb-element-76526951\">\n<div class=\"gbp-section__inner\">\n<div class=\"gb-element-5e852895\">\n<p class=\"gb-text gbp-section__tagline\">Features<\/p>\n\n\n\n<h2 class=\"gb-text gbp-section__headline\">Was die Datenbank bietet<\/h2>\n\n\n\n<p class=\"gb-text gbp-section__text gb-text-02da5d34\">Die Datenbank bietet eine Verwaltung der Versicherten und deren F\u00e4lle.<\/p>\n<\/div>\n<\/div>\n\n\n\n<div class=\"gbp-section__inner gb-element-d2ad073a\">\n<div>\n<a href=\"https:\/\/www.ramses.de\/wp-content\/uploads\/DB01-4.jpg\"><img loading=\"lazy\" decoding=\"async\" width=\"1711\" height=\"1186\" class=\"gb-media-ea72fbb7\" src=\"https:\/\/www.ramses.de\/wp-content\/uploads\/DB01-4.jpg\" title=\"DB01\" alt=\"Kundenverwaltung\n\" srcset=\"https:\/\/www.ramses.de\/wp-content\/uploads\/DB01-4.jpg 1711w, https:\/\/www.ramses.de\/wp-content\/uploads\/DB01-4-300x208.jpg 300w, https:\/\/www.ramses.de\/wp-content\/uploads\/DB01-4-1024x710.jpg 1024w, https:\/\/www.ramses.de\/wp-content\/uploads\/DB01-4-768x532.jpg 768w, https:\/\/www.ramses.de\/wp-content\/uploads\/DB01-4-1536x1065.jpg 1536w\" sizes=\"auto, (max-width: 1711px) 100vw, 1711px\" \/><\/a>\n\n\n\n<h3 class=\"gb-text gbp-section__headline\">Kundenverwaltung<\/h3>\n\n\n\n<p class=\"gb-text gbp-section__text\">Wir verwalten die Kunden und Konzerne, SEPA Mandate, Ansprechpartner und derekn Kommunikationswege. Zahlungsbedingen etc. vervollst\u00e4ndigen das Thema.<\/p>\n<\/div>\n\n\n\n<div>\n<a href=\"https:\/\/www.ramses.de\/wp-content\/uploads\/DB02-3.jpg\"><img loading=\"lazy\" decoding=\"async\" width=\"1711\" height=\"1186\" class=\"gb-media-731c22a7\" src=\"https:\/\/www.ramses.de\/wp-content\/uploads\/DB02-3.jpg\" title=\"DB02\" alt=\"\" srcset=\"https:\/\/www.ramses.de\/wp-content\/uploads\/DB02-3.jpg 1711w, https:\/\/www.ramses.de\/wp-content\/uploads\/DB02-3-300x208.jpg 300w, https:\/\/www.ramses.de\/wp-content\/uploads\/DB02-3-1024x710.jpg 1024w, https:\/\/www.ramses.de\/wp-content\/uploads\/DB02-3-768x532.jpg 768w, https:\/\/www.ramses.de\/wp-content\/uploads\/DB02-3-1536x1065.jpg 1536w\" sizes=\"auto, (max-width: 1711px) 100vw, 1711px\" \/><\/a>\n\n\n\n<h3 class=\"gb-text gbp-section__headline\">Auftragsabwicklung<\/h3>\n\n\n\n<p class=\"gb-text gbp-section__text\">Vom Angebot zum Auftrag. Von der Rechnung bis zur Bonusberechnung sowie die Bearbeitung von Versand und Reklamationen. Alles in einer L\u00f6sung<\/p>\n<\/div>\n\n\n\n<div>\n<a href=\"https:\/\/www.ramses.de\/wp-content\/uploads\/DB03-4.jpg\"><img loading=\"lazy\" decoding=\"async\" width=\"1711\" height=\"1186\" class=\"gb-media-be0709d7\" src=\"https:\/\/www.ramses.de\/wp-content\/uploads\/DB03-4.jpg\" title=\"DB03\" alt=\"\" srcset=\"https:\/\/www.ramses.de\/wp-content\/uploads\/DB03-4.jpg 1711w, https:\/\/www.ramses.de\/wp-content\/uploads\/DB03-4-300x208.jpg 300w, https:\/\/www.ramses.de\/wp-content\/uploads\/DB03-4-1024x710.jpg 1024w, https:\/\/www.ramses.de\/wp-content\/uploads\/DB03-4-768x532.jpg 768w, https:\/\/www.ramses.de\/wp-content\/uploads\/DB03-4-1536x1065.jpg 1536w\" sizes=\"auto, (max-width: 1711px) 100vw, 1711px\" \/><\/a>\n\n\n\n<h3 class=\"gb-text gbp-section__headline\">Fertigung<\/h3>\n\n\n\n<p class=\"gb-text gbp-section__text\">Hier importieren wir CAD Daten, erstellen Fertigungsauftr\u00e4ge. Die Weitergabe an Beschichter vervollst\u00e4ndigen das Thema.<\/p>\n<\/div>\n\n\n\n<div>\n<a href=\"https:\/\/www.ramses.de\/wp-content\/uploads\/DB04-3.jpg\"><img loading=\"lazy\" decoding=\"async\" width=\"1711\" height=\"1186\" class=\"gb-media-d22c5b7b\" src=\"https:\/\/www.ramses.de\/wp-content\/uploads\/DB04-3.jpg\" title=\"DB04\" alt=\"Versand\" srcset=\"https:\/\/www.ramses.de\/wp-content\/uploads\/DB04-3.jpg 1711w, https:\/\/www.ramses.de\/wp-content\/uploads\/DB04-3-300x208.jpg 300w, https:\/\/www.ramses.de\/wp-content\/uploads\/DB04-3-1024x710.jpg 1024w, https:\/\/www.ramses.de\/wp-content\/uploads\/DB04-3-768x532.jpg 768w, https:\/\/www.ramses.de\/wp-content\/uploads\/DB04-3-1536x1065.jpg 1536w\" sizes=\"auto, (max-width: 1711px) 100vw, 1711px\" \/><\/a>\n\n\n\n<h3 class=\"gb-text gbp-section__headline\">Versand<\/h3>\n\n\n\n<p class=\"gb-text gbp-section__text\">Neben den Transportunternehmer werden die Versandauftr\u00e4ge, Ladelisten und Versandaufkleber erstellt.<\/p>\n<\/div>\n\n\n\n<div>\n<a href=\"https:\/\/www.ramses.de\/wp-content\/uploads\/DB05-3.jpg\"><img loading=\"lazy\" decoding=\"async\" width=\"1711\" height=\"1186\" class=\"gb-media-6652c343\" src=\"https:\/\/www.ramses.de\/wp-content\/uploads\/DB05-3.jpg\" title=\"DB05\" alt=\"Buchhaltung\" srcset=\"https:\/\/www.ramses.de\/wp-content\/uploads\/DB05-3.jpg 1711w, https:\/\/www.ramses.de\/wp-content\/uploads\/DB05-3-300x208.jpg 300w, https:\/\/www.ramses.de\/wp-content\/uploads\/DB05-3-1024x710.jpg 1024w, https:\/\/www.ramses.de\/wp-content\/uploads\/DB05-3-768x532.jpg 768w, https:\/\/www.ramses.de\/wp-content\/uploads\/DB05-3-1536x1065.jpg 1536w\" sizes=\"auto, (max-width: 1711px) 100vw, 1711px\" \/><\/a>\n\n\n\n<h3 class=\"gb-text gbp-section__headline\">Buchhaltung<\/h3>\n\n\n\n<p class=\"gb-text gbp-section__text\">Rechnungen,m Bankeinz\u00fcge, eine Provisions- und Bonusberechnung funktionieren hier auf Knopfdruck.<\/p>\n<\/div>\n\n\n\n<div>\n<a href=\"https:\/\/www.ramses.de\/wp-content\/uploads\/DB06-2.jpg\"><img loading=\"lazy\" decoding=\"async\" width=\"1711\" height=\"1186\" class=\"gb-media-0a410045\" src=\"https:\/\/www.ramses.de\/wp-content\/uploads\/DB06-2.jpg\" title=\"DB06\" alt=\"Artikelstamm\" srcset=\"https:\/\/www.ramses.de\/wp-content\/uploads\/DB06-2.jpg 1711w, https:\/\/www.ramses.de\/wp-content\/uploads\/DB06-2-300x208.jpg 300w, https:\/\/www.ramses.de\/wp-content\/uploads\/DB06-2-1024x710.jpg 1024w, https:\/\/www.ramses.de\/wp-content\/uploads\/DB06-2-768x532.jpg 768w, https:\/\/www.ramses.de\/wp-content\/uploads\/DB06-2-1536x1065.jpg 1536w\" sizes=\"auto, (max-width: 1711px) 100vw, 1711px\" \/><\/a>\n\n\n\n<h3 class=\"gb-text gbp-section__headline\">Artikelstamm<\/h3>\n\n\n\n<p class=\"gb-text gbp-section__text\">Wir haben den kompletten Artikelstamm, samt Artikelgruppen, Kategorien, Serien etc.<\/p>\n<\/div>\n\n\n\n<p><\/p>\n<\/div>\n<\/div>\n\n\n\n<div class=\"gbp-section gb-element-54f74277\">\n<div class=\"gbp-section__inner gb-element-3c224739\">\n<div class=\"gb-element-f83a6a9e\">\n<p class=\"gb-text gbp-section__tagline\">Zentrale Aufgaben<\/p>\n\n\n\n<h2 class=\"gb-text gbp-section__headline\">Integrierte Benutzerverwaltung <\/h2>\n\n\n\n<ul class=\"gb-element-bd01496d\">\n<li class=\"gb-element-03da21eb\">\n<div class=\"gb-text gb-text-8bfe08bc\">User<\/div>\n\n\n\n<p class=\"gb-text gb-text-7648ac6b\">Anwenderverwaltung<\/p>\n<\/li>\n\n\n\n<li class=\"gb-element-6276855e\">\n<div class=\"gb-text gb-text-c864ded9\">Usergruppen<\/div>\n\n\n\n<p class=\"gb-text gb-text-8a4a88ec\">Rechterollen <\/p>\n<\/li>\n\n\n\n<li class=\"gb-element-8c9c18bd\">\n<div class=\"gb-text gb-text-5c960fb9\">Wiedervorlagen<\/div>\n\n\n\n<p class=\"gb-text gb-text-02a38ea9\">ToDo Listen zur Aufgabenverwaltung.<\/p>\n<\/li>\n\n\n\n<li class=\"gb-element-4d4ea20b\">\n<div class=\"gb-text gb-text-3007957f\">Stammdaten<\/div>\n\n\n\n<p class=\"gb-text gb-text-4fa11e37\">Zentrale Verwaltung wichtiger Werte und Informationen<\/p>\n<\/li>\n<\/ul>\n<\/div>\n\n\n\n<a href=\"https:\/\/www.ramses.de\/wp-content\/uploads\/DB99-1.jpg\"><img loading=\"lazy\" decoding=\"async\" width=\"1711\" height=\"1186\" class=\"gb-media-2fb18992\" src=\"https:\/\/www.ramses.de\/wp-content\/uploads\/DB99-1.jpg\" title=\"DB99\" alt=\"Datenpflege\" srcset=\"https:\/\/www.ramses.de\/wp-content\/uploads\/DB99-1.jpg 1711w, https:\/\/www.ramses.de\/wp-content\/uploads\/DB99-1-300x208.jpg 300w, https:\/\/www.ramses.de\/wp-content\/uploads\/DB99-1-1024x710.jpg 1024w, https:\/\/www.ramses.de\/wp-content\/uploads\/DB99-1-768x532.jpg 768w, https:\/\/www.ramses.de\/wp-content\/uploads\/DB99-1-1536x1065.jpg 1536w\" sizes=\"auto, (max-width: 1711px) 100vw, 1711px\" \/><\/a>\n<\/div>\n<\/div>\n","protected":false},"excerpt":{"rendered":"<p>ERP System f\u00fcr die Firma Alural Wir durften hier ein komplexes ERP System erstellen, das die komplette Auftragsverwaltung abdeckt.Die Abk\u00fcrzung ERP steht f\u00fcr Enterprise Resource &#8230; <a title=\"ALURAL &#8211; Bauelemente GmbH &#038; Co. KG  &#8211; ERP System\" class=\"read-more\" href=\"https:\/\/www.ramses.de\/?page_id=5571\" aria-label=\"Mehr Informationen \u00fcber ALURAL &#8211; Bauelemente GmbH &#038; Co. KG  &#8211; ERP System\">Weiterlesen &#8230;<\/a><\/p>\n","protected":false},"author":1,"featured_media":5575,"parent":2373,"menu_order":0,"comment_status":"closed","ping_status":"closed","template":"","meta":{"footnotes":""},"class_list":{"0":"post-5571","1":"page","2":"type-page","3":"status-publish","4":"has-post-thumbnail","6":"resize-featured-image"},"_links":{"self":[{"href":"https:\/\/www.ramses.de\/index.php?rest_route=\/wp\/v2\/pages\/5571","targetHints":{"allow":["GET"]}}],"collection":[{"href":"https:\/\/www.ramses.de\/index.php?rest_route=\/wp\/v2\/pages"}],"about":[{"href":"https:\/\/www.ramses.de\/index.php?rest_route=\/wp\/v2\/types\/page"}],"author":[{"embeddable":true,"href":"https:\/\/www.ramses.de\/index.php?rest_route=\/wp\/v2\/users\/1"}],"replies":[{"embeddable":true,"href":"https:\/\/www.ramses.de\/index.php?rest_route=%2Fwp%2Fv2%2Fcomments&post=5571"}],"version-history":[{"count":6,"href":"https:\/\/www.ramses.de\/index.php?rest_route=\/wp\/v2\/pages\/5571\/revisions"}],"predecessor-version":[{"id":7313,"href":"https:\/\/www.ramses.de\/index.php?rest_route=\/wp\/v2\/pages\/5571\/revisions\/7313"}],"up":[{"embeddable":true,"href":"https:\/\/www.ramses.de\/index.php?rest_route=\/wp\/v2\/pages\/2373"}],"wp:featuredmedia":[{"embeddable":true,"href":"https:\/\/www.ramses.de\/index.php?rest_route=\/wp\/v2\/media\/5575"}],"wp:attachment":[{"href":"https:\/\/www.ramses.de\/index.php?rest_route=%2Fwp%2Fv2%2Fmedia&parent=5571"}],"curies":[{"name":"wp","href":"https:\/\/api.w.org\/{rel}","templated":true}]}}