{"id":5860,"date":"2022-07-20T11:22:45","date_gmt":"2022-07-20T09:22:45","guid":{"rendered":"http:\/\/www.ramses.de\/?page_id=5860"},"modified":"2025-08-20T08:43:51","modified_gmt":"2025-08-20T06:43:51","slug":"fachbereich-stadtentwaesserung-projektverwaltung-2","status":"publish","type":"page","link":"https:\/\/www.ramses.de\/?page_id=5860","title":{"rendered":"Fachbereich Stadtentw\u00e4sserung &#8211; LIMS"},"content":{"rendered":"\n<h1 class=\"wp-block-heading\">Das Abwasser Monitoring<\/h1>\n\n\n\n<p>Im Jahre 1969 beauftragte der Gro\u00dfraumverbund die Landeshauptstadt Hannover, ein Konzept f\u00fcr die Abwasserreinigung in der Kernregion Hannovers zu entwickeln. Im Rahmen dieser Aufgabe werden t\u00e4glich diverse Proben an verschiedenen Stellen des Stadtgebietes vorgenommen.<\/p>\n\n\n\n<p>Diese Datenbank verwaltet die Proben und die daraus resultierenden Messwerte.<\/p>\n\n\n\n<ul class=\"wp-block-list\">\n<li>Probenverwaltung<\/li>\n\n\n\n<li>Flaschenverwaltung<\/li>\n\n\n\n<li>Entnahmestellen<\/li>\n\n\n\n<li>Stoff- und Stoffgruppen<\/li>\n\n\n\n<li>Wiedervorlagen<\/li>\n\n\n\n<li>Auswertungen und Berichte<\/li>\n<\/ul>\n\n\n\n<figure class=\"wp-block-image\"><a href=\"https:\/\/www.ramses.de\/wp-content\/uploads\/LIMS.jpg\"><img loading=\"lazy\" decoding=\"async\" width=\"1024\" height=\"675\" src=\"https:\/\/www.ramses.de\/wp-content\/uploads\/LIMS-1024x675.jpg\" alt=\"\" class=\"wp-image-5861\" srcset=\"https:\/\/www.ramses.de\/wp-content\/uploads\/LIMS-1024x675.jpg 1024w, https:\/\/www.ramses.de\/wp-content\/uploads\/LIMS-300x198.jpg 300w, https:\/\/www.ramses.de\/wp-content\/uploads\/LIMS-768x506.jpg 768w, https:\/\/www.ramses.de\/wp-content\/uploads\/LIMS-1536x1013.jpg 1536w, https:\/\/www.ramses.de\/wp-content\/uploads\/LIMS.jpg 1979w\" sizes=\"auto, (max-width: 1024px) 100vw, 1024px\" \/><\/a><\/figure>\n\n\n\n<p><\/p>\n","protected":false},"excerpt":{"rendered":"<p>Das Abwasser Monitoring Im Jahre 1969 beauftragte der Gro\u00dfraumverbund die Landeshauptstadt Hannover, ein Konzept f\u00fcr die Abwasserreinigung in der Kernregion Hannovers zu entwickeln. Im Rahmen &#8230; <a title=\"Fachbereich Stadtentw\u00e4sserung &#8211; LIMS\" class=\"read-more\" href=\"https:\/\/www.ramses.de\/?page_id=5860\" aria-label=\"Mehr Informationen \u00fcber Fachbereich Stadtentw\u00e4sserung &#8211; LIMS\">Weiterlesen &#8230;<\/a><\/p>\n","protected":false},"author":1,"featured_media":5861,"parent":1263,"menu_order":0,"comment_status":"closed","ping_status":"closed","template":"","meta":{"footnotes":""},"class_list":{"0":"post-5860","1":"page","2":"type-page","3":"status-publish","4":"has-post-thumbnail","6":"resize-featured-image"},"_links":{"self":[{"href":"https:\/\/www.ramses.de\/index.php?rest_route=\/wp\/v2\/pages\/5860","targetHints":{"allow":["GET"]}}],"collection":[{"href":"https:\/\/www.ramses.de\/index.php?rest_route=\/wp\/v2\/pages"}],"about":[{"href":"https:\/\/www.ramses.de\/index.php?rest_route=\/wp\/v2\/types\/page"}],"author":[{"embeddable":true,"href":"https:\/\/www.ramses.de\/index.php?rest_route=\/wp\/v2\/users\/1"}],"replies":[{"embeddable":true,"href":"https:\/\/www.ramses.de\/index.php?rest_route=%2Fwp%2Fv2%2Fcomments&post=5860"}],"version-history":[{"count":3,"href":"https:\/\/www.ramses.de\/index.php?rest_route=\/wp\/v2\/pages\/5860\/revisions"}],"predecessor-version":[{"id":6777,"href":"https:\/\/www.ramses.de\/index.php?rest_route=\/wp\/v2\/pages\/5860\/revisions\/6777"}],"up":[{"embeddable":true,"href":"https:\/\/www.ramses.de\/index.php?rest_route=\/wp\/v2\/pages\/1263"}],"wp:featuredmedia":[{"embeddable":true,"href":"https:\/\/www.ramses.de\/index.php?rest_route=\/wp\/v2\/media\/5861"}],"wp:attachment":[{"href":"https:\/\/www.ramses.de\/index.php?rest_route=%2Fwp%2Fv2%2Fmedia&parent=5860"}],"curies":[{"name":"wp","href":"https:\/\/api.w.org\/{rel}","templated":true}]}}