{"id":5929,"date":"2022-12-30T08:10:37","date_gmt":"2022-12-30T06:10:37","guid":{"rendered":"http:\/\/www.ramses.de\/?page_id=5929"},"modified":"2022-12-30T08:18:17","modified_gmt":"2022-12-30T06:18:17","slug":"referenzen-fachhochschule-rosenheim-2","status":"publish","type":"page","link":"https:\/\/www.ramses.de\/?page_id=5929","title":{"rendered":"Referenzen &#8211; Fundsback"},"content":{"rendered":"<h3>German Pension Contribution Service uG<\/h3>\n<p>Das spannende an meinem Job ist es, t\u00e4glich in Thmen eintauchen zu k\u00f6nnen, die einen \u00fcberraschen<\/p>\n<p>Hier handelt es sich um die Anspr\u00fcche ausl\u00e4ndischer Arbeitnehmer und Arbeitnehmerinnen die Anspr\u00fcche an die deutsche Rentenkasse haben.<\/p>\n<p>Das Projekt<\/p>\n<ul>\n<li><a href=\"https:\/\/www.ramses.de\/?page_id=5933\">Fundsback<\/a><\/li>\n<\/ul>\n<p>Weitere Informationen finden Sie im Internet <a href=\"https:\/\/www.fundsback.org\/\">hier&#8230;..<\/a><\/p>\n<p>&nbsp;<\/p>\n","protected":false},"excerpt":{"rendered":"<p>German Pension Contribution Service uG Das spannende an meinem Job ist es, t\u00e4glich in Thmen eintauchen zu k\u00f6nnen, die einen \u00fcberraschen Hier handelt es sich &#8230; <a title=\"Referenzen &#8211; Fundsback\" class=\"read-more\" href=\"https:\/\/www.ramses.de\/?page_id=5929\" aria-label=\"Mehr Informationen \u00fcber Referenzen &#8211; Fundsback\">Weiterlesen &#8230;<\/a><\/p>\n","protected":false},"author":1,"featured_media":5930,"parent":745,"menu_order":0,"comment_status":"closed","ping_status":"closed","template":"template-full-width.php","meta":{"footnotes":""},"class_list":{"0":"post-5929","1":"page","2":"type-page","3":"status-publish","4":"has-post-thumbnail","6":"resize-featured-image"},"_links":{"self":[{"href":"https:\/\/www.ramses.de\/index.php?rest_route=\/wp\/v2\/pages\/5929","targetHints":{"allow":["GET"]}}],"collection":[{"href":"https:\/\/www.ramses.de\/index.php?rest_route=\/wp\/v2\/pages"}],"about":[{"href":"https:\/\/www.ramses.de\/index.php?rest_route=\/wp\/v2\/types\/page"}],"author":[{"embeddable":true,"href":"https:\/\/www.ramses.de\/index.php?rest_route=\/wp\/v2\/users\/1"}],"replies":[{"embeddable":true,"href":"https:\/\/www.ramses.de\/index.php?rest_route=%2Fwp%2Fv2%2Fcomments&post=5929"}],"version-history":[{"count":2,"href":"https:\/\/www.ramses.de\/index.php?rest_route=\/wp\/v2\/pages\/5929\/revisions"}],"predecessor-version":[{"id":5936,"href":"https:\/\/www.ramses.de\/index.php?rest_route=\/wp\/v2\/pages\/5929\/revisions\/5936"}],"up":[{"embeddable":true,"href":"https:\/\/www.ramses.de\/index.php?rest_route=\/wp\/v2\/pages\/745"}],"wp:featuredmedia":[{"embeddable":true,"href":"https:\/\/www.ramses.de\/index.php?rest_route=\/wp\/v2\/media\/5930"}],"wp:attachment":[{"href":"https:\/\/www.ramses.de\/index.php?rest_route=%2Fwp%2Fv2%2Fmedia&parent=5929"}],"curies":[{"name":"wp","href":"https:\/\/api.w.org\/{rel}","templated":true}]}}