{"id":6414,"date":"2025-02-26T13:18:07","date_gmt":"2025-02-26T11:18:07","guid":{"rendered":"http:\/\/www.ramses.de\/?page_id=6414"},"modified":"2025-02-26T16:25:07","modified_gmt":"2025-02-26T14:25:07","slug":"faq-project-kostenplanung-2-2","status":"publish","type":"page","link":"https:\/\/www.ramses.de\/?page_id=6414","title":{"rendered":"FAQ &#8211; Project &#8211; Die 10 Gebote"},"content":{"rendered":"<h1>H\u00e4ufig gestellte Fragen<\/h1>\n<p>Alles zum Thema Projektmanagement &#8211; Die 10 Gebote<\/p>\n<p>Selbstverst\u00e4ndlich ist das eine subjektive Auswahl \u00fcber die man herrlich streiten kann \ud83d\ude42<\/p>\n<h3 title=\"FAQ Project\">Die Fragen<\/h3>\n<ul>\n<li><a href=\"https:\/\/www.ramses.de\/?p=6418\">Gebot 1 &#8211; Legen Sie eine Vorgangsart fest!<\/a><\/li>\n<li><a href=\"https:\/\/www.ramses.de\/?p=6422\">Gebot 2 &#8211; Das Black-Box-Prinzip<\/a><\/li>\n<li><a href=\"https:\/\/www.ramses.de\/?p=6426\">Gebot 3 &#8211; Projektstart \u00fcber Projektinfo festlegen<\/a><\/li>\n<li><a href=\"https:\/\/www.ramses.de\/?p=6432\">Gebot 4 &#8211; Die Spalten Anfang und Ende nicht editieren<\/a><\/li>\n<li><a href=\"https:\/\/www.ramses.de\/?p=6437\">Gebot 5 &#8211; F\u00fcr spezielle Termine Meilensteine verwenden<\/a><\/li>\n<li><a href=\"https:\/\/www.ramses.de\/?p=6443\">Gebot 6 &#8211; Statt Termineinschr\u00e4nkungen Stichtage verwenden<\/a><\/li>\n<li><a href=\"https:\/\/www.ramses.de\/?p=6447\">Gebot 7 &#8211; Vermeiden Sie offene Enden auf Sammelvorg\u00e4nge<\/a><\/li>\n<li><a href=\"https:\/\/www.ramses.de\/?p=6451\">Gebot 8 &#8211; in Vorgang, eine Ressource<\/a><\/li>\n<li><a href=\"https:\/\/www.ramses.de\/?p=6454\">Gebot 9 &#8211; Keine Ressourcen auf Sammelvorg\u00e4nge zuweisen<\/a><\/li>\n<li><a href=\"https:\/\/www.ramses.de\/?p=6457\">Gebot 10 &#8211; Aktualisieren des Projektes zum Statusdatum<\/a><\/li>\n<\/ul>\n","protected":false},"excerpt":{"rendered":"<p>H\u00e4ufig gestellte Fragen Alles zum Thema Projektmanagement &#8211; Die 10 Gebote Selbstverst\u00e4ndlich ist das eine subjektive Auswahl \u00fcber die man herrlich streiten kann \ud83d\ude42 Die &#8230; <a title=\"FAQ &#8211; Project &#8211; Die 10 Gebote\" class=\"read-more\" href=\"https:\/\/www.ramses.de\/?page_id=6414\" aria-label=\"Mehr Informationen \u00fcber FAQ &#8211; Project &#8211; Die 10 Gebote\">Weiterlesen &#8230;<\/a><\/p>\n","protected":false},"author":1,"featured_media":0,"parent":863,"menu_order":0,"comment_status":"open","ping_status":"closed","template":"","meta":{"footnotes":""},"class_list":["post-6414","page","type-page","status-publish"],"_links":{"self":[{"href":"https:\/\/www.ramses.de\/index.php?rest_route=\/wp\/v2\/pages\/6414","targetHints":{"allow":["GET"]}}],"collection":[{"href":"https:\/\/www.ramses.de\/index.php?rest_route=\/wp\/v2\/pages"}],"about":[{"href":"https:\/\/www.ramses.de\/index.php?rest_route=\/wp\/v2\/types\/page"}],"author":[{"embeddable":true,"href":"https:\/\/www.ramses.de\/index.php?rest_route=\/wp\/v2\/users\/1"}],"replies":[{"embeddable":true,"href":"https:\/\/www.ramses.de\/index.php?rest_route=%2Fwp%2Fv2%2Fcomments&post=6414"}],"version-history":[{"count":11,"href":"https:\/\/www.ramses.de\/index.php?rest_route=\/wp\/v2\/pages\/6414\/revisions"}],"predecessor-version":[{"id":6460,"href":"https:\/\/www.ramses.de\/index.php?rest_route=\/wp\/v2\/pages\/6414\/revisions\/6460"}],"up":[{"embeddable":true,"href":"https:\/\/www.ramses.de\/index.php?rest_route=\/wp\/v2\/pages\/863"}],"wp:attachment":[{"href":"https:\/\/www.ramses.de\/index.php?rest_route=%2Fwp%2Fv2%2Fmedia&parent=6414"}],"curies":[{"name":"wp","href":"https:\/\/api.w.org\/{rel}","templated":true}]}}