{"id":647,"date":"2013-07-24T12:30:12","date_gmt":"2013-07-24T10:30:12","guid":{"rendered":"http:\/\/www.ramses.de\/?page_id=647"},"modified":"2020-01-07T07:55:03","modified_gmt":"2020-01-07T05:55:03","slug":"impressum","status":"publish","type":"page","link":"https:\/\/www.ramses.de\/?page_id=647","title":{"rendered":"Impressum"},"content":{"rendered":"<div>\n<h1>RAMSES EDV Beratung &#8211; Impressum<\/h1>\n<\/div>\n<div>\n<p><strong>Firma<\/strong><\/p>\n<p>RAMSES EDV Beratung<\/p>\n<p><strong>Inhaber<\/strong><\/p>\n<p>Diplom \u00d6konom Maik Ramftel<\/p>\n<p><strong>Adresse<\/strong><\/p>\n<p>T\u00f6pferweg 8, 31171 Nordstemmen<\/p>\n<p><strong>Kontakt<\/strong><\/p>\n<p>Mobil : 0172 \/ 81 93 687<br \/>\nE-Mail : ramftel@ramses.de<\/p>\n<p><strong>USt-Id.Nr.<\/strong><\/p>\n<p>DE164016647<\/p>\n<p><strong>Haftungshinweis <\/strong><\/p>\n<p>Trotz sorgf\u00e4ltiger inhaltlicher Kontrolle \u00fcbernehmen wir keine Haftung f\u00fcr die Inhalte externer Links. F\u00fcr den Inhalt der verlinkten Seiten sind ausschlie\u00dflich deren Betreiber verantwortlich.<br \/>\nRAMSES EDV Beratung ist bem\u00fcht, ihr Webangebot stets aktuell und inhaltlich richtig sowie vollst\u00e4ndig anzubieten. Dennoch ist das Auftreten von Fehlern nicht v\u00f6llig auszuschlie\u00dfen. Wir \u00fcbernehmen keine Haftung f\u00fcr die Aktualit\u00e4t, die inhaltliche Richtigkeit sowie f\u00fcr die Vollst\u00e4ndigkeit der im Webangebot eingestellten Informationen, es sei denn die Fehler wurden vors\u00e4tzlich oder grob fahrl\u00e4ssig aufgenommen. Dies bezieht sich auf eventuelle Sch\u00e4den materieller oder ideeller Art Dritter, die durch die Nutzung dieses Webangebotes verursacht wurden.<\/p>\n<\/div>\n","protected":false},"excerpt":{"rendered":"<p>RAMSES EDV Beratung &#8211; Impressum Firma RAMSES EDV Beratung Inhaber Diplom \u00d6konom Maik Ramftel Adresse T\u00f6pferweg 8, 31171 Nordstemmen Kontakt Mobil : 0172 \/ 81 &#8230; <a title=\"Impressum\" class=\"read-more\" href=\"https:\/\/www.ramses.de\/?page_id=647\" aria-label=\"Mehr Informationen \u00fcber Impressum\">Weiterlesen &#8230;<\/a><\/p>\n","protected":false},"author":1,"featured_media":0,"parent":0,"menu_order":0,"comment_status":"closed","ping_status":"closed","template":"template-full-width.php","meta":{"footnotes":""},"class_list":["post-647","page","type-page","status-publish"],"_links":{"self":[{"href":"https:\/\/www.ramses.de\/index.php?rest_route=\/wp\/v2\/pages\/647","targetHints":{"allow":["GET"]}}],"collection":[{"href":"https:\/\/www.ramses.de\/index.php?rest_route=\/wp\/v2\/pages"}],"about":[{"href":"https:\/\/www.ramses.de\/index.php?rest_route=\/wp\/v2\/types\/page"}],"author":[{"embeddable":true,"href":"https:\/\/www.ramses.de\/index.php?rest_route=\/wp\/v2\/users\/1"}],"replies":[{"embeddable":true,"href":"https:\/\/www.ramses.de\/index.php?rest_route=%2Fwp%2Fv2%2Fcomments&post=647"}],"version-history":[{"count":8,"href":"https:\/\/www.ramses.de\/index.php?rest_route=\/wp\/v2\/pages\/647\/revisions"}],"predecessor-version":[{"id":5376,"href":"https:\/\/www.ramses.de\/index.php?rest_route=\/wp\/v2\/pages\/647\/revisions\/5376"}],"wp:attachment":[{"href":"https:\/\/www.ramses.de\/index.php?rest_route=%2Fwp%2Fv2%2Fmedia&parent=647"}],"curies":[{"name":"wp","href":"https:\/\/api.w.org\/{rel}","templated":true}]}}