{"id":651,"date":"2013-07-24T12:32:14","date_gmt":"2013-07-24T10:32:14","guid":{"rendered":"http:\/\/www.ramses.de\/?page_id=651"},"modified":"2025-09-17T10:23:09","modified_gmt":"2025-09-17T08:23:09","slug":"uber-mich","status":"publish","type":"page","link":"https:\/\/www.ramses.de\/?page_id=651","title":{"rendered":"\u00dcber mich&#8230;"},"content":{"rendered":"\n<div>\n<h3>Maik Ramftel \u2022 \u00fcber mich<\/h3>\n<\/div>\n\n\n\n<div>\n<p>Ich bin 1968 in Hildesheim geboren, verheiratet mit der besten Frau der Welt und habe zwei erwachsene Kinder. Seit fast 30 Jahren bin ich nun im Beratungs- und Trainingsgesch\u00e4ft t\u00e4tig. In dieser Zeit habe ich eine Vielzahl von Erfahrungen sammeln k\u00f6nnen, die in meine Seminare einflie\u00dfen. Die Zielstrebigkeit als Kampfsportler, die Erfahrungen aus 10 Jahren Vorstandsarbeit an einem Gymnasium, die Kreativit\u00e4t aus meiner zweiten Passion dem Kochen, all das macht mich zu dem was ich bin, Ihr Trainer.<\/p>\n<h3>Meine Themen<\/h3>\n<p>Ich biete Ihnen Seminare in den Themen an, mit denen Sie Ihre t\u00e4gliche Arbeit verrichten, ich bringe Ihnen die Werkzeuge bei, die Sie brauchen, in allen Versionen, vom Einstieg bis zum Profi Level, von der Anwendung bis zur Programmierung.<\/p>\n<p>Word \u2022 Excel \u2022 Powerpoint \u2022 Outlook \u2022 Access \u2022 IT Grundlagen \u2022 Windows \u2022 Visio \u2022 Project \u2022 OneNote \u2022 Publisher \u2022 Sharepoint \u2022 Office 365 \u2022 VBA<\/p>\n<p>Ich unterst\u00fctze Sie auch in den Themen Zeitmanagement \u2022 Projektmanagement \u2022 Datenbankentwicklung \u2022 Dokumentenmanagement Systeme DMS \u2022 ELO \u2022 D3.<br>Ein weiterer Schwerpunkt meiner Arbeit ist das Entwickeln von Datenbank Systemen f\u00fcr die Wirtschaft, die Verwaltung und Einsatzkr\u00e4ften wie Feuerwehr, THW etc.<\/p>\n<h3>Philosophie und Arbeitsweise<\/h3>\n<p>Entscheidend ist, was meinen Kunden weiterhilft. Ich bin \u00fcberzeugt davon, dass man am besten lernt, wenn man auch Spa\u00df beim Lernen hat. Lernen muss Spa\u00df machen, um das Interesse und den Willen zu wecken das Erlernte auch anzuwenden. Ich arbeite in den Seminaren stets motivierend und praxisbezogen. Spannend aufbereitete Beispiele aus der t\u00e4glichen Arbeit vermitteln das Wissen. Wir erarbeiten konkrete L\u00f6sungsvorschl\u00e4ge, die in der t\u00e4glichen Arbeit einen Mehrwert bilden und auch nach dem Seminar umsetzbar sind. Aus der Praxis f\u00fcr die Praxis, das ist mein Motto.<\/p>\n<h3>Meine Pluspunkte<\/h3>\n<p>Mit meiner langj\u00e4hrigen Erfahrung in Seminaren, Einzelcoaching und Workshops bringe ich einen Mehrwert in die Seminare ein. Ob im Rahmen der Arbeitszeit, am Abend oder am Wochenende, ob Einzelcoaching, Lerngruppe oder \u00f6ffentliches Podium, wir finden ein Konzept f\u00fcr Ihre Situation, Ihr Team und Ihren Anspruch. Wir kl\u00e4ren vorab Ihre W\u00fcnsche, nehmen Ihre Probleme, Ihre Voraussetzungen in die Seminarplanung mit auf.<\/p>\n<h3>Mein beruflicher Background<\/h3>\n<p>Ausgestattet mit dem Abitur an dem Friedrich List Wirtschaftsgymnasium f\u00fchrte mich mein Weg zur Preussag AG, wo ich eine Ausbildung zum Industriekaufmann absolvierte. Nach der Ausbildung studierte ich Wirtschaftswissenschaften an der Universit\u00e4t Hannover. Die Schwerpunkte Angewandte Information, Produktion und Personal und Arbeit bilden das Fundament f\u00fcr meine heutige Arbeit als Trainer.<\/p>\n<p>Seit nun fast 30 Jahren bin ich selbstst\u00e4ndig als Trainer, Berater und Entwickler von Datenbanken. Die Erfahrungen in der Projektarbeit in der Wirtschaft, der Verwaltung und dem \u00f6ffentlichen Dienst flie\u00dfen in den Unterricht ein und garantieren den Praxisbezug in den Seminaren.<\/p>\n<h3>Meine Referenzen<\/h3>\n<p>Im Laufe der Zeit habe ich viele Kunden betreut, in vielen St\u00e4dten \u00fcbernachtet und in vielen Kantinen gegessen, daher kann ich hier nur einen Auszug der Firmen geben, die ich betreuen durfte.<br>Ich schule Ihr Team bundesweit, immer dort, wo Sie mich brauchen, ich entwickle Datenbanken an jedem Ort der Welt \ud83d\ude42<\/p>\n<p><a href=\"https:\/\/www.ramses.de\/?page_id=720\">Schulungsreferenzen<\/a><\/p>\n<p><a href=\"https:\/\/www.ramses.de\/?page_id=740\">Datenbankreferenzen<\/a><\/p>\n<p><strong>Adresse<\/strong><br>T\u00f6pferweg 8, 31171 Nordstemmen<\/p>\n<p><strong>Kontakt<\/strong><\/p>\n<p>Mobil : 0172 \/ 81 93 687<br>E-Mail : ramftel@ramses.de<\/p>\n<figure><a href=\"https:\/\/www.ramses.de\/wp-content\/uploads\/Maik01.jpg\"><img loading=\"lazy\" decoding=\"async\" class=\"alignnone size-medium wp-image-2247\" src=\"https:\/\/www.ramses.de\/wp-content\/uploads\/Maik01-300x300.jpg\" alt=\"Maik01\" width=\"300\" height=\"300\" srcset=\"https:\/\/www.ramses.de\/wp-content\/uploads\/Maik01-300x300.jpg 300w, https:\/\/www.ramses.de\/wp-content\/uploads\/Maik01-150x150.jpg 150w, https:\/\/www.ramses.de\/wp-content\/uploads\/Maik01-55x54.jpg 55w, https:\/\/www.ramses.de\/wp-content\/uploads\/Maik01.jpg 1000w\" sizes=\"auto, (max-width: 300px) 100vw, 300px\" \/><\/a><\/figure><p><\/p>\n<\/div>\n","protected":false},"excerpt":{"rendered":"<p>Maik Ramftel \u2022 \u00fcber mich Ich bin 1968 in Hildesheim geboren, verheiratet mit der besten Frau der Welt und habe zwei erwachsene Kinder. Seit fast &#8230; <a title=\"\u00dcber mich&#8230;\" class=\"read-more\" href=\"https:\/\/www.ramses.de\/?page_id=651\" aria-label=\"Mehr Informationen \u00fcber \u00dcber mich&#8230;\">Weiterlesen &#8230;<\/a><\/p>\n","protected":false},"author":1,"featured_media":0,"parent":0,"menu_order":0,"comment_status":"closed","ping_status":"closed","template":"","meta":{"footnotes":""},"class_list":["post-651","page","type-page","status-publish"],"_links":{"self":[{"href":"https:\/\/www.ramses.de\/index.php?rest_route=\/wp\/v2\/pages\/651","targetHints":{"allow":["GET"]}}],"collection":[{"href":"https:\/\/www.ramses.de\/index.php?rest_route=\/wp\/v2\/pages"}],"about":[{"href":"https:\/\/www.ramses.de\/index.php?rest_route=\/wp\/v2\/types\/page"}],"author":[{"embeddable":true,"href":"https:\/\/www.ramses.de\/index.php?rest_route=\/wp\/v2\/users\/1"}],"replies":[{"embeddable":true,"href":"https:\/\/www.ramses.de\/index.php?rest_route=%2Fwp%2Fv2%2Fcomments&post=651"}],"version-history":[{"count":8,"href":"https:\/\/www.ramses.de\/index.php?rest_route=\/wp\/v2\/pages\/651\/revisions"}],"predecessor-version":[{"id":6940,"href":"https:\/\/www.ramses.de\/index.php?rest_route=\/wp\/v2\/pages\/651\/revisions\/6940"}],"wp:attachment":[{"href":"https:\/\/www.ramses.de\/index.php?rest_route=%2Fwp%2Fv2%2Fmedia&parent=651"}],"curies":[{"name":"wp","href":"https:\/\/api.w.org\/{rel}","templated":true}]}}