{"id":655,"date":"2013-07-24T12:52:03","date_gmt":"2013-07-24T10:52:03","guid":{"rendered":"http:\/\/www.ramses.de\/?page_id=655"},"modified":"2025-09-01T19:48:55","modified_gmt":"2025-09-01T17:48:55","slug":"beratung","status":"publish","type":"page","link":"https:\/\/www.ramses.de\/?page_id=655","title":{"rendered":"Beratung"},"content":{"rendered":"\n<h1 class=\"wp-block-heading\"><strong>Nutzen Sie unser Wissen um Ihre Wettbewerbsposition zu st\u00e4rken !<\/strong><\/h1>\n\n\n\n<p>Kaum ein Segment ist einem solch schnellen Wandel unterlegen wie der EDV Sektor.<br>Nutzen Sie uns und unsere Partner, um Ihre Entscheidungen zu unterst\u00fctzen. Wir unterst\u00fctzen Sie zum Beispiel durch :<\/p>\n\n\n\n<ul class=\"wp-block-list\">\n<li>Netzwerk Konzeptionen<\/li>\n\n\n\n<li>EDV &#8211; Ist Aufnahmen<\/li>\n\n\n\n<li>Wirtschaftlichkeitsrechnungen<\/li>\n\n\n\n<li>Projektunterst\u00fctzung<\/li>\n\n\n\n<li>Machbarkeitsstudien<\/li>\n\n\n\n<li>Pers\u00f6nliches Coaching<\/li>\n\n\n\n<li>Und vieles mehr&#8230;<\/li>\n<\/ul>\n\n\n\n<p>Nutzen Sie unsere Kompetenz, um Ihre EDV Abteilung zu unterst\u00fctzen und zu erg\u00e4nzen. Mit flexiblen Vertr\u00e4gen geben wir Ihnen die M\u00f6glichkeit kurzfristig auch gro\u00dfe Projekte zu realisieren, ohne neues Personal einstellen zu m\u00fcssen<\/p>\n\n\n\n<p>Schauen Sie sich hierzu gerne unsere <a href=\"https:\/\/www.ramses.de\/?page_id=720\">Referenzen<\/a> an.<\/p>\n\n\n\n<p>&nbsp;<\/p>\n","protected":false},"excerpt":{"rendered":"<p>Nutzen Sie unser Wissen um Ihre Wettbewerbsposition zu st\u00e4rken ! Kaum ein Segment ist einem solch schnellen Wandel unterlegen wie der EDV Sektor.Nutzen Sie uns &#8230; <a title=\"Beratung\" class=\"read-more\" href=\"https:\/\/www.ramses.de\/?page_id=655\" aria-label=\"Mehr Informationen \u00fcber Beratung\">Weiterlesen &#8230;<\/a><\/p>\n","protected":false},"author":1,"featured_media":0,"parent":0,"menu_order":0,"comment_status":"closed","ping_status":"closed","template":"","meta":{"footnotes":""},"class_list":["post-655","page","type-page","status-publish"],"_links":{"self":[{"href":"https:\/\/www.ramses.de\/index.php?rest_route=\/wp\/v2\/pages\/655","targetHints":{"allow":["GET"]}}],"collection":[{"href":"https:\/\/www.ramses.de\/index.php?rest_route=\/wp\/v2\/pages"}],"about":[{"href":"https:\/\/www.ramses.de\/index.php?rest_route=\/wp\/v2\/types\/page"}],"author":[{"embeddable":true,"href":"https:\/\/www.ramses.de\/index.php?rest_route=\/wp\/v2\/users\/1"}],"replies":[{"embeddable":true,"href":"https:\/\/www.ramses.de\/index.php?rest_route=%2Fwp%2Fv2%2Fcomments&post=655"}],"version-history":[{"count":8,"href":"https:\/\/www.ramses.de\/index.php?rest_route=\/wp\/v2\/pages\/655\/revisions"}],"predecessor-version":[{"id":7039,"href":"https:\/\/www.ramses.de\/index.php?rest_route=\/wp\/v2\/pages\/655\/revisions\/7039"}],"wp:attachment":[{"href":"https:\/\/www.ramses.de\/index.php?rest_route=%2Fwp%2Fv2%2Fmedia&parent=655"}],"curies":[{"name":"wp","href":"https:\/\/api.w.org\/{rel}","templated":true}]}}