{"id":660,"date":"2013-07-24T12:55:01","date_gmt":"2013-07-24T10:55:01","guid":{"rendered":"http:\/\/www.ramses.de\/?page_id=660"},"modified":"2025-12-22T14:47:23","modified_gmt":"2025-12-22T12:47:23","slug":"datenbankentwciklung","status":"publish","type":"page","link":"https:\/\/www.ramses.de\/?page_id=660","title":{"rendered":"Datenbankentwicklung"},"content":{"rendered":"\n<div class=\"gbp-section gb-element-a994e3a1\">\n<div class=\"gbp-section__inner gb-element-b3a6d8e3\">\n<div>\n<h1 class=\"gb-text gbp-section__headline gb-text-b3ba32f6\">Datenbank Systeme<\/h1>\n\n\n\n<p class=\"gb-text gbp-section__text gb-text-2f78fa3c\"><strong>Informationen als Erfolgsgarant<\/strong>. Die Verf\u00fcgbarkeit von Informationen ist ein Schl\u00fcssel f\u00fcr den Erfolg Ihrer Firma. Wir erstellen Ihnen Datenbanken, mit denen Sie Ihrem Mitbewerber einen Schritt voraus sind.<\/p>\n<\/div>\n<\/div>\n<\/div>\n\n\n\n<div class=\"gbp-section\">\n<div class=\"gbp-section__inner gb-element-a7346c37\">\n<img loading=\"lazy\" decoding=\"async\" width=\"1280\" height=\"845\" class=\"gb-media-0ca0aa24\" src=\"https:\/\/www.ramses.de\/wp-content\/uploads\/Industrie01.jpg\" title=\"Industrie01\" alt=\"Industrie\" srcset=\"https:\/\/www.ramses.de\/wp-content\/uploads\/Industrie01.jpg 1280w, https:\/\/www.ramses.de\/wp-content\/uploads\/Industrie01-300x198.jpg 300w, https:\/\/www.ramses.de\/wp-content\/uploads\/Industrie01-1024x676.jpg 1024w, https:\/\/www.ramses.de\/wp-content\/uploads\/Industrie01-768x507.jpg 768w\" sizes=\"auto, (max-width: 1280px) 100vw, 1280px\" \/>\n\n\n\n<div class=\"gb-element-dc81237e\">\n<p class=\"gb-text gbp-section__tagline\">Unsere Projekte<\/p>\n\n\n\n<h2 class=\"gb-text gbp-section__headline\">Der freie Markt<\/h2>\n\n\n\n<p class=\"gb-text gbp-section__text\">Nicht Sie m\u00fcssen sich an die Software anpassen, sondern wir passen die Software an Ihre Abl\u00e4ufe und Strukturen optimal an.<br>Unter Verwendung des Marktf\u00fchrers Microsoft Access ggf. in Kombination mit dem MS SQL Server erstellen wir Datenbanken f\u00fcr Ihr Unternehmen.<\/p>\n\n\n\n<div class=\"gb-element-0403c20f\">\n<a class=\"gb-text gbp-button--secondary\" href=\"https:\/\/www.ramses.de\/?page_id=745\">Mehr Infos<\/a>\n<\/div>\n<\/div>\n<\/div>\n<\/div>\n\n\n\n<div class=\"gbp-section\">\n<div class=\"gbp-section__inner gb-element-6a5a5d6a\">\n<div class=\"gb-element-7dfdec82\">\n<p class=\"gb-text gbp-section__tagline\">Unsere Projekte<\/p>\n\n\n\n<h2 class=\"gb-text gbp-section__headline\">Die \u00f6ffentliche Hand<\/h2>\n\n\n\n<p class=\"gb-text gbp-section__text\">Wir erstellen seit nun mehr als 30 Jahren Software f\u00fcr die \u00f6ffentliche Hand. \u201eWir kennen uns aus\u201c in der Arbeit der \u00f6ffentlichen Verwaltung. <br><br>Wir w\u00fcrden uns freuen, auch Ihnen ein unverbindliches Angebot f\u00fcr eine Softwarel\u00f6sung erstellen zu d\u00fcrfen.<\/p>\n\n\n\n<div class=\"gb-element-81b84e87\">\n<a class=\"gb-text gbp-button--secondary\" href=\"https:\/\/www.ramses.de\/?page_id=749\">Mehr Infos<\/a>\n<\/div>\n<\/div>\n\n\n\n<img loading=\"lazy\" decoding=\"async\" width=\"1280\" height=\"771\" class=\"gb-media-1cd5735d\" src=\"https:\/\/www.ramses.de\/wp-content\/uploads\/Buero02.jpg\" title=\"B\u00fcro02\" alt=\"Die \u00f6ffentliche Hand\" srcset=\"https:\/\/www.ramses.de\/wp-content\/uploads\/Buero02.jpg 1280w, https:\/\/www.ramses.de\/wp-content\/uploads\/Buero02-300x181.jpg 300w, https:\/\/www.ramses.de\/wp-content\/uploads\/Buero02-1024x617.jpg 1024w, https:\/\/www.ramses.de\/wp-content\/uploads\/Buero02-768x463.jpg 768w\" sizes=\"auto, (max-width: 1280px) 100vw, 1280px\" \/>\n<\/div>\n<\/div>\n\n\n\n<div class=\"gbp-section\">\n<div class=\"gbp-section__inner gb-element-89daece0\">\n<img loading=\"lazy\" decoding=\"async\" width=\"1280\" height=\"790\" class=\"gb-media-9ca1ee61\" src=\"https:\/\/www.ramses.de\/wp-content\/uploads\/Diverses01.jpg\" title=\"Diverses01\" alt=\"Datenbankliste\n\" srcset=\"https:\/\/www.ramses.de\/wp-content\/uploads\/Diverses01.jpg 1280w, https:\/\/www.ramses.de\/wp-content\/uploads\/Diverses01-300x185.jpg 300w, https:\/\/www.ramses.de\/wp-content\/uploads\/Diverses01-1024x632.jpg 1024w, https:\/\/www.ramses.de\/wp-content\/uploads\/Diverses01-768x474.jpg 768w\" sizes=\"auto, (max-width: 1280px) 100vw, 1280px\" \/>\n\n\n\n<div class=\"gb-element-aaee8099\">\n<p class=\"gb-text gbp-section__tagline\">Unsere Projekte<\/p>\n\n\n\n<h2 class=\"gb-text gbp-section__headline\">Die Datenbank Liste<\/h2>\n\n\n\n<p class=\"gb-text gbp-section__text\">Seit \u00fcber 20 Jahren entwickele ich nun Datenbanken f\u00fcr Firmen, Beh\u00f6rden, Verb\u00e4nde und Vereine.<br><br>Eine lange Zeit, in der jede neue Datenbank eine neue Herausforderung darstellt. Anf\u00e4nglich unter dBASE<br>und seit nun sehr langer Zeit unter Access \/ SQL Server d\u00fcrfen wir f\u00fcr unsere Kunden t\u00e4tig werden..<\/p>\n\n\n\n<div class=\"gb-element-4b96af2b\">\n<a class=\"gb-text gbp-button--secondary\" href=\"https:\/\/www.ramses.de\/?page_id=2545\">Mehr Infos<\/a>\n<\/div>\n<\/div>\n<\/div>\n<\/div>\n\n\n\n<div class=\"gbp-section\">\n<div class=\"gbp-section__inner gb-element-4904c21d\">\n<div class=\"gb-element-566e9802\">\n<p class=\"gb-text gbp-section__tagline\">Unsere Projekte<\/p>\n\n\n\n<h2 class=\"gb-text gbp-section__headline\">Die DB Features<\/h2>\n\n\n\n<p class=\"gb-text gbp-section__text\">Wie jeder Entwickler habe ich eine genaue Vorstellung von einer guten Datenbank. Welche Ideen sich dort bei mir verstecken sehen Sie hier\u2026.<br><br>Lassen Sie mich Ihre Ideen umsetzen, zusammen entwickeln wir eine individuelle Datenbank zur Unterst\u00fctzung Ihrer t\u00e4glichen Arbeit.<\/p>\n\n\n\n<div class=\"gb-element-af25a5e8\">\n<a class=\"gb-text gbp-button--secondary\" href=\"https:\/\/www.ramses.de\/?page_id=4597\">Mehr Infos<\/a>\n<\/div>\n<\/div>\n\n\n\n<img loading=\"lazy\" decoding=\"async\" width=\"1280\" height=\"903\" class=\"gb-media-c39d31b9\" src=\"https:\/\/www.ramses.de\/wp-content\/uploads\/Diverses03.jpg\" title=\"Diverses03\" alt=\"Ideen\n\" srcset=\"https:\/\/www.ramses.de\/wp-content\/uploads\/Diverses03.jpg 1280w, https:\/\/www.ramses.de\/wp-content\/uploads\/Diverses03-300x212.jpg 300w, https:\/\/www.ramses.de\/wp-content\/uploads\/Diverses03-1024x722.jpg 1024w, https:\/\/www.ramses.de\/wp-content\/uploads\/Diverses03-768x542.jpg 768w\" sizes=\"auto, (max-width: 1280px) 100vw, 1280px\" \/>\n<\/div>\n<\/div>\n\n\n\n<div class=\"gbp-section\">\n<div class=\"gbp-section__inner gb-element-7a21e649\">\n<div class=\"gb-element-9bf17227\">\n<h2 class=\"gb-text gbp-section__headline\">Frequently Asked Questions<\/h2>\n\n\n\n<div class=\"gb-text gbp-section__text\">Die Entwicklung einer Datenbank ist ein Projekt, das es gut vorzubereiten gilt. Hier ein paar Fragen zum Thema.<\/div>\n<\/div>\n<\/div>\n\n\n\n<div class=\"gbp-section__inner gb-element-cdacf806\">\n<div class=\"gbp-card gbp-card--border\">\n<h3 class=\"gb-text gbp-card__title\">Wie lange dauert das&#8230;<\/h3>\n\n\n\n<div class=\"gb-text gbp-section__text gb-text-fe24dc11\">Die Dauer einer Datenbank Entwicklung h\u00e4ngt vom Umfang der Prozesse ab, die es in der Datenbank abzubilden gilt. Das k\u00f6nnen f\u00fcnf aber auch f\u00fcnfzig Manntage sein.<\/div>\n<\/div>\n\n\n\n<div class=\"gbp-card gbp-card--border\">\n<h3 class=\"gb-text gbp-card__title\">Was kostet das&#8230;<\/h3>\n\n\n\n<div class=\"gb-text gbp-section__text gb-text-bad5ac8f\">Die Kosten richten sich nach dem Aufwand. Wir k\u00f6nnen ein Angebot f\u00fcr einen Festpreis erstellen, wenn Sie ein Pflichtenheft haben, andernfalls bieten wir ein Angebot mit Stundens\u00e4tzen an.<\/div>\n<\/div>\n\n\n\n<div class=\"gbp-card gbp-card--border\">\n<h3 class=\"gb-text gbp-card__title\">Wie viel Vorlauf gibt es&#8230;<\/h3>\n\n\n\n<div class=\"gb-text gbp-section__text gb-text-f5041b3e\">Je nach Gr\u00f6\u00dfe der Datenbank wird die Umsetzung in der Regel zwischen drei und sechs Monaten nach Auftragserteilung begonnen. Nat\u00fcrlich k\u00f6nnen wir hier auch Ausnahmen realisieren.<\/div>\n<\/div>\n\n\n\n<div class=\"gbp-card gbp-card--border\">\n<h3 class=\"gb-text gbp-card__title\">Wie l\u00e4uft das Projekt ab&#8230;<\/h3>\n\n\n\n<div class=\"gb-text gbp-section__text gb-text-d0ef5fa3\">Ich beginne jedes Projekt mit einem Workshop, in dem wir Ihre Anforderungen und W\u00fcnsche genau kl\u00e4ren. Danach erhalten Sie ein Angebot mit Zeitplan. Die Umsetzung findet in enger Zusammenarbeit mit Ihnen ab.<\/div>\n<\/div>\n\n\n\n<div class=\"gbp-card gbp-card--border\">\n<h3 class=\"gb-text gbp-card__title\">Gibt es nur Neuentwicklungen&#8230;<\/h3>\n\n\n\n<div class=\"gb-text gbp-section__text gb-text-e354b1a6\">Ich kann bestehende Datenbanken erweitern, optimieren oder modernisieren. Genauso entwickle ich f\u00fcr Sie eine komplett neue L\u00f6sung, falls das sinnvoller ist.<\/div>\n<\/div>\n\n\n\n<div class=\"gbp-card gbp-card--border\">\n<h3 class=\"gb-text gbp-card__title\">Welche System nutzen wir&#8230;<\/h3>\n\n\n\n<div class=\"gb-text gbp-section__text gb-text-dbb3defb\">Ich arbeite in der Regel mit dem Microsoft Access, das in Verbindung mit dem SQL Server eingesetzt werden kann, wenn die Menge an Benutzer oder Daten dies erfordert.<\/div>\n<\/div>\n\n\n\n<div class=\"gbp-card gbp-card--border\">\n<h3 class=\"gb-text gbp-card__title\">Wer entwickelt die DB weiter&#8230;<\/h3>\n\n\n\n<div class=\"gb-text gbp-section__text gb-text-dfba9e0c\">Die Datenbank kann entweder kundenseitig weiter entwickelt werden,  aber ich stehe auch gerne weiter zur Verf\u00fcgung um die DB im laufenden Prozess zu betreuen.<\/div>\n<\/div>\n\n\n\n<div class=\"gbp-card gbp-card--border\">\n<h3 class=\"gb-text gbp-card__title\">Gibt es ein Dokumentation&#8230;<\/h3>\n\n\n\n<div class=\"gb-text gbp-section__text gb-text-adc3d3aa\">Die Datenbank wird technisch in der DB dokumentiert. F\u00fcr die AnwenderInnen empfehlen wir eine Online Hilfe in Form einer WordPress Installation. <\/div>\n<\/div>\n\n\n\n<div class=\"gbp-card gbp-card--border\">\n<h3 class=\"gb-text gbp-card__title\">Beim wem liegen die Rechte&#8230;<\/h3>\n\n\n\n<div class=\"gb-text gbp-section__text gb-text-7acd47c2\">Die Rechte an der DB liegen beim Kunden, nach Ablauf des Projektes kann er beliebig mit der DB verfahren, sie weiter entwickeln, verkaufen oder sonstiges damit machen.<\/div>\n<\/div>\n<\/div>\n<\/div>\n\n\n\n<div class=\"gbp-section\">\n<div class=\"gbp-section__inner gb-element-b6c5401a\">\n<div class=\"gb-element-c515de08\">\n<p class=\"gb-text gbp-section__tagline\">Weitere Infos<\/p>\n\n\n\n<h2 class=\"gb-text gbp-section__headline\">Sind Sie es leid, Zeit mit schlechten Datenbanken zu verschwenden?<\/h2>\n\n\n\n<p class=\"gb-text gbp-section__text\">Finden Sie Tipps zum Thema Datenbanken in unseren FAQ&#8217;s und besuchen Sie meine Datenbank Seminare.<\/p>\n\n\n\n<div class=\"gb-element-fb7c92c0\">\n<a class=\"gb-text gbp-button--primary\" href=\"https:\/\/www.ramses.de\/?page_id=819\">FAQ&#8217;s<\/a>\n\n\n\n<a class=\"gb-text gbp-button--secondary\" href=\"https:\/\/www.ramses.de\/?page_id=690\">Seminare<\/a>\n<\/div>\n<\/div>\n\n\n\n<img loading=\"lazy\" decoding=\"async\" width=\"1280\" height=\"853\" class=\"gb-media-531a76f3\" src=\"https:\/\/www.ramses.de\/wp-content\/uploads\/Diverses02.jpg\" title=\"Diverses02\" alt=\"FAQ#s und Seminare\" srcset=\"https:\/\/www.ramses.de\/wp-content\/uploads\/Diverses02.jpg 1280w, https:\/\/www.ramses.de\/wp-content\/uploads\/Diverses02-300x200.jpg 300w, https:\/\/www.ramses.de\/wp-content\/uploads\/Diverses02-1024x682.jpg 1024w, https:\/\/www.ramses.de\/wp-content\/uploads\/Diverses02-768x512.jpg 768w\" sizes=\"auto, (max-width: 1280px) 100vw, 1280px\" \/>\n<\/div>\n<\/div>\n","protected":false},"excerpt":{"rendered":"<p>Datenbank Systeme Informationen als Erfolgsgarant. Die Verf\u00fcgbarkeit von Informationen ist ein Schl\u00fcssel f\u00fcr den Erfolg Ihrer Firma. Wir erstellen Ihnen Datenbanken, mit denen Sie Ihrem &#8230; <a title=\"Datenbankentwicklung\" class=\"read-more\" href=\"https:\/\/www.ramses.de\/?page_id=660\" aria-label=\"Mehr Informationen \u00fcber Datenbankentwicklung\">Weiterlesen &#8230;<\/a><\/p>\n","protected":false},"author":1,"featured_media":0,"parent":0,"menu_order":0,"comment_status":"closed","ping_status":"closed","template":"","meta":{"footnotes":""},"class_list":["post-660","page","type-page","status-publish"],"_links":{"self":[{"href":"https:\/\/www.ramses.de\/index.php?rest_route=\/wp\/v2\/pages\/660","targetHints":{"allow":["GET"]}}],"collection":[{"href":"https:\/\/www.ramses.de\/index.php?rest_route=\/wp\/v2\/pages"}],"about":[{"href":"https:\/\/www.ramses.de\/index.php?rest_route=\/wp\/v2\/types\/page"}],"author":[{"embeddable":true,"href":"https:\/\/www.ramses.de\/index.php?rest_route=\/wp\/v2\/users\/1"}],"replies":[{"embeddable":true,"href":"https:\/\/www.ramses.de\/index.php?rest_route=%2Fwp%2Fv2%2Fcomments&post=660"}],"version-history":[{"count":23,"href":"https:\/\/www.ramses.de\/index.php?rest_route=\/wp\/v2\/pages\/660\/revisions"}],"predecessor-version":[{"id":7371,"href":"https:\/\/www.ramses.de\/index.php?rest_route=\/wp\/v2\/pages\/660\/revisions\/7371"}],"wp:attachment":[{"href":"https:\/\/www.ramses.de\/index.php?rest_route=%2Fwp%2Fv2%2Fmedia&parent=660"}],"curies":[{"name":"wp","href":"https:\/\/api.w.org\/{rel}","templated":true}]}}