{"id":678,"date":"2013-07-24T13:40:39","date_gmt":"2013-07-24T11:40:39","guid":{"rendered":"http:\/\/www.ramses.de\/?page_id=678"},"modified":"2025-11-17T20:46:54","modified_gmt":"2025-11-17T18:46:54","slug":"word","status":"publish","type":"page","link":"https:\/\/www.ramses.de\/?page_id=678","title":{"rendered":"Word Schulungen"},"content":{"rendered":"\n<div class=\"gbp-section gb-element-b047204c\">\n<div class=\"gbp-section__inner gb-element-05c880d9\">\n<div>\n<h1 class=\"gb-text gbp-section__headline gb-text-2534b628\">Microsoft Word<\/h1>\n\n\n\n<p class=\"gb-text gbp-section__text\">Der Klassiker der Anwendungsprogramme, wer startet nicht mit Word in die Welt der Office Programme?<\/p>\n<\/div>\n<\/div>\n<\/div>\n\n\n\n<div class=\"gbp-section gb-element-7b69d21a\">\n<div class=\"gbp-section__inner gb-element-33c96e82\">\n<div class=\"gb-element-3c142549\">\n<h2 class=\"gb-text gbp-section__headline\">Die Textverarbeitung, die S\u00e4ule der B\u00fcroarbeit<\/h2>\n\n\n\n<p class=\"gb-text gbp-section__text\">Sie m\u00fcssen Briefe und Co schreiben, Hausarbeiten, Gutachten und Co? Dann lassen Sie uns die Welt der Textverarbeitung erarbeiten.<\/p>\n\n\n\n<ul class=\"gb-element-ab5a423c\">\n<li class=\"gb-text-d098a3c2\"><span class=\"gb-shape\"><svg aria-hidden=\"true\" role=\"img\" height=\"1em\" width=\"1em\" viewBox=\"0 0 512 512\" xmlns=\"http:\/\/www.w3.org\/2000\/svg\"><path fill=\"currentColor\" d=\"M256 8C119 8 8 119 8 256s111 248 248 248 248-111 248-248S393 8 256 8zm0 448c-110.5 0-200-89.5-200-200S145.5 56 256 56s200 89.5 200 200-89.5 200-200 200z\"><\/path><\/svg><\/span><span class=\"gb-text\"><a href=\"https:\/\/www.ramses.de\/?page_id=1147\" data-type=\"link\" data-id=\"https:\/\/www.ramses.de\/?page_id=1147\">Word Grundlagen<\/a><\/span><\/li>\n\n\n\n<li class=\"gb-text-3da6cbcd\"><span class=\"gb-shape\"><svg aria-hidden=\"true\" role=\"img\" height=\"1em\" width=\"1em\" viewBox=\"0 0 512 512\" xmlns=\"http:\/\/www.w3.org\/2000\/svg\"><path fill=\"currentColor\" d=\"M256 8C119 8 8 119 8 256s111 248 248 248 248-111 248-248S393 8 256 8zm0 448c-110.5 0-200-89.5-200-200S145.5 56 256 56s200 89.5 200 200-89.5 200-200 200z\"><\/path><\/svg><\/span><span class=\"gb-text\"><a href=\"https:\/\/www.ramses.de\/?page_id=1149\" data-type=\"link\" data-id=\"https:\/\/www.ramses.de\/?page_id=1149\">Word Aufbau<\/a><\/span><\/li>\n<\/ul>\n\n\n\n<div class=\"gb-element-dd6a7b79\">\n<a class=\"gb-text gbp-button--secondary\" href=\"#\">Anlagen zu dem Word Seminare<\/a>\n<\/div>\n<\/div>\n\n\n\n<img loading=\"lazy\" decoding=\"async\" width=\"3264\" height=\"2448\" class=\"gb-media-114f8646\" src=\"https:\/\/www.ramses.de\/wp-content\/uploads\/Porsche.jpg\" title=\"Porsche\" alt=\"\" srcset=\"https:\/\/www.ramses.de\/wp-content\/uploads\/Porsche.jpg 3264w, https:\/\/www.ramses.de\/wp-content\/uploads\/Porsche-300x225.jpg 300w, https:\/\/www.ramses.de\/wp-content\/uploads\/Porsche-1024x768.jpg 1024w, https:\/\/www.ramses.de\/wp-content\/uploads\/Porsche-639x480.jpg 639w\" sizes=\"auto, (max-width: 3264px) 100vw, 3264px\" \/>\n<\/div>\n<\/div>\n\n\n\n<div class=\"gbp-section gb-element-8af255b6\">\n<div class=\"gbp-section__inner\">\n<div class=\"gb-element-dcb7e85c\">\n<h2 class=\"gb-text gbp-section__headline\">Frequently Asked Questions<\/h2>\n\n\n\n<p class=\"gb-text gbp-section__text gb-text-9a03def9\">Was uns zum Thema Word so eingefallen ist&#8230;<\/p>\n<\/div>\n<\/div>\n\n\n\n<div class=\"gbp-section__inner gb-element-d74ff2a3\">\n<div><div class=\"gb-looper-30e42022\">\n<div class=\"gb-loop-item gb-loop-item-eb2b41fd post-7469 post type-post status-publish format-standard hentry category-faq category-word tag-formulare tag-word\">\n<div class=\"gb-element-e185ffca\">\n<p class=\"gb-text gbp-card__meta-text\"><span>FAQ<\/span>,<span>Word<\/span><\/p>\n\n\n\n<h2 class=\"gb-text gbp-card__title\"><a href=\"https:\/\/www.ramses.de\/?p=7469\">FAQ Word &#8211; Formularfelder in Word<\/a><\/h2>\n<\/div>\n\n\n<\/div>\n\n<div class=\"gb-loop-item gb-loop-item-eb2b41fd post-5989 post type-post status-publish format-standard hentry category-faq category-word tag-formatierung tag-vorlagen tag-word\">\n<div class=\"gb-element-e185ffca\">\n<p class=\"gb-text gbp-card__meta-text\"><span>FAQ<\/span>,<span>Word<\/span><\/p>\n\n\n\n<h2 class=\"gb-text gbp-card__title\"><a href=\"https:\/\/www.ramses.de\/?p=5989\">FAQ Word &#8211; Folgeseite in der Fu\u00dfzeile<\/a><\/h2>\n<\/div>\n\n\n<\/div>\n\n<div class=\"gb-loop-item gb-loop-item-eb2b41fd post-5771 post type-post status-publish format-standard hentry category-faq category-word tag-formatierung tag-vorlagen tag-word\">\n<div class=\"gb-element-e185ffca\">\n<p class=\"gb-text gbp-card__meta-text\"><span>FAQ<\/span>,<span>Word<\/span><\/p>\n\n\n\n<h2 class=\"gb-text gbp-card__title\"><a href=\"https:\/\/www.ramses.de\/?p=5771\">FAQ Word &#8211; Die Definition der Word Standard<\/a><\/h2>\n<\/div>\n\n\n<\/div>\n\n<div class=\"gb-loop-item gb-loop-item-eb2b41fd post-5884 post type-post status-publish format-standard hentry category-faq category-word tag-formatierung tag-vorlagen tag-word\">\n<div class=\"gb-element-e185ffca\">\n<p class=\"gb-text gbp-card__meta-text\"><span>FAQ<\/span>,<span>Word<\/span><\/p>\n\n\n\n<h2 class=\"gb-text gbp-card__title\"><a href=\"https:\/\/www.ramses.de\/?p=5884\">FAQ Word &#8211; Tastenkombination<\/a><\/h2>\n<\/div>\n\n\n<\/div>\n\n<div class=\"gb-loop-item gb-loop-item-eb2b41fd post-5885 post type-post status-publish format-standard hentry category-faq category-word tag-formatierung tag-vorlagen tag-word\">\n<div class=\"gb-element-e185ffca\">\n<p class=\"gb-text gbp-card__meta-text\"><span>FAQ<\/span>,<span>Word<\/span><\/p>\n\n\n\n<h2 class=\"gb-text gbp-card__title\"><a href=\"https:\/\/www.ramses.de\/?p=5885\">FAQ Word &#8211; Felder aus dem Dokument in Text umwandeln<\/a><\/h2>\n<\/div>\n\n\n<\/div>\n\n<div class=\"gb-loop-item gb-loop-item-eb2b41fd post-5773 post type-post status-publish format-standard hentry category-faq category-word tag-formatierung tag-vorlagen tag-word\">\n<div class=\"gb-element-e185ffca\">\n<p class=\"gb-text gbp-card__meta-text\"><span>FAQ<\/span>,<span>Word<\/span><\/p>\n\n\n\n<h2 class=\"gb-text gbp-card__title\"><a href=\"https:\/\/www.ramses.de\/?p=5773\">FAQ Word &#8211; Tastenkombination<\/a><\/h2>\n<\/div>\n\n\n<\/div>\n\n<div class=\"gb-loop-item gb-loop-item-eb2b41fd post-5756 post type-post status-publish format-standard hentry category-faq category-word tag-formatierung tag-vorlagen tag-word\">\n<div class=\"gb-element-e185ffca\">\n<p class=\"gb-text gbp-card__meta-text\"><span>FAQ<\/span>,<span>Word<\/span><\/p>\n\n\n\n<h2 class=\"gb-text gbp-card__title\"><a href=\"https:\/\/www.ramses.de\/?p=5756\">FAQ Word &#8211; Die Definition der Word Standard<\/a><\/h2>\n<\/div>\n\n\n<\/div>\n\n<div class=\"gb-loop-item gb-loop-item-eb2b41fd post-4480 post type-post status-publish format-standard hentry category-faq category-word tag-word\">\n<div class=\"gb-element-e185ffca\">\n<p class=\"gb-text gbp-card__meta-text\"><span>FAQ<\/span>,<span>Word<\/span><\/p>\n\n\n\n<h2 class=\"gb-text gbp-card__title\"><a href=\"https:\/\/www.ramses.de\/?p=4480\">FAQ Word &#8211; Serienbrieffelder mit Prozentformat<\/a><\/h2>\n<\/div>\n\n\n<\/div>\n\n<div class=\"gb-loop-item gb-loop-item-eb2b41fd post-4398 post type-post status-publish format-standard hentry category-faq category-word tag-formatierung tag-vorlagen tag-word\">\n<div class=\"gb-element-e185ffca\">\n<p class=\"gb-text gbp-card__meta-text\"><span>FAQ<\/span>,<span>Word<\/span><\/p>\n\n\n\n<h2 class=\"gb-text gbp-card__title\"><a href=\"https:\/\/www.ramses.de\/?p=4398\">FAQ Word &#8211; Die Sache mit der Normal.dotm<\/a><\/h2>\n<\/div>\n\n\n<\/div>\n<\/div><\/div>\n<\/div>\n<\/div>\n","protected":false},"excerpt":{"rendered":"<p>Microsoft Word Der Klassiker der Anwendungsprogramme, wer startet nicht mit Word in die Welt der Office Programme? Die Textverarbeitung, die S\u00e4ule der B\u00fcroarbeit Sie m\u00fcssen &#8230; <a title=\"Word Schulungen\" class=\"read-more\" href=\"https:\/\/www.ramses.de\/?page_id=678\" aria-label=\"Mehr Informationen \u00fcber Word Schulungen\">Weiterlesen &#8230;<\/a><\/p>\n","protected":false},"author":1,"featured_media":0,"parent":670,"menu_order":0,"comment_status":"closed","ping_status":"closed","template":"","meta":{"footnotes":""},"class_list":["post-678","page","type-page","status-publish"],"_links":{"self":[{"href":"https:\/\/www.ramses.de\/index.php?rest_route=\/wp\/v2\/pages\/678","targetHints":{"allow":["GET"]}}],"collection":[{"href":"https:\/\/www.ramses.de\/index.php?rest_route=\/wp\/v2\/pages"}],"about":[{"href":"https:\/\/www.ramses.de\/index.php?rest_route=\/wp\/v2\/types\/page"}],"author":[{"embeddable":true,"href":"https:\/\/www.ramses.de\/index.php?rest_route=\/wp\/v2\/users\/1"}],"replies":[{"embeddable":true,"href":"https:\/\/www.ramses.de\/index.php?rest_route=%2Fwp%2Fv2%2Fcomments&post=678"}],"version-history":[{"count":7,"href":"https:\/\/www.ramses.de\/index.php?rest_route=\/wp\/v2\/pages\/678\/revisions"}],"predecessor-version":[{"id":7225,"href":"https:\/\/www.ramses.de\/index.php?rest_route=\/wp\/v2\/pages\/678\/revisions\/7225"}],"up":[{"embeddable":true,"href":"https:\/\/www.ramses.de\/index.php?rest_route=\/wp\/v2\/pages\/670"}],"wp:attachment":[{"href":"https:\/\/www.ramses.de\/index.php?rest_route=%2Fwp%2Fv2%2Fmedia&parent=678"}],"curies":[{"name":"wp","href":"https:\/\/api.w.org\/{rel}","templated":true}]}}