{"id":687,"date":"2013-07-24T13:59:27","date_gmt":"2013-07-24T11:59:27","guid":{"rendered":"http:\/\/www.ramses.de\/?page_id=687"},"modified":"2025-11-17T20:37:50","modified_gmt":"2025-11-17T18:37:50","slug":"outlook","status":"publish","type":"page","link":"https:\/\/www.ramses.de\/?page_id=687","title":{"rendered":"Outlook Schulungen"},"content":{"rendered":"\n<div class=\"gbp-section gb-element-782b75f1\">\n<div class=\"gbp-section__inner gb-element-46c1f7a4\">\n<div>\n<p class=\"gb-text gbp-section__tagline\">Intro<\/p>\n\n\n\n<h1 class=\"gb-text gbp-section__headline gb-text-9c400413\">Microsoft Outlook<\/h1>\n\n\n\n<p class=\"gb-text gbp-section__text\">Outlook hat sich zum Standard Mail Programm vieler Unternehmen gemausert. Es bietet aber viel mehr und ist eine L\u00f6sung f\u00fcr die Selbstorganisation.<\/p>\n<\/div>\n<\/div>\n<\/div>\n\n\n\n<div class=\"gbp-section\">\n<div class=\"gbp-section__inner gb-element-410c2479\">\n<div class=\"gb-element-3656f809\">\n<p class=\"gb-text gbp-section__tagline\">Unser Angebot<\/p>\n\n\n\n<h2 class=\"gb-text gbp-section__headline\">Selbstmanagement mit Outlook<\/h2>\n\n\n\n<p class=\"gb-text gbp-section__text\">Lernen Sie mit uns, wie Sie sich mit Outlook organisieren k\u00f6nnen. Wir zeigen Ihnen den Umgang mit elektronischer Post, Terminen und Kontakten. Lernen Sie die St\u00e4rken des Marktf\u00fchrers kennen !<\/p>\n\n\n\n<ul class=\"gb-element-e95ff571\">\n<li class=\"gb-text-b5a348e6\"><span class=\"gb-shape\"><svg aria-hidden=\"true\" role=\"img\" height=\"1em\" width=\"1em\" viewBox=\"0 0 512 512\" xmlns=\"http:\/\/www.w3.org\/2000\/svg\"><path fill=\"currentColor\" d=\"M256 8C119 8 8 119 8 256s111 248 248 248 248-111 248-248S393 8 256 8zm0 448c-110.5 0-200-89.5-200-200S145.5 56 256 56s200 89.5 200 200-89.5 200-200 200z\"><\/path><\/svg><\/span><span class=\"gb-text\"><a href=\"https:\/\/www.ramses.de\/?page_id=1128\" data-type=\"link\" data-id=\"https:\/\/www.ramses.de\/?page_id=1128\">Outlook Grundlagen<\/a><\/span><\/li>\n\n\n\n<li class=\"gb-text-60f9f998\"><span class=\"gb-shape\"><svg aria-hidden=\"true\" role=\"img\" height=\"1em\" width=\"1em\" viewBox=\"0 0 512 512\" xmlns=\"http:\/\/www.w3.org\/2000\/svg\"><path fill=\"currentColor\" d=\"M256 8C119 8 8 119 8 256s111 248 248 248 248-111 248-248S393 8 256 8zm0 448c-110.5 0-200-89.5-200-200S145.5 56 256 56s200 89.5 200 200-89.5 200-200 200z\"><\/path><\/svg><\/span><span class=\"gb-text\"><a href=\"https:\/\/www.ramses.de\/?page_id=1130\" data-type=\"link\" data-id=\"https:\/\/www.ramses.de\/?page_id=1130\">Outlook Aufbau<\/a><\/span><\/li>\n<\/ul>\n\n\n\n<div class=\"gb-element-144c9180\">\n<a class=\"gb-text gbp-button--secondary\" href=\"#\">Anlagen zu den Outlook Seminaren<\/a>\n<\/div>\n<\/div>\n\n\n\n<img loading=\"lazy\" decoding=\"async\" width=\"1219\" height=\"1055\" class=\"gb-media-3bb68024\" src=\"https:\/\/www.ramses.de\/wp-content\/uploads\/Outlook-1.jpg\" title=\"Outlook\" alt=\"Outlook Kalender\" srcset=\"https:\/\/www.ramses.de\/wp-content\/uploads\/Outlook-1.jpg 1219w, https:\/\/www.ramses.de\/wp-content\/uploads\/Outlook-1-300x260.jpg 300w, https:\/\/www.ramses.de\/wp-content\/uploads\/Outlook-1-1024x886.jpg 1024w, https:\/\/www.ramses.de\/wp-content\/uploads\/Outlook-1-768x665.jpg 768w\" sizes=\"auto, (max-width: 1219px) 100vw, 1219px\" \/>\n<\/div>\n<\/div>\n\n\n\n<div class=\"gbp-section gb-element-9814209a\">\n<div class=\"gbp-section__inner\">\n<div class=\"gb-element-3e370fef\">\n<h2 class=\"gb-text gbp-section__headline\">Frequently Asked Questions<\/h2>\n\n\n\n<p class=\"gb-text gbp-section__text gb-text-ff9f6647\">Was uns zum Thema Outlook so eingefallen ist..,<\/p>\n<\/div>\n<\/div>\n\n\n\n<div class=\"gbp-section__inner gb-element-fabe970f\">\n<div><div class=\"gb-looper-a89423b2\">\n<div class=\"gb-loop-item gb-loop-item-eb855680 post-6581 post type-post status-publish format-standard hentry category-faq category-outlook tag-onenote tag-outlook\">\n<div class=\"gb-element-2fceffcd\">\n<p class=\"gb-text gbp-card__meta-text\"><span>FAQ<\/span>,<span>Outlook<\/span><\/p>\n\n\n\n<h2 class=\"gb-text gbp-card__title\"><a href=\"https:\/\/www.ramses.de\/?p=6581\">FAQ Outlook &#8211; An OneNote senden<\/a><\/h2>\n<\/div>\n\n\n<\/div>\n\n<div class=\"gb-loop-item gb-loop-item-eb855680 post-6570 post type-post status-publish format-standard hentry category-faq category-outlook tag-datendatei tag-outlook\">\n<div class=\"gb-element-2fceffcd\">\n<p class=\"gb-text gbp-card__meta-text\"><span>FAQ<\/span>,<span>Outlook<\/span><\/p>\n\n\n\n<h2 class=\"gb-text gbp-card__title\"><a href=\"https:\/\/www.ramses.de\/?p=6570\">FAQ Outlook &#8211; Teamkalender des Vorgesetzten anzeigen<\/a><\/h2>\n<\/div>\n\n\n<\/div>\n\n<div class=\"gb-loop-item gb-loop-item-eb855680 post-6539 post type-post status-publish format-standard hentry category-faq category-outlook tag-outlook\">\n<div class=\"gb-element-2fceffcd\">\n<p class=\"gb-text gbp-card__meta-text\"><span>FAQ<\/span>,<span>Outlook<\/span><\/p>\n\n\n\n<h2 class=\"gb-text gbp-card__title\"><a href=\"https:\/\/www.ramses.de\/?p=6539\">FAQ Outlook &#8211; Mailvorlagen<\/a><\/h2>\n<\/div>\n\n\n<\/div>\n\n<div class=\"gb-loop-item gb-loop-item-eb855680 post-6475 post type-post status-publish format-standard hentry category-faq category-outlook tag-outlook\">\n<div class=\"gb-element-2fceffcd\">\n<p class=\"gb-text gbp-card__meta-text\"><span>FAQ<\/span>,<span>Outlook<\/span><\/p>\n\n\n\n<h2 class=\"gb-text gbp-card__title\"><a href=\"https:\/\/www.ramses.de\/?p=6475\">FAQ Outlook &#8211; Signatur mit Bild versehen<\/a><\/h2>\n<\/div>\n\n\n<\/div>\n\n<div class=\"gb-loop-item gb-loop-item-eb855680 post-6323 post type-post status-publish format-standard hentry category-faq category-outlook tag-datendatei tag-outlook\">\n<div class=\"gb-element-2fceffcd\">\n<p class=\"gb-text gbp-card__meta-text\"><span>FAQ<\/span>,<span>Outlook<\/span><\/p>\n\n\n\n<h2 class=\"gb-text gbp-card__title\"><a href=\"https:\/\/www.ramses.de\/?p=6323\">FAQ Outlook &#8211; Antwort im gleichen Ordner speichern<\/a><\/h2>\n<\/div>\n\n\n<\/div>\n\n<div class=\"gb-loop-item gb-loop-item-eb855680 post-6319 post type-post status-publish format-standard hentry category-faq category-outlook tag-datendatei tag-outlook\">\n<div class=\"gb-element-2fceffcd\">\n<p class=\"gb-text gbp-card__meta-text\"><span>FAQ<\/span>,<span>Outlook<\/span><\/p>\n\n\n\n<h2 class=\"gb-text gbp-card__title\"><a href=\"https:\/\/www.ramses.de\/?p=6319\">FAQ Outlook &#8211; Besprechungsanfragen aus dem Posteingang l\u00f6schen<\/a><\/h2>\n<\/div>\n\n\n<\/div>\n\n<div class=\"gb-loop-item gb-loop-item-eb855680 post-4280 post type-post status-publish format-standard hentry category-faq category-outlook tag-datendatei tag-outlook\">\n<div class=\"gb-element-2fceffcd\">\n<p class=\"gb-text gbp-card__meta-text\"><span>FAQ<\/span>,<span>Outlook<\/span><\/p>\n\n\n\n<h2 class=\"gb-text gbp-card__title\"><a href=\"https:\/\/www.ramses.de\/?p=4280\">FAQ Outlook &#8211; Abgesagte Termine im Kalender behalten<\/a><\/h2>\n<\/div>\n\n\n<\/div>\n\n<div class=\"gb-loop-item gb-loop-item-eb855680 post-3454 post type-post status-publish format-standard hentry category-faq category-outlook tag-datendatei tag-outlook\">\n<div class=\"gb-element-2fceffcd\">\n<p class=\"gb-text gbp-card__meta-text\"><span>FAQ<\/span>,<span>Outlook<\/span><\/p>\n\n\n\n<h2 class=\"gb-text gbp-card__title\"><a href=\"https:\/\/www.ramses.de\/?p=3454\">FAQ Outlook &#8211; Ordnerwechsel leicht gemacht<\/a><\/h2>\n<\/div>\n\n\n<\/div>\n\n<div class=\"gb-loop-item gb-loop-item-eb855680 post-3452 post type-post status-publish format-standard hentry category-faq category-outlook tag-datendatei tag-outlook\">\n<div class=\"gb-element-2fceffcd\">\n<p class=\"gb-text gbp-card__meta-text\"><span>FAQ<\/span>,<span>Outlook<\/span><\/p>\n\n\n\n<h2 class=\"gb-text gbp-card__title\"><a href=\"https:\/\/www.ramses.de\/?p=3452\">FAQ Outlook &#8211; Wochenende als vollwertige Tage in der Monatsansicht<\/a><\/h2>\n<\/div>\n\n\n<\/div>\n\n<div class=\"gb-loop-item gb-loop-item-eb855680 post-3456 post type-post status-publish format-standard hentry category-faq category-outlook tag-datendatei tag-outlook\">\n<div class=\"gb-element-2fceffcd\">\n<p class=\"gb-text gbp-card__meta-text\"><span>FAQ<\/span>,<span>Outlook<\/span><\/p>\n\n\n\n<h2 class=\"gb-text gbp-card__title\"><a href=\"https:\/\/www.ramses.de\/?p=3456\">FAQ Outlook &#8211; Detailinformationen zu Kontakten abrufen<\/a><\/h2>\n<\/div>\n\n\n<\/div>\n<\/div><\/div>\n<\/div>\n<\/div>\n","protected":false},"excerpt":{"rendered":"<p>Intro Microsoft Outlook Outlook hat sich zum Standard Mail Programm vieler Unternehmen gemausert. Es bietet aber viel mehr und ist eine L\u00f6sung f\u00fcr die Selbstorganisation. &#8230; <a title=\"Outlook Schulungen\" class=\"read-more\" href=\"https:\/\/www.ramses.de\/?page_id=687\" aria-label=\"Mehr Informationen \u00fcber Outlook Schulungen\">Weiterlesen &#8230;<\/a><\/p>\n","protected":false},"author":1,"featured_media":0,"parent":670,"menu_order":0,"comment_status":"closed","ping_status":"closed","template":"","meta":{"footnotes":""},"class_list":["post-687","page","type-page","status-publish"],"_links":{"self":[{"href":"https:\/\/www.ramses.de\/index.php?rest_route=\/wp\/v2\/pages\/687","targetHints":{"allow":["GET"]}}],"collection":[{"href":"https:\/\/www.ramses.de\/index.php?rest_route=\/wp\/v2\/pages"}],"about":[{"href":"https:\/\/www.ramses.de\/index.php?rest_route=\/wp\/v2\/types\/page"}],"author":[{"embeddable":true,"href":"https:\/\/www.ramses.de\/index.php?rest_route=\/wp\/v2\/users\/1"}],"replies":[{"embeddable":true,"href":"https:\/\/www.ramses.de\/index.php?rest_route=%2Fwp%2Fv2%2Fcomments&post=687"}],"version-history":[{"count":10,"href":"https:\/\/www.ramses.de\/index.php?rest_route=\/wp\/v2\/pages\/687\/revisions"}],"predecessor-version":[{"id":7214,"href":"https:\/\/www.ramses.de\/index.php?rest_route=\/wp\/v2\/pages\/687\/revisions\/7214"}],"up":[{"embeddable":true,"href":"https:\/\/www.ramses.de\/index.php?rest_route=\/wp\/v2\/pages\/670"}],"wp:attachment":[{"href":"https:\/\/www.ramses.de\/index.php?rest_route=%2Fwp%2Fv2%2Fmedia&parent=687"}],"curies":[{"name":"wp","href":"https:\/\/api.w.org\/{rel}","templated":true}]}}