{"id":6910,"date":"2025-08-23T14:45:30","date_gmt":"2025-08-23T12:45:30","guid":{"rendered":"https:\/\/www.ramses.de\/?page_id=6910"},"modified":"2025-12-22T12:29:59","modified_gmt":"2025-12-22T10:29:59","slug":"finanzverwaltung","status":"publish","type":"page","link":"https:\/\/www.ramses.de\/?page_id=6910","title":{"rendered":"Finanzverwaltung"},"content":{"rendered":"\n<div class=\"gbp-section gb-element-69ab4e86\">\n<div class=\"gbp-section__inner gb-element-c05844a7\">\n<div class=\"gb-element-baecad57\">\n<h1 class=\"gb-text gbp-section__headline\">Finanzverwaltung f\u00fcr den St\u00fctzpunkt H\u00f6lderlinstra\u00dfe<\/h1>\n\n\n\n<p class=\"gb-text gbp-section__text gb-text-6ea71c74\">Wenn die Arbeitssuche \u00fcber einen l\u00e4ngeren Zeitraum erfolglos bleibt, geht die Motivation h\u00e4ufig verloren. Ein weiteres Problem: Die berufliche Qualifikation stagniert, was wiederum negative Auswirkungen bei der Suche nach einem Arbeitsplatz haben kann. Finanzielle Schwierigkeiten oder pers\u00f6nliche Probleme in der Familie oder im Freundeskreis erh\u00f6hen oft noch den Druck. <br><br>Mit dem St\u00fctzpunkt H\u00f6lderlinstra\u00dfe engagiert sich die Landeshauptstadt Hannover, um Menschen aus der Arbeitslosigkeit zu holen, ihre soziale Situation zu verbessern und ihnen das notwendige R\u00fcstzeug f\u00fcr einen erfolgreichen Neuanfang mitzugeben.<\/p>\n<\/div>\n\n\n\n<a href=\"https:\/\/www.ramses.de\/wp-content\/uploads\/DB00.jpg\"><img loading=\"lazy\" decoding=\"async\" width=\"1694\" height=\"1154\" class=\"gb-media-e624dcf5\" src=\"https:\/\/www.ramses.de\/wp-content\/uploads\/DB00.jpg\" title=\"DB00\" alt=\"Startmen\u00fc der DB\" srcset=\"https:\/\/www.ramses.de\/wp-content\/uploads\/DB00.jpg 1694w, https:\/\/www.ramses.de\/wp-content\/uploads\/DB00-300x204.jpg 300w, https:\/\/www.ramses.de\/wp-content\/uploads\/DB00-1024x698.jpg 1024w, https:\/\/www.ramses.de\/wp-content\/uploads\/DB00-768x523.jpg 768w, https:\/\/www.ramses.de\/wp-content\/uploads\/DB00-1536x1046.jpg 1536w\" sizes=\"auto, (max-width: 1694px) 100vw, 1694px\" \/><\/a>\n<\/div>\n<\/div>\n\n\n\n<div class=\"gbp-section gb-element-76526951\">\n<div class=\"gbp-section__inner\">\n<div class=\"gb-element-5e852895\">\n<p class=\"gb-text gbp-section__tagline\">Features<\/p>\n\n\n\n<h2 class=\"gb-text gbp-section__headline\">Was die Datenbank bietet<\/h2>\n\n\n\n<p class=\"gb-text\">Die Datenbank dient der Verwaltung von Anfragen, Angeboten und Auftr\u00e4gen rund um die Arbeit der St\u00fctzpunkt H\u00f6lderlinstra\u00dfe.<\/p>\n<\/div>\n<\/div>\n\n\n\n<div class=\"gbp-section__inner gb-element-d2ad073a\">\n<div>\n<a href=\"https:\/\/www.ramses.de\/wp-content\/uploads\/DB02.jpg\"><img loading=\"lazy\" decoding=\"async\" width=\"1694\" height=\"1154\" class=\"gb-media-ea72fbb7\" src=\"https:\/\/www.ramses.de\/wp-content\/uploads\/DB02.jpg\" title=\"DB02\" alt=\"Anfragen\" srcset=\"https:\/\/www.ramses.de\/wp-content\/uploads\/DB02.jpg 1694w, https:\/\/www.ramses.de\/wp-content\/uploads\/DB02-300x204.jpg 300w, https:\/\/www.ramses.de\/wp-content\/uploads\/DB02-1024x698.jpg 1024w, https:\/\/www.ramses.de\/wp-content\/uploads\/DB02-768x523.jpg 768w, https:\/\/www.ramses.de\/wp-content\/uploads\/DB02-1536x1046.jpg 1536w\" sizes=\"auto, (max-width: 1694px) 100vw, 1694px\" \/><\/a>\n\n\n\n<h3 class=\"gb-text gbp-section__headline\">Anfragen<\/h3>\n\n\n\n<p class=\"gb-text gbp-section__text\">\u00dcber die Anfragen wird der Kundenbedarf aufgenommen und ihm ein Angebot unterbreitet. Im Falle der Auftragserteilung wird aus dem Angebot ein Auftrag.<\/p>\n<\/div>\n\n\n\n<div>\n<a href=\"https:\/\/www.ramses.de\/wp-content\/uploads\/DB03.jpg\"><img loading=\"lazy\" decoding=\"async\" width=\"1694\" height=\"1154\" class=\"gb-media-731c22a7\" src=\"https:\/\/www.ramses.de\/wp-content\/uploads\/DB03.jpg\" title=\"DB03\" alt=\"Auftr\u00e4ge\" srcset=\"https:\/\/www.ramses.de\/wp-content\/uploads\/DB03.jpg 1694w, https:\/\/www.ramses.de\/wp-content\/uploads\/DB03-300x204.jpg 300w, https:\/\/www.ramses.de\/wp-content\/uploads\/DB03-1024x698.jpg 1024w, https:\/\/www.ramses.de\/wp-content\/uploads\/DB03-768x523.jpg 768w, https:\/\/www.ramses.de\/wp-content\/uploads\/DB03-1536x1046.jpg 1536w\" sizes=\"auto, (max-width: 1694px) 100vw, 1694px\" \/><\/a>\n\n\n\n<h3 class=\"gb-text gbp-section__headline\">Auftr\u00e4ge<\/h3>\n\n\n\n<p class=\"gb-text gbp-section__text\">Die Auftragserstellung umfasst das Erzeugen der Belege sowie deren Abrechnung per Papier oder PDF. Eine Excel \u00dcbergabe vervollst\u00e4ndigt die M\u00f6glichkeiten in der Datenbank<\/p>\n<\/div>\n\n\n\n<div>\n<a href=\"https:\/\/www.ramses.de\/wp-content\/uploads\/DB06-1.jpg\"><img loading=\"lazy\" decoding=\"async\" width=\"2139\" height=\"1261\" class=\"gb-media-be0709d7\" src=\"https:\/\/www.ramses.de\/wp-content\/uploads\/DB06-1.jpg\" title=\"DB06\" alt=\"Auswertungen\" srcset=\"https:\/\/www.ramses.de\/wp-content\/uploads\/DB06-1.jpg 2139w, https:\/\/www.ramses.de\/wp-content\/uploads\/DB06-1-300x177.jpg 300w, https:\/\/www.ramses.de\/wp-content\/uploads\/DB06-1-1024x604.jpg 1024w, https:\/\/www.ramses.de\/wp-content\/uploads\/DB06-1-768x453.jpg 768w, https:\/\/www.ramses.de\/wp-content\/uploads\/DB06-1-1536x906.jpg 1536w, https:\/\/www.ramses.de\/wp-content\/uploads\/DB06-1-2048x1207.jpg 2048w\" sizes=\"auto, (max-width: 2139px) 100vw, 2139px\" \/><\/a>\n\n\n\n<h3 class=\"gb-text gbp-section__headline\">Auswertungen<\/h3>\n\n\n\n<p class=\"gb-text gbp-section__text\">Diverse Auswertungen und Statistiken bieten eine vielf\u00e4ltige Palette an schnellen M\u00f6glichkeiten sich einen \u00dcberblick zu verschaffen.<\/p>\n<\/div>\n<\/div>\n<\/div>\n\n\n\n<div class=\"gbp-section gb-element-54f74277\">\n<div class=\"gbp-section__inner gb-element-3c224739\">\n<div class=\"gb-element-f83a6a9e\">\n<p class=\"gb-text gbp-section__tagline\">Zentrale Aufgaben<\/p>\n\n\n\n<h2 class=\"gb-text gbp-section__headline\">Integrierte Benutzerverwaltung <\/h2>\n\n\n\n<ul class=\"gb-element-bd01496d\">\n<li class=\"gb-element-03da21eb\">\n<div class=\"gb-text gb-text-8bfe08bc\">User<\/div>\n\n\n\n<p class=\"gb-text gb-text-7648ac6b\">Anwenderverwaltung<\/p>\n<\/li>\n\n\n\n<li class=\"gb-element-6276855e\">\n<div class=\"gb-text gb-text-c864ded9\">Usergruppen<\/div>\n\n\n\n<p class=\"gb-text gb-text-8a4a88ec\">Rechterollen <\/p>\n<\/li>\n\n\n\n<li class=\"gb-element-8c9c18bd\">\n<div class=\"gb-text gb-text-5c960fb9\">Wiedervorlagen<\/div>\n\n\n\n<p class=\"gb-text gb-text-02a38ea9\">ToDo Listen zur Aufgabenverwaltung.<\/p>\n<\/li>\n\n\n\n<li class=\"gb-element-4d4ea20b\">\n<div class=\"gb-text gb-text-3007957f\">Stammdaten<\/div>\n\n\n\n<p class=\"gb-text gb-text-4fa11e37\">Zentrale Verwaltung wichtiger Werte und Informationen<\/p>\n<\/li>\n<\/ul>\n<\/div>\n\n\n\n<a href=\"https:\/\/www.ramses.de\/wp-content\/uploads\/DB05.jpg\"><img loading=\"lazy\" decoding=\"async\" width=\"1694\" height=\"1154\" class=\"gb-media-2fb18992\" src=\"https:\/\/www.ramses.de\/wp-content\/uploads\/DB05.jpg\" title=\"DB05\" alt=\"Stammdaten\" srcset=\"https:\/\/www.ramses.de\/wp-content\/uploads\/DB05.jpg 1694w, https:\/\/www.ramses.de\/wp-content\/uploads\/DB05-300x204.jpg 300w, https:\/\/www.ramses.de\/wp-content\/uploads\/DB05-1024x698.jpg 1024w, https:\/\/www.ramses.de\/wp-content\/uploads\/DB05-768x523.jpg 768w, https:\/\/www.ramses.de\/wp-content\/uploads\/DB05-1536x1046.jpg 1536w\" sizes=\"auto, (max-width: 1694px) 100vw, 1694px\" \/><\/a>\n<\/div>\n<\/div>\n","protected":false},"excerpt":{"rendered":"<p>Finanzverwaltung f\u00fcr den St\u00fctzpunkt H\u00f6lderlinstra\u00dfe Wenn die Arbeitssuche \u00fcber einen l\u00e4ngeren Zeitraum erfolglos bleibt, geht die Motivation h\u00e4ufig verloren. Ein weiteres Problem: Die berufliche Qualifikation &#8230; <a title=\"Finanzverwaltung\" class=\"read-more\" href=\"https:\/\/www.ramses.de\/?page_id=6910\" aria-label=\"Mehr Informationen \u00fcber Finanzverwaltung\">Weiterlesen &#8230;<\/a><\/p>\n","protected":false},"author":1,"featured_media":0,"parent":0,"menu_order":0,"comment_status":"closed","ping_status":"closed","template":"","meta":{"footnotes":""},"class_list":["post-6910","page","type-page","status-publish"],"_links":{"self":[{"href":"https:\/\/www.ramses.de\/index.php?rest_route=\/wp\/v2\/pages\/6910","targetHints":{"allow":["GET"]}}],"collection":[{"href":"https:\/\/www.ramses.de\/index.php?rest_route=\/wp\/v2\/pages"}],"about":[{"href":"https:\/\/www.ramses.de\/index.php?rest_route=\/wp\/v2\/types\/page"}],"author":[{"embeddable":true,"href":"https:\/\/www.ramses.de\/index.php?rest_route=\/wp\/v2\/users\/1"}],"replies":[{"embeddable":true,"href":"https:\/\/www.ramses.de\/index.php?rest_route=%2Fwp%2Fv2%2Fcomments&post=6910"}],"version-history":[{"count":10,"href":"https:\/\/www.ramses.de\/index.php?rest_route=\/wp\/v2\/pages\/6910\/revisions"}],"predecessor-version":[{"id":7367,"href":"https:\/\/www.ramses.de\/index.php?rest_route=\/wp\/v2\/pages\/6910\/revisions\/7367"}],"wp:attachment":[{"href":"https:\/\/www.ramses.de\/index.php?rest_route=%2Fwp%2Fv2%2Fmedia&parent=6910"}],"curies":[{"name":"wp","href":"https:\/\/api.w.org\/{rel}","templated":true}]}}